{"id":91819,"date":"2019-07-11T13:58:39","date_gmt":"2019-07-11T13:58:39","guid":{"rendered":"https:\/\/www.3p-gmbh.de\/produkt\/maquina-de-ranhurar-e-perfurar-bickel-hk-3-61\/"},"modified":"2019-07-11T13:58:39","modified_gmt":"2019-07-11T13:58:39","slug":"perfurador-de-ranhuras-4","status":"publish","type":"product","link":"https:\/\/www.3p-gmbh.de\/pt-br\/produkt\/perfurador-de-ranhuras-4\/","title":{"rendered":"M\u00e1quina de ranhurar e perfurar Bickel HK 3-61"},"content":{"rendered":"<p>Esta m\u00e1quina com uma largura de trabalho de 61 cm \u00e9 utilizada para trabalhos econ\u00f3micos de perfura\u00e7\u00e3o ou ranhura. O processo de perfura\u00e7\u00e3o \u00e9 efectuado atrav\u00e9s de uma embraiagem controlada eletricamente e accionada pelo p\u00e9. Isto deixa as duas m\u00e3os livres para aplicar e alinhar os arcos. Os acess\u00f3rios incluem um pente de ranhurar, bem como uma ferramenta de ranhurar incorporada e v\u00e1rios batentes.<\/p>\n","protected":false},"excerpt":{"rendered":"<p>Esta m\u00e1quina com uma largura de trabalho de 61 cm \u00e9 utilizada para trabalhos econ\u00f3micos de perfura\u00e7\u00e3o ou ranhura. O processo de perfura\u00e7\u00e3o \u00e9 efectuado atrav\u00e9s de uma embraiagem controlada eletricamente e accionada pelo p\u00e9. Isto deixa as duas m\u00e3os livres para aplicar e alinhar os arcos. Os acess\u00f3rios incluem um pente de ranhurar, bem [&hellip;]<\/p>\n","protected":false},"featured_media":69342,"template":"","meta":[],"product_brand":[],"product_cat":[2962],"product_tag":[],"class_list":{"0":"post-91819","1":"product","2":"type-product","3":"status-publish","4":"has-post-thumbnail","6":"product_cat-maquinas-de-ranhurar-e-de-perfurar","7":"pa_baujahr-1314","8":"pa_hersteller-bickel","9":"pa_typ-hk-3-61","11":"first","12":"instock","13":"sold-individually","14":"taxable","15":"shipping-taxable","16":"purchasable","17":"product-type-simple"},"jetpack_sharing_enabled":true,"_links":{"self":[{"href":"https:\/\/www.3p-gmbh.de\/pt-br\/wp-json\/wp\/v2\/product\/91819","targetHints":{"allow":["GET"]}}],"collection":[{"href":"https:\/\/www.3p-gmbh.de\/pt-br\/wp-json\/wp\/v2\/product"}],"about":[{"href":"https:\/\/www.3p-gmbh.de\/pt-br\/wp-json\/wp\/v2\/types\/product"}],"wp:featuredmedia":[{"embeddable":true,"href":"https:\/\/www.3p-gmbh.de\/pt-br\/wp-json\/wp\/v2\/media\/69342"}],"wp:attachment":[{"href":"https:\/\/www.3p-gmbh.de\/pt-br\/wp-json\/wp\/v2\/media?parent=91819"}],"wp:term":[{"taxonomy":"product_brand","embeddable":true,"href":"https:\/\/www.3p-gmbh.de\/pt-br\/wp-json\/wp\/v2\/product_brand?post=91819"},{"taxonomy":"product_cat","embeddable":true,"href":"https:\/\/www.3p-gmbh.de\/pt-br\/wp-json\/wp\/v2\/product_cat?post=91819"},{"taxonomy":"product_tag","embeddable":true,"href":"https:\/\/www.3p-gmbh.de\/pt-br\/wp-json\/wp\/v2\/product_tag?post=91819"}],"curies":[{"name":"wp","href":"https:\/\/api.w.org\/{rel}","templated":true}]}}