{"id":91805,"date":"2019-07-11T13:58:39","date_gmt":"2019-07-11T13:58:39","guid":{"rendered":"https:\/\/www.3p-gmbh.de\/produkt\/maquina-de-vincar-e-perfurar-ernst-nagel-morgana-auto-creaser-33\/"},"modified":"2019-07-11T13:58:39","modified_gmt":"2019-07-11T13:58:39","slug":"maquina-automatica-para-efetuar-ranhuras-e-perfuracoes","status":"publish","type":"product","link":"https:\/\/www.3p-gmbh.de\/pt-br\/produkt\/maquina-automatica-para-efetuar-ranhuras-e-perfuracoes\/","title":{"rendered":"M\u00e1quina de vincar e perfurar Ernst Nagel\/Morgana Auto Creaser 33"},"content":{"rendered":"<p>A m\u00e1quina processa formatos de papel com 33 cm de largura de alimenta\u00e7\u00e3o e at\u00e9 100 cm de comprimento, utilizando a tecnologia comprovada de barra de vinco versus ranhura de vinco. O material \u00e9 suavemente comprimido durante o processo de vinco, o que evita que a tinta se solte ou que o material se rasgue durante a dobragem. O papel \u00e9 alimentado por um sistema de sopro e suc\u00e7\u00e3o de ar, que evita riscar o material sens\u00edvel.<\/p>\n<p>Gama de aplica\u00e7\u00f5es: impress\u00f5es digitais sens\u00edveis, pap\u00e9is revestidos a mate, cart\u00e3o, material com sentido de marcha errado, material impresso lacado, material laminado, capas de brochuras e muito mais.<\/p>\n<p>A perfura\u00e7\u00e3o e o corte ao longo do sentido de marcha s\u00e3o poss\u00edveis com ferramentas auxiliares rotativas.<\/p>\n<p>Dados t\u00e9cnicos<br \/>\nLargura de trabalho 35 cm<br \/>\nComprimento de trabalho 100 cm<br \/>\nGramagem de papel recomendada 70 &#8211; 350 g\/m2<br \/>\nMem\u00f3ria de programas 9<br \/>\nVincos por folha m\u00e1x. 16<br \/>\nTamanho m\u00e1ximo do papel. &#8211; com alimenta\u00e7\u00e3o manual 1.000 x 520 mm<br \/>\nTamanho m\u00e1ximo do papel. &#8211; para autom. Alimenta\u00e7\u00e3o 700 x 520 mm<br \/>\nTamanho do papel m\u00edn. 140 x 210 mm<br \/>\nVelocidade at\u00e9 6.500 (folhas\/hora)<br \/>\nMin. Dist\u00e2ncia de enrugamento 4 mm<br \/>\nMin. Dist\u00e2ncia entre o vinco e o bordo de ataque 25 mm<br \/>\nMin. Dist\u00e2ncia entre o vinco e o bordo posterior da folha 20 mm<\/p>\n","protected":false},"excerpt":{"rendered":"<p>A m\u00e1quina processa formatos de papel com 33 cm de largura de alimenta\u00e7\u00e3o e at\u00e9 100 cm de comprimento, utilizando a tecnologia comprovada de barra de vinco versus ranhura de vinco. O material \u00e9 suavemente comprimido durante o processo de vinco, o que evita que a tinta se solte ou que o material se rasgue [&hellip;]<\/p>\n","protected":false},"featured_media":69318,"template":"","meta":[],"product_brand":[],"product_cat":[2962],"product_tag":[],"class_list":{"0":"post-91805","1":"product","2":"type-product","3":"status-publish","4":"has-post-thumbnail","6":"product_cat-maquinas-de-ranhurar-e-de-perfurar","7":"pa_baujahr-182","8":"pa_hersteller-ernst-nagel-morgana","9":"pa_typ-auto-rillnak-33","11":"first","12":"instock","13":"sold-individually","14":"taxable","15":"shipping-taxable","16":"purchasable","17":"product-type-simple"},"jetpack_sharing_enabled":true,"_links":{"self":[{"href":"https:\/\/www.3p-gmbh.de\/pt-br\/wp-json\/wp\/v2\/product\/91805","targetHints":{"allow":["GET"]}}],"collection":[{"href":"https:\/\/www.3p-gmbh.de\/pt-br\/wp-json\/wp\/v2\/product"}],"about":[{"href":"https:\/\/www.3p-gmbh.de\/pt-br\/wp-json\/wp\/v2\/types\/product"}],"wp:featuredmedia":[{"embeddable":true,"href":"https:\/\/www.3p-gmbh.de\/pt-br\/wp-json\/wp\/v2\/media\/69318"}],"wp:attachment":[{"href":"https:\/\/www.3p-gmbh.de\/pt-br\/wp-json\/wp\/v2\/media?parent=91805"}],"wp:term":[{"taxonomy":"product_brand","embeddable":true,"href":"https:\/\/www.3p-gmbh.de\/pt-br\/wp-json\/wp\/v2\/product_brand?post=91805"},{"taxonomy":"product_cat","embeddable":true,"href":"https:\/\/www.3p-gmbh.de\/pt-br\/wp-json\/wp\/v2\/product_cat?post=91805"},{"taxonomy":"product_tag","embeddable":true,"href":"https:\/\/www.3p-gmbh.de\/pt-br\/wp-json\/wp\/v2\/product_tag?post=91805"}],"curies":[{"name":"wp","href":"https:\/\/api.w.org\/{rel}","templated":true}]}}