{"id":91795,"date":"2019-07-11T13:58:39","date_gmt":"2019-07-11T13:58:39","guid":{"rendered":"https:\/\/www.3p-gmbh.de\/produkt\/maquina-perfuradora-de-papel-de-bancada-constantin-hang-136-d\/"},"modified":"2019-07-11T13:58:39","modified_gmt":"2019-07-11T13:58:39","slug":"maquina-de-perfuracao-de-papel-de-mesa","status":"publish","type":"product","link":"https:\/\/www.3p-gmbh.de\/pt-br\/produkt\/maquina-de-perfuracao-de-papel-de-mesa\/","title":{"rendered":"M\u00e1quina perfuradora de papel de bancada Constantin Hang 136-D"},"content":{"rendered":"<p>&#8211; 2 cabe\u00e7as de perfura\u00e7\u00e3o com espa\u00e7amento fixo para furos de limagem<br \/>\n&#8211; Paragem lateral atrav\u00e9s de an\u00e9is de ajuste do tabulador<br \/>\n&#8211; Limitador de profundidade atrav\u00e9s da mesa graduada<br \/>\n&#8211; Baixar o berbequim atrav\u00e9s de uma alavanca manual<br \/>\n&#8211; Altura de empilhamento 50mm<br \/>\n&#8211; Di\u00e2metro do furo 2 &#8211; 14 mm<br \/>\n&#8211; 380V<\/p>\n","protected":false},"excerpt":{"rendered":"<p>&#8211; 2 cabe\u00e7as de perfura\u00e7\u00e3o com espa\u00e7amento fixo para furos de limagem &#8211; Paragem lateral atrav\u00e9s de an\u00e9is de ajuste do tabulador &#8211; Limitador de profundidade atrav\u00e9s da mesa graduada &#8211; Baixar o berbequim atrav\u00e9s de uma alavanca manual &#8211; Altura de empilhamento 50mm &#8211; Di\u00e2metro do furo 2 &#8211; 14 mm &#8211; 380V<\/p>\n","protected":false},"featured_media":69291,"template":"","meta":[],"product_brand":[],"product_cat":[2958],"product_tag":[],"class_list":{"0":"post-91795","1":"product","2":"type-product","3":"status-publish","4":"has-post-thumbnail","6":"product_cat-brocas-de-papel","7":"pa_hersteller-constantin-hang","8":"pa_typ-136-d","10":"first","11":"instock","12":"sold-individually","13":"taxable","14":"shipping-taxable","15":"purchasable","16":"product-type-simple"},"jetpack_sharing_enabled":true,"_links":{"self":[{"href":"https:\/\/www.3p-gmbh.de\/pt-br\/wp-json\/wp\/v2\/product\/91795","targetHints":{"allow":["GET"]}}],"collection":[{"href":"https:\/\/www.3p-gmbh.de\/pt-br\/wp-json\/wp\/v2\/product"}],"about":[{"href":"https:\/\/www.3p-gmbh.de\/pt-br\/wp-json\/wp\/v2\/types\/product"}],"wp:featuredmedia":[{"embeddable":true,"href":"https:\/\/www.3p-gmbh.de\/pt-br\/wp-json\/wp\/v2\/media\/69291"}],"wp:attachment":[{"href":"https:\/\/www.3p-gmbh.de\/pt-br\/wp-json\/wp\/v2\/media?parent=91795"}],"wp:term":[{"taxonomy":"product_brand","embeddable":true,"href":"https:\/\/www.3p-gmbh.de\/pt-br\/wp-json\/wp\/v2\/product_brand?post=91795"},{"taxonomy":"product_cat","embeddable":true,"href":"https:\/\/www.3p-gmbh.de\/pt-br\/wp-json\/wp\/v2\/product_cat?post=91795"},{"taxonomy":"product_tag","embeddable":true,"href":"https:\/\/www.3p-gmbh.de\/pt-br\/wp-json\/wp\/v2\/product_tag?post=91795"}],"curies":[{"name":"wp","href":"https:\/\/api.w.org\/{rel}","templated":true}]}}