{"id":91793,"date":"2019-07-11T13:58:39","date_gmt":"2019-07-11T13:58:39","guid":{"rendered":"https:\/\/www.3p-gmbh.de\/produkt\/maquina-de-ranhurar-e-perfurar-bickel-hk-3-68\/"},"modified":"2019-07-11T13:58:39","modified_gmt":"2019-07-11T13:58:39","slug":"maquina-de-perfuracao-de-ranhuras-2","status":"publish","type":"product","link":"https:\/\/www.3p-gmbh.de\/pt-br\/produkt\/maquina-de-perfuracao-de-ranhuras-2\/","title":{"rendered":"M\u00e1quina de ranhurar e perfurar Bickel HK 3-68"},"content":{"rendered":"<p>Com uma largura de trabalho de 68 cm, a m\u00e1quina \u00e9 utilizada para trabalhos econ\u00f3micos de perfura\u00e7\u00e3o ou ranhura. O processo de perfura\u00e7\u00e3o \u00e9 efectuado atrav\u00e9s de uma embraiagem controlada eletricamente e accionada pelo p\u00e9. Isto deixa as duas m\u00e3os livres para aplicar e alinhar os arcos.<\/p>\n<p>Acess\u00f3rios<br \/>\n1 pente perfurador de 1 mm<br \/>\n1 pente de ranhuras rotativo de 1 e 2 mm<br \/>\n1 pente para encaderna\u00e7\u00e3o de espirais com di\u00e2metro de 4 mm<br \/>\n1 pente de passo 3:1 calend\u00e1rio 4x4mm dividido para utiliza\u00e7\u00e3o dupla<\/p>\n<p>&#8211; Lubrifica\u00e7\u00e3o central<br \/>\n&#8211; 380 V<\/p>\n","protected":false},"excerpt":{"rendered":"<p>Com uma largura de trabalho de 68 cm, a m\u00e1quina \u00e9 utilizada para trabalhos econ\u00f3micos de perfura\u00e7\u00e3o ou ranhura. O processo de perfura\u00e7\u00e3o \u00e9 efectuado atrav\u00e9s de uma embraiagem controlada eletricamente e accionada pelo p\u00e9. Isto deixa as duas m\u00e3os livres para aplicar e alinhar os arcos. Acess\u00f3rios 1 pente perfurador de 1 mm 1 [&hellip;]<\/p>\n","protected":false},"featured_media":69264,"template":"","meta":[],"product_brand":[],"product_cat":[2962],"product_tag":[],"class_list":{"0":"post-91793","1":"product","2":"type-product","3":"status-publish","4":"has-post-thumbnail","6":"product_cat-maquinas-de-ranhurar-e-de-perfurar","7":"pa_baujahr-266","8":"pa_hersteller-bickel","9":"pa_typ-hk-3-68","11":"first","12":"instock","13":"sold-individually","14":"taxable","15":"shipping-taxable","16":"purchasable","17":"product-type-simple"},"jetpack_sharing_enabled":true,"_links":{"self":[{"href":"https:\/\/www.3p-gmbh.de\/pt-br\/wp-json\/wp\/v2\/product\/91793","targetHints":{"allow":["GET"]}}],"collection":[{"href":"https:\/\/www.3p-gmbh.de\/pt-br\/wp-json\/wp\/v2\/product"}],"about":[{"href":"https:\/\/www.3p-gmbh.de\/pt-br\/wp-json\/wp\/v2\/types\/product"}],"wp:featuredmedia":[{"embeddable":true,"href":"https:\/\/www.3p-gmbh.de\/pt-br\/wp-json\/wp\/v2\/media\/69264"}],"wp:attachment":[{"href":"https:\/\/www.3p-gmbh.de\/pt-br\/wp-json\/wp\/v2\/media?parent=91793"}],"wp:term":[{"taxonomy":"product_brand","embeddable":true,"href":"https:\/\/www.3p-gmbh.de\/pt-br\/wp-json\/wp\/v2\/product_brand?post=91793"},{"taxonomy":"product_cat","embeddable":true,"href":"https:\/\/www.3p-gmbh.de\/pt-br\/wp-json\/wp\/v2\/product_cat?post=91793"},{"taxonomy":"product_tag","embeddable":true,"href":"https:\/\/www.3p-gmbh.de\/pt-br\/wp-json\/wp\/v2\/product_tag?post=91793"}],"curies":[{"name":"wp","href":"https:\/\/api.w.org\/{rel}","templated":true}]}}