{"id":91789,"date":"2019-07-11T13:58:39","date_gmt":"2019-07-11T13:58:39","guid":{"rendered":"https:\/\/www.3p-gmbh.de\/produkt\/maquina-de-ranhurar-e-perfurar-foellmer-expo\/"},"modified":"2019-07-11T13:58:39","modified_gmt":"2019-07-11T13:58:39","slug":"maquina-de-perfuracao-de-ranhuras-manuais","status":"publish","type":"product","link":"https:\/\/www.3p-gmbh.de\/pt-br\/produkt\/maquina-de-perfuracao-de-ranhuras-manuais\/","title":{"rendered":"M\u00e1quina de ranhurar e perfurar Foellmer Expo"},"content":{"rendered":"<p>&#8211; Formato da caixa de arruma\u00e7\u00e3o: 530 x 300 mm<br \/>\n&#8211; Pente para ranhurar com 50 cm de largura de trabalho, estreito com ranhura pontiaguda: Largura da ranhura 1 + 2 mm (rotativo)<br \/>\n&#8211; Batente frontal e lateral<br \/>\n&#8211; Largura de trabalho: 45 cm (DIN A3)<br \/>\n&#8211; Tamanho da mesa: 60 x 35 cm<br \/>\n&#8211; Sa\u00edda: 10 &#8211; 20 folhas (consoante o material)<br \/>\n&#8211; Altura do encaixe: 2,5 mm<br \/>\n&#8211; Espa\u00e7o necess\u00e1rio em mm: C 1000 x L 600 x A 320<br \/>\n&#8211; Peso 57 kg<\/p>\n","protected":false},"excerpt":{"rendered":"<p>&#8211; Formato da caixa de arruma\u00e7\u00e3o: 530 x 300 mm &#8211; Pente para ranhurar com 50 cm de largura de trabalho, estreito com ranhura pontiaguda: Largura da ranhura 1 + 2 mm (rotativo) &#8211; Batente frontal e lateral &#8211; Largura de trabalho: 45 cm (DIN A3) &#8211; Tamanho da mesa: 60 x 35 cm &#8211; [&hellip;]<\/p>\n","protected":false},"featured_media":69240,"template":"","meta":[],"product_brand":[],"product_cat":[2962],"product_tag":[],"class_list":{"0":"post-91789","1":"product","2":"type-product","3":"status-publish","4":"has-post-thumbnail","6":"product_cat-maquinas-de-ranhurar-e-de-perfurar","7":"pa_hersteller-josef-foellmer","8":"pa_typ-expo","10":"first","11":"instock","12":"sold-individually","13":"taxable","14":"shipping-taxable","15":"purchasable","16":"product-type-simple"},"jetpack_sharing_enabled":true,"_links":{"self":[{"href":"https:\/\/www.3p-gmbh.de\/pt-br\/wp-json\/wp\/v2\/product\/91789","targetHints":{"allow":["GET"]}}],"collection":[{"href":"https:\/\/www.3p-gmbh.de\/pt-br\/wp-json\/wp\/v2\/product"}],"about":[{"href":"https:\/\/www.3p-gmbh.de\/pt-br\/wp-json\/wp\/v2\/types\/product"}],"wp:featuredmedia":[{"embeddable":true,"href":"https:\/\/www.3p-gmbh.de\/pt-br\/wp-json\/wp\/v2\/media\/69240"}],"wp:attachment":[{"href":"https:\/\/www.3p-gmbh.de\/pt-br\/wp-json\/wp\/v2\/media?parent=91789"}],"wp:term":[{"taxonomy":"product_brand","embeddable":true,"href":"https:\/\/www.3p-gmbh.de\/pt-br\/wp-json\/wp\/v2\/product_brand?post=91789"},{"taxonomy":"product_cat","embeddable":true,"href":"https:\/\/www.3p-gmbh.de\/pt-br\/wp-json\/wp\/v2\/product_cat?post=91789"},{"taxonomy":"product_tag","embeddable":true,"href":"https:\/\/www.3p-gmbh.de\/pt-br\/wp-json\/wp\/v2\/product_tag?post=91789"}],"curies":[{"name":"wp","href":"https:\/\/api.w.org\/{rel}","templated":true}]}}