{"id":91779,"date":"2019-07-11T13:58:39","date_gmt":"2019-07-11T13:58:39","guid":{"rendered":"https:\/\/www.3p-gmbh.de\/produkt\/busch-sw-104-l-bate-estacas\/"},"modified":"2019-07-11T13:58:39","modified_gmt":"2019-07-11T13:58:39","slug":"empilhador-8","status":"publish","type":"product","link":"https:\/\/www.3p-gmbh.de\/pt-br\/produkt\/empilhador-8\/","title":{"rendered":"Busch SW 104 L Bate-estacas"},"content":{"rendered":"<p>com garfos de suporte ajust\u00e1veis e ventila\u00e7\u00e3o com bocais de ar m\u00f3veis em posi\u00e7\u00e3o de 90<br \/>\nLargura da palete 80-118cm<br \/>\nAltura de empilhamento incl. Paletes 50-140cm<br \/>\nCapacidade de carga 1000kg<br \/>\nTempo de rota\u00e7\u00e3o aprox. 30 seg.<br \/>\nTempo de fecho e abertura em fun\u00e7\u00e3o da altura da palete 0-25 seg.<br \/>\nDimens\u00f5es C 240 x L 160 x A 140 cm<br \/>\nPeso l\u00edquido 860 kg<\/p>\n","protected":false},"excerpt":{"rendered":"<p>com garfos de suporte ajust\u00e1veis e ventila\u00e7\u00e3o com bocais de ar m\u00f3veis em posi\u00e7\u00e3o de 90 Largura da palete 80-118cm Altura de empilhamento incl. Paletes 50-140cm Capacidade de carga 1000kg Tempo de rota\u00e7\u00e3o aprox. 30 seg. Tempo de fecho e abertura em fun\u00e7\u00e3o da altura da palete 0-25 seg. Dimens\u00f5es C 240 x L 160 [&hellip;]<\/p>\n","protected":false},"featured_media":69234,"template":"","meta":[],"product_brand":[],"product_cat":[2897],"product_tag":[],"class_list":{"0":"post-91779","1":"product","2":"type-product","3":"status-publish","4":"has-post-thumbnail","6":"product_cat-virador-de-estacas","7":"pa_baujahr-262","8":"pa_hersteller-busch","9":"pa_typ-sw-104-l","11":"first","12":"instock","13":"sold-individually","14":"taxable","15":"shipping-taxable","16":"purchasable","17":"product-type-simple"},"jetpack_sharing_enabled":true,"_links":{"self":[{"href":"https:\/\/www.3p-gmbh.de\/pt-br\/wp-json\/wp\/v2\/product\/91779","targetHints":{"allow":["GET"]}}],"collection":[{"href":"https:\/\/www.3p-gmbh.de\/pt-br\/wp-json\/wp\/v2\/product"}],"about":[{"href":"https:\/\/www.3p-gmbh.de\/pt-br\/wp-json\/wp\/v2\/types\/product"}],"wp:featuredmedia":[{"embeddable":true,"href":"https:\/\/www.3p-gmbh.de\/pt-br\/wp-json\/wp\/v2\/media\/69234"}],"wp:attachment":[{"href":"https:\/\/www.3p-gmbh.de\/pt-br\/wp-json\/wp\/v2\/media?parent=91779"}],"wp:term":[{"taxonomy":"product_brand","embeddable":true,"href":"https:\/\/www.3p-gmbh.de\/pt-br\/wp-json\/wp\/v2\/product_brand?post=91779"},{"taxonomy":"product_cat","embeddable":true,"href":"https:\/\/www.3p-gmbh.de\/pt-br\/wp-json\/wp\/v2\/product_cat?post=91779"},{"taxonomy":"product_tag","embeddable":true,"href":"https:\/\/www.3p-gmbh.de\/pt-br\/wp-json\/wp\/v2\/product_tag?post=91779"}],"curies":[{"name":"wp","href":"https:\/\/api.w.org\/{rel}","templated":true}]}}