{"id":91775,"date":"2019-07-11T13:58:39","date_gmt":"2019-07-11T13:58:39","guid":{"rendered":"https:\/\/www.3p-gmbh.de\/produkt\/rachner-rd-800-virador-de-estacas\/"},"modified":"2019-07-11T13:58:39","modified_gmt":"2019-07-11T13:58:39","slug":"revolvedor-de-pilhas-7","status":"publish","type":"product","link":"https:\/\/www.3p-gmbh.de\/pt-br\/produkt\/revolvedor-de-pilhas-7\/","title":{"rendered":"Rachner RD 800 Virador de estacas"},"content":{"rendered":"<p>&#8211; com ventila\u00e7\u00e3o por ventilador com controlo de frequ\u00eancia<br \/>\n&#8211; Plataforma 600x900mm<br \/>\n&#8211; m\u00e1ximo. Abertura 1330mm<br \/>\n&#8211; min. Abertura 565mm<br \/>\n&#8211; Dimens\u00e3o L 1900 x L 1100<br \/>\n&#8211; Di\u00e2metro de oscila\u00e7\u00e3o 1600mm<\/p>\n","protected":false},"excerpt":{"rendered":"<p>&#8211; com ventila\u00e7\u00e3o por ventilador com controlo de frequ\u00eancia &#8211; Plataforma 600x900mm &#8211; m\u00e1ximo. Abertura 1330mm &#8211; min. Abertura 565mm &#8211; Dimens\u00e3o L 1900 x L 1100 &#8211; Di\u00e2metro de oscila\u00e7\u00e3o 1600mm<\/p>\n","protected":false},"featured_media":69225,"template":"","meta":[],"product_brand":[],"product_cat":[2897],"product_tag":[],"class_list":{"0":"post-91775","1":"product","2":"type-product","3":"status-publish","4":"has-post-thumbnail","6":"product_cat-virador-de-estacas","7":"pa_baujahr-188","8":"pa_hersteller-manfred-rachner","9":"pa_typ-rd-800","11":"first","12":"instock","13":"sold-individually","14":"taxable","15":"shipping-taxable","16":"purchasable","17":"product-type-simple"},"jetpack_sharing_enabled":true,"_links":{"self":[{"href":"https:\/\/www.3p-gmbh.de\/pt-br\/wp-json\/wp\/v2\/product\/91775","targetHints":{"allow":["GET"]}}],"collection":[{"href":"https:\/\/www.3p-gmbh.de\/pt-br\/wp-json\/wp\/v2\/product"}],"about":[{"href":"https:\/\/www.3p-gmbh.de\/pt-br\/wp-json\/wp\/v2\/types\/product"}],"wp:featuredmedia":[{"embeddable":true,"href":"https:\/\/www.3p-gmbh.de\/pt-br\/wp-json\/wp\/v2\/media\/69225"}],"wp:attachment":[{"href":"https:\/\/www.3p-gmbh.de\/pt-br\/wp-json\/wp\/v2\/media?parent=91775"}],"wp:term":[{"taxonomy":"product_brand","embeddable":true,"href":"https:\/\/www.3p-gmbh.de\/pt-br\/wp-json\/wp\/v2\/product_brand?post=91775"},{"taxonomy":"product_cat","embeddable":true,"href":"https:\/\/www.3p-gmbh.de\/pt-br\/wp-json\/wp\/v2\/product_cat?post=91775"},{"taxonomy":"product_tag","embeddable":true,"href":"https:\/\/www.3p-gmbh.de\/pt-br\/wp-json\/wp\/v2\/product_tag?post=91775"}],"curies":[{"name":"wp","href":"https:\/\/api.w.org\/{rel}","templated":true}]}}