{"id":91771,"date":"2019-07-11T13:58:39","date_gmt":"2019-07-11T13:58:39","guid":{"rendered":"https:\/\/www.3p-gmbh.de\/produkt\/empilhador-hunkeler-as-1000\/"},"modified":"2019-07-11T13:58:39","modified_gmt":"2019-07-11T13:58:39","slug":"empilhador-3","status":"publish","type":"product","link":"https:\/\/www.3p-gmbh.de\/pt-br\/produkt\/empilhador-3\/","title":{"rendered":"Empilhador Hunkeler AS-1000"},"content":{"rendered":"<p>&#8211; Capacidade de carga 1000 kg<br \/>\n&#8211; Curso m\u00e1x. 700 mm, ajust\u00e1vel<br \/>\n&#8211; atrav\u00e9s de interrutor de p\u00e9 ou interrutor manual no modo de ponta<br \/>\n&#8211; Tamanho da palete 800&#215;1200<br \/>\n&#8211; duas placas de paragem ajust\u00e1veis 110x61cm e 650x61cm<br \/>\n&#8211; 380V 0,37 KW<br \/>\n&#8211; Utiliza\u00e7\u00e3o: por detr\u00e1s de m\u00e1quinas de dobragem, costureiras de sela para coloca\u00e7\u00e3o exacta de embalagens em paletes<\/p>\n","protected":false},"excerpt":{"rendered":"<p>&#8211; Capacidade de carga 1000 kg &#8211; Curso m\u00e1x. 700 mm, ajust\u00e1vel &#8211; atrav\u00e9s de interrutor de p\u00e9 ou interrutor manual no modo de ponta &#8211; Tamanho da palete 800&#215;1200 &#8211; duas placas de paragem ajust\u00e1veis 110x61cm e 650x61cm &#8211; 380V 0,37 KW &#8211; Utiliza\u00e7\u00e3o: por detr\u00e1s de m\u00e1quinas de dobragem, costureiras de sela para [&hellip;]<\/p>\n","protected":false},"featured_media":69213,"template":"","meta":[],"product_brand":[],"product_cat":[2978],"product_tag":[],"class_list":{"0":"post-91771","1":"product","2":"type-product","3":"status-publish","4":"has-post-thumbnail","6":"product_cat-elevadores-de-pilha-e-elevadores-de-pilha","7":"pa_hersteller-hunkeler","8":"pa_typ-as-1000","10":"first","11":"instock","12":"sold-individually","13":"taxable","14":"shipping-taxable","15":"purchasable","16":"product-type-simple"},"jetpack_sharing_enabled":true,"_links":{"self":[{"href":"https:\/\/www.3p-gmbh.de\/pt-br\/wp-json\/wp\/v2\/product\/91771","targetHints":{"allow":["GET"]}}],"collection":[{"href":"https:\/\/www.3p-gmbh.de\/pt-br\/wp-json\/wp\/v2\/product"}],"about":[{"href":"https:\/\/www.3p-gmbh.de\/pt-br\/wp-json\/wp\/v2\/types\/product"}],"wp:featuredmedia":[{"embeddable":true,"href":"https:\/\/www.3p-gmbh.de\/pt-br\/wp-json\/wp\/v2\/media\/69213"}],"wp:attachment":[{"href":"https:\/\/www.3p-gmbh.de\/pt-br\/wp-json\/wp\/v2\/media?parent=91771"}],"wp:term":[{"taxonomy":"product_brand","embeddable":true,"href":"https:\/\/www.3p-gmbh.de\/pt-br\/wp-json\/wp\/v2\/product_brand?post=91771"},{"taxonomy":"product_cat","embeddable":true,"href":"https:\/\/www.3p-gmbh.de\/pt-br\/wp-json\/wp\/v2\/product_cat?post=91771"},{"taxonomy":"product_tag","embeddable":true,"href":"https:\/\/www.3p-gmbh.de\/pt-br\/wp-json\/wp\/v2\/product_tag?post=91771"}],"curies":[{"name":"wp","href":"https:\/\/api.w.org\/{rel}","templated":true}]}}