{"id":91769,"date":"2019-07-11T13:58:39","date_gmt":"2019-07-11T13:58:39","guid":{"rendered":"https:\/\/www.3p-gmbh.de\/produkt\/maquina-de-perfuracao-de-papel-ernst-nagel-citoborma-280-ab\/"},"modified":"2019-07-11T13:58:39","modified_gmt":"2019-07-11T13:58:39","slug":"maquina-de-perfuracao-de-papel-2","status":"publish","type":"product","link":"https:\/\/www.3p-gmbh.de\/pt-br\/produkt\/maquina-de-perfuracao-de-papel-2\/","title":{"rendered":"M\u00e1quina de perfura\u00e7\u00e3o de papel Ernst Nagel Citoborma 280 AB"},"content":{"rendered":"<p>&#8211; Constru\u00e7\u00e3o de p\u00f3rtico resistente \u00e0 tor\u00e7\u00e3o para precis\u00e3o e durabilidade<br \/>\n&#8211; Liberta\u00e7\u00e3o do p\u00e9<br \/>\n&#8211; Altura de empilhamento 60mm Profundidade de inser\u00e7\u00e3o aprox. 100 mm atr\u00e1s das brocas<br \/>\n&#8211; Largura de inser\u00e7\u00e3o 480 mm<br \/>\n&#8211; Compensa\u00e7\u00e3o do comprimento da broca Di\u00e2metro do furo 2 &#8211; 20 mm<br \/>\n&#8211; 2 cabe\u00e7as de perfura\u00e7\u00e3o com espa\u00e7amento ajust\u00e1vel<br \/>\n&#8211; Eleva\u00e7\u00e3o autom\u00e1tica da mesa<\/p>\n","protected":false},"excerpt":{"rendered":"<p>&#8211; Constru\u00e7\u00e3o de p\u00f3rtico resistente \u00e0 tor\u00e7\u00e3o para precis\u00e3o e durabilidade &#8211; Liberta\u00e7\u00e3o do p\u00e9 &#8211; Altura de empilhamento 60mm Profundidade de inser\u00e7\u00e3o aprox. 100 mm atr\u00e1s das brocas &#8211; Largura de inser\u00e7\u00e3o 480 mm &#8211; Compensa\u00e7\u00e3o do comprimento da broca Di\u00e2metro do furo 2 &#8211; 20 mm &#8211; 2 cabe\u00e7as de perfura\u00e7\u00e3o com espa\u00e7amento [&hellip;]<\/p>\n","protected":false},"featured_media":69204,"template":"","meta":[],"product_brand":[],"product_cat":[2958],"product_tag":[],"class_list":{"0":"post-91769","1":"product","2":"type-product","3":"status-publish","4":"has-post-thumbnail","6":"product_cat-brocas-de-papel","7":"pa_baujahr-123","8":"pa_hersteller-ernst-nagel","9":"pa_typ-280-ab","11":"first","12":"instock","13":"sold-individually","14":"taxable","15":"shipping-taxable","16":"purchasable","17":"product-type-simple"},"jetpack_sharing_enabled":true,"_links":{"self":[{"href":"https:\/\/www.3p-gmbh.de\/pt-br\/wp-json\/wp\/v2\/product\/91769","targetHints":{"allow":["GET"]}}],"collection":[{"href":"https:\/\/www.3p-gmbh.de\/pt-br\/wp-json\/wp\/v2\/product"}],"about":[{"href":"https:\/\/www.3p-gmbh.de\/pt-br\/wp-json\/wp\/v2\/types\/product"}],"wp:featuredmedia":[{"embeddable":true,"href":"https:\/\/www.3p-gmbh.de\/pt-br\/wp-json\/wp\/v2\/media\/69204"}],"wp:attachment":[{"href":"https:\/\/www.3p-gmbh.de\/pt-br\/wp-json\/wp\/v2\/media?parent=91769"}],"wp:term":[{"taxonomy":"product_brand","embeddable":true,"href":"https:\/\/www.3p-gmbh.de\/pt-br\/wp-json\/wp\/v2\/product_brand?post=91769"},{"taxonomy":"product_cat","embeddable":true,"href":"https:\/\/www.3p-gmbh.de\/pt-br\/wp-json\/wp\/v2\/product_cat?post=91769"},{"taxonomy":"product_tag","embeddable":true,"href":"https:\/\/www.3p-gmbh.de\/pt-br\/wp-json\/wp\/v2\/product_tag?post=91769"}],"curies":[{"name":"wp","href":"https:\/\/api.w.org\/{rel}","templated":true}]}}