{"id":91757,"date":"2019-07-11T13:58:49","date_gmt":"2019-07-11T13:58:49","guid":{"rendered":"https:\/\/www.3p-gmbh.de\/produkt\/renz-341-2-r-maquina-de-corte-e-vinco-de-alto-desempenho-totalmente-automatica\/"},"modified":"2019-07-11T13:58:49","modified_gmt":"2019-07-11T13:58:49","slug":"cortadora-de-moldes-de-alto-desempenho-totalmente-automatica","status":"publish","type":"product","link":"https:\/\/www.3p-gmbh.de\/pt-br\/produkt\/cortadora-de-moldes-de-alto-desempenho-totalmente-automatica\/","title":{"rendered":"Renz 341-2 R, m\u00e1quina de corte e vinco de alto desempenho totalmente autom\u00e1tica"},"content":{"rendered":"<p>M\u00e1quina de corte e vinco de alto rendimento totalmente autom\u00e1tica Renz Kugler 341-2R para calend\u00e1rios e argolas para encaderna\u00e7\u00e3o<br \/>\n1 ferramenta para calend\u00e1rio (50cm, passo 3:1, 4,5&#215;4,5mm com orif\u00edcio para o polegar)<br \/>\n1 ferramenta para classificadores (aprox. 32cm, passo 3:1, 6,5&#215;6,5mm)<br \/>\n1 ferramenta para argolas para encaderna\u00e7\u00e3o (aprox. 32cm, passo 2:1, furo redondo 4,5mm)<\/p>\n<p>Convenientemente operadas por uma pessoa, as m\u00e1quinas de perfura\u00e7\u00e3o Kugler trabalham nos espa\u00e7os mais pequenos. Com alimentador ininterrupto e alimenta\u00e7\u00e3o suave de material a partir de cima. Processamento sem problemas de materiais mistos (por exemplo, cart\u00e3o e pl\u00e1stico). O alinhamento preciso antes do processo de perfura\u00e7\u00e3o garante a m\u00e1xima precis\u00e3o. Para perfurar folhas de argolas para encaderna\u00e7\u00e3o, folhas de calend\u00e1rio e de \u00edndice em cart\u00e3o e pl\u00e1stico, papel para artigos encadernados e muito mais.<\/p>\n<p>A mudan\u00e7a de ferramenta requer apenas alguns movimentos da m\u00e3o. Ap\u00f3s a perfura\u00e7\u00e3o, uma roda girat\u00f3ria garante a manuten\u00e7\u00e3o da sequ\u00eancia dos produtos impressos e numerados transportados para uma entrega. Ajuste preciso e f\u00e1cil dos registos.<\/p>\n<p>Caracter\u00edsticas de desempenho<br \/>\n&#8211; Manuten\u00e7\u00e3o muito reduzida<br \/>\n&#8211; Alta efici\u00eancia<br \/>\n&#8211; f\u00e1cil de utilizar<br \/>\n&#8211; Mudan\u00e7a de formato mais r\u00e1pida<\/p>\n<p>Dados t\u00e9cnicos<br \/>\n&#8211; Largura de trabalho: 500 mm<br \/>\n&#8211; Gama de formatos da p\u00e1gina perfurada: m\u00e1x. 500 mm<br \/>\n&#8211; Gama de formatos p\u00e1gina n\u00e3o perfurada: m\u00e1x. 500 mm<br \/>\n&#8211; Espessura de perfura\u00e7\u00e3o: m\u00e1x. 3 mm por camada<br \/>\n&#8211; Velocidade de perfura\u00e7\u00e3o: 110 ciclos<br \/>\n&#8211; Sistema de papel: autom\u00e1tico com alimentador de papel cont\u00ednuo<br \/>\n&#8211; Entrega de papel: entrega autom\u00e1tica na caixa com jogger<br \/>\n&#8211; Gramagem do papel: m\u00edn. 60 gr.\/m\u00b2, m\u00e1x. 2 mm (s\u00e3o poss\u00edveis restri\u00e7\u00f5es devido \u00e0 gramagem\/qualidade do papel).<br \/>\n&#8211; Perfura\u00e7\u00e3o do registo: sim (n\u00e3o inclu\u00eddo no fornecimento)<br \/>\n&#8211; ferramentas intermut\u00e1veis<br \/>\n&#8211; a mudan\u00e7a de ferramenta requer apenas alguns movimentos da m\u00e3o<br \/>\n&#8211; Mudan\u00e7a r\u00e1pida de formato gra\u00e7as \u00e0s rodas de regula\u00e7\u00e3o manual<br \/>\n&#8211; dist\u00e2ncia entre bordos ajust\u00e1vel<br \/>\n&#8211; Soco que pode ser desligado<br \/>\n&#8211; Espa\u00e7o necess\u00e1rio: 3,30 x 1,50 m<br \/>\n&#8211; Peso l\u00edquido 1580 kg<\/p>\n","protected":false},"excerpt":{"rendered":"<p>M\u00e1quina de corte e vinco de alto rendimento totalmente autom\u00e1tica Renz Kugler 341-2R para calend\u00e1rios e argolas para encaderna\u00e7\u00e3o 1 ferramenta para calend\u00e1rio (50cm, passo 3:1, 4,5&#215;4,5mm com orif\u00edcio para o polegar) 1 ferramenta para classificadores (aprox. 32cm, passo 3:1, 6,5&#215;6,5mm) 1 ferramenta para argolas para encaderna\u00e7\u00e3o (aprox. 32cm, passo 2:1, furo redondo 4,5mm) Convenientemente [&hellip;]<\/p>\n","protected":false},"featured_media":70692,"template":"","meta":[],"product_brand":[],"product_cat":[2906],"product_tag":[],"class_list":{"0":"post-91757","1":"product","2":"type-product","3":"status-publish","4":"has-post-thumbnail","6":"product_cat-perfuracao","7":"pa_baujahr-158","8":"pa_hersteller-renz-kugler-womako","9":"pa_typ-341-2r","11":"first","12":"instock","13":"sold-individually","14":"taxable","15":"shipping-taxable","16":"purchasable","17":"product-type-simple"},"jetpack_sharing_enabled":true,"_links":{"self":[{"href":"https:\/\/www.3p-gmbh.de\/pt-br\/wp-json\/wp\/v2\/product\/91757","targetHints":{"allow":["GET"]}}],"collection":[{"href":"https:\/\/www.3p-gmbh.de\/pt-br\/wp-json\/wp\/v2\/product"}],"about":[{"href":"https:\/\/www.3p-gmbh.de\/pt-br\/wp-json\/wp\/v2\/types\/product"}],"wp:featuredmedia":[{"embeddable":true,"href":"https:\/\/www.3p-gmbh.de\/pt-br\/wp-json\/wp\/v2\/media\/70692"}],"wp:attachment":[{"href":"https:\/\/www.3p-gmbh.de\/pt-br\/wp-json\/wp\/v2\/media?parent=91757"}],"wp:term":[{"taxonomy":"product_brand","embeddable":true,"href":"https:\/\/www.3p-gmbh.de\/pt-br\/wp-json\/wp\/v2\/product_brand?post=91757"},{"taxonomy":"product_cat","embeddable":true,"href":"https:\/\/www.3p-gmbh.de\/pt-br\/wp-json\/wp\/v2\/product_cat?post=91757"},{"taxonomy":"product_tag","embeddable":true,"href":"https:\/\/www.3p-gmbh.de\/pt-br\/wp-json\/wp\/v2\/product_tag?post=91757"}],"curies":[{"name":"wp","href":"https:\/\/api.w.org\/{rel}","templated":true}]}}