{"id":91755,"date":"2019-07-11T13:58:49","date_gmt":"2019-07-11T13:58:49","guid":{"rendered":"https:\/\/www.3p-gmbh.de\/produkt\/ferramenta-de-perfuracao-de-calendario-renz-para-a-super-500\/"},"modified":"2019-07-11T13:58:49","modified_gmt":"2019-07-11T13:58:49","slug":"ferramenta-de-perfuracao-de-calendarios","status":"publish","type":"product","link":"https:\/\/www.3p-gmbh.de\/pt-br\/produkt\/ferramenta-de-perfuracao-de-calendarios\/","title":{"rendered":"Ferramenta de perfura\u00e7\u00e3o de calend\u00e1rio Renz para a Super 500"},"content":{"rendered":"<p>Painel de 4 dobras 4,5 x 4,5 ret\u00e2ngulo com orif\u00edcio para o polegar<\/p>\n","protected":false},"excerpt":{"rendered":"<p>Painel de 4 dobras 4,5 x 4,5 ret\u00e2ngulo com orif\u00edcio para o polegar<\/p>\n","protected":false},"featured_media":69546,"template":"","meta":[],"product_brand":[],"product_cat":[2906],"product_tag":[],"class_list":{"0":"post-91755","1":"product","2":"type-product","3":"status-publish","4":"has-post-thumbnail","6":"product_cat-perfuracao","7":"pa_hersteller-renz-kugler","8":"pa_typ-renz-super-500","10":"first","11":"instock","12":"sold-individually","13":"taxable","14":"shipping-taxable","15":"purchasable","16":"product-type-simple"},"jetpack_sharing_enabled":true,"_links":{"self":[{"href":"https:\/\/www.3p-gmbh.de\/pt-br\/wp-json\/wp\/v2\/product\/91755","targetHints":{"allow":["GET"]}}],"collection":[{"href":"https:\/\/www.3p-gmbh.de\/pt-br\/wp-json\/wp\/v2\/product"}],"about":[{"href":"https:\/\/www.3p-gmbh.de\/pt-br\/wp-json\/wp\/v2\/types\/product"}],"wp:featuredmedia":[{"embeddable":true,"href":"https:\/\/www.3p-gmbh.de\/pt-br\/wp-json\/wp\/v2\/media\/69546"}],"wp:attachment":[{"href":"https:\/\/www.3p-gmbh.de\/pt-br\/wp-json\/wp\/v2\/media?parent=91755"}],"wp:term":[{"taxonomy":"product_brand","embeddable":true,"href":"https:\/\/www.3p-gmbh.de\/pt-br\/wp-json\/wp\/v2\/product_brand?post=91755"},{"taxonomy":"product_cat","embeddable":true,"href":"https:\/\/www.3p-gmbh.de\/pt-br\/wp-json\/wp\/v2\/product_cat?post=91755"},{"taxonomy":"product_tag","embeddable":true,"href":"https:\/\/www.3p-gmbh.de\/pt-br\/wp-json\/wp\/v2\/product_tag?post=91755"}],"curies":[{"name":"wp","href":"https:\/\/api.w.org\/{rel}","templated":true}]}}