{"id":91752,"date":"2019-07-11T13:58:49","date_gmt":"2019-07-11T13:58:49","guid":{"rendered":"https:\/\/www.3p-gmbh.de\/produkt\/constantin-hang-136-dk-maquina-de-perfuracao-de-papel-de-bancada\/"},"modified":"2019-07-11T13:58:49","modified_gmt":"2019-07-11T13:58:49","slug":"maquina-de-perfuracao-de-papel-de-mesa-constantin-hang","status":"publish","type":"product","link":"https:\/\/www.3p-gmbh.de\/pt-br\/produkt\/maquina-de-perfuracao-de-papel-de-mesa-constantin-hang\/","title":{"rendered":"Constantin Hang 136 DK M\u00e1quina de perfura\u00e7\u00e3o de papel de bancada"},"content":{"rendered":"<p>&#8211; 2 cabe\u00e7as de perfura\u00e7\u00e3o com espa\u00e7amento fixo para furos de limagem<br \/>\n&#8211; Batentes laterais do tabulador com alargamento da mesa<br \/>\n&#8211; Limitador de profundidade atrav\u00e9s da mesa graduada<br \/>\n&#8211; Baixar o berbequim atrav\u00e9s de uma alavanca manual<br \/>\n&#8211; Altura de empilhamento 50mm<br \/>\n&#8211; Di\u00e2metro do furo 2 &#8211; 14 mm<br \/>\n&#8211; 380V<\/p>\n","protected":false},"excerpt":{"rendered":"<p>&#8211; 2 cabe\u00e7as de perfura\u00e7\u00e3o com espa\u00e7amento fixo para furos de limagem &#8211; Batentes laterais do tabulador com alargamento da mesa &#8211; Limitador de profundidade atrav\u00e9s da mesa graduada &#8211; Baixar o berbequim atrav\u00e9s de uma alavanca manual &#8211; Altura de empilhamento 50mm &#8211; Di\u00e2metro do furo 2 &#8211; 14 mm &#8211; 380V<\/p>\n","protected":false},"featured_media":69510,"template":"","meta":[],"product_brand":[],"product_cat":[2958],"product_tag":[],"class_list":{"0":"post-91752","1":"product","2":"type-product","3":"status-publish","4":"has-post-thumbnail","6":"product_cat-brocas-de-papel","7":"pa_baujahr-266","8":"pa_hersteller-constantin-hang","9":"pa_typ-136-dk","11":"first","12":"instock","13":"sold-individually","14":"taxable","15":"shipping-taxable","16":"purchasable","17":"product-type-simple"},"jetpack_sharing_enabled":true,"_links":{"self":[{"href":"https:\/\/www.3p-gmbh.de\/pt-br\/wp-json\/wp\/v2\/product\/91752","targetHints":{"allow":["GET"]}}],"collection":[{"href":"https:\/\/www.3p-gmbh.de\/pt-br\/wp-json\/wp\/v2\/product"}],"about":[{"href":"https:\/\/www.3p-gmbh.de\/pt-br\/wp-json\/wp\/v2\/types\/product"}],"wp:featuredmedia":[{"embeddable":true,"href":"https:\/\/www.3p-gmbh.de\/pt-br\/wp-json\/wp\/v2\/media\/69510"}],"wp:attachment":[{"href":"https:\/\/www.3p-gmbh.de\/pt-br\/wp-json\/wp\/v2\/media?parent=91752"}],"wp:term":[{"taxonomy":"product_brand","embeddable":true,"href":"https:\/\/www.3p-gmbh.de\/pt-br\/wp-json\/wp\/v2\/product_brand?post=91752"},{"taxonomy":"product_cat","embeddable":true,"href":"https:\/\/www.3p-gmbh.de\/pt-br\/wp-json\/wp\/v2\/product_cat?post=91752"},{"taxonomy":"product_tag","embeddable":true,"href":"https:\/\/www.3p-gmbh.de\/pt-br\/wp-json\/wp\/v2\/product_tag?post=91752"}],"curies":[{"name":"wp","href":"https:\/\/api.w.org\/{rel}","templated":true}]}}