{"id":91743,"date":"2019-07-11T13:58:49","date_gmt":"2019-07-11T13:58:49","guid":{"rendered":"https:\/\/www.3p-gmbh.de\/produkt\/producao-de-pequenas-brochuras-ernst-nagel-watkiss\/"},"modified":"2019-07-11T13:58:49","modified_gmt":"2019-07-11T13:58:49","slug":"producao-de-brochuras-pequenas","status":"publish","type":"product","link":"https:\/\/www.3p-gmbh.de\/pt-br\/produkt\/producao-de-brochuras-pequenas\/","title":{"rendered":"Produ\u00e7\u00e3o de pequenas brochuras Ernst Nagel\/Watkiss"},"content":{"rendered":"<p>Torre de recolha de ar por suc\u00e7\u00e3o Watkiss Vario<br \/>\n8 esta\u00e7\u00f5es Pilha alta at\u00e9 8 cm com barra de rodo<br \/>\nControlo de folhas em falta, folhas duplas, encravamento e esta\u00e7\u00e3o vazia<br \/>\nmin. Tamanho do papel 130 x 160 mm<br \/>\nm\u00e1ximo. Tamanho do papel364 x 520mm<br \/>\nGramagens de papel de 40 a 300 g<br \/>\nCapacidade de recolha at\u00e9 4.000 conjuntos\/hora<\/p>\n<p>Agrafador de cadernos &#8211; Nagel Foldnak 8<br \/>\nCadernos numa s\u00f3 passagem, desbloqueio autom\u00e1tico, dispositivo de alisamento, controlo do carregador e dos agrafos em falta, contador, virador de agrafos m\u00f3vel, agrafos e an\u00e9is de agrafos na mesma cabe\u00e7a de agrafagem, mudan\u00e7a de formato em cerca de 1 min.<br \/>\nCostura de canto em linha<br \/>\nTamanho do folheto at\u00e9 100 p\u00e1ginas (papel de 80 g\/m\u00b2)<br \/>\nFormatos de papel DIN A5, A4, A3, A3+, SRA3 (e qualquer formato interm\u00e9dio)<br \/>\nFormatos de brochura DIN A4, A5, A6 (e qualquer formato interm\u00e9dio)<br \/>\nCart\u00e3o de cobertura at\u00e9 aprox. 300 g\/m\u00b2<br \/>\nCabe\u00e7as de agrafagem 2 (op\u00e7\u00e3o: 4 no m\u00e1ximo) com controlo do carregador.<br \/>\nN\u00e3o \u00e9 necess\u00e1rio ajustar a espessura do papel.<br \/>\nPosi\u00e7\u00f5es da cabe\u00e7a de costura em mm 30 x 50 x 80 x 50 x 30<br \/>\nClincher (clincher m\u00f3vel)<br \/>\nTipos de abra\u00e7adeiras Abra\u00e7adeiras de anel Ri 26\/6<br \/>\nAgrafos 26\/6, 26\/8, 26\/8S<br \/>\nCapacidade de produ\u00e7\u00e3o at\u00e9 2.000 brochuras\/hora<br \/>\nEntrega do galp\u00e3o el\u00e9ctrica, curso ajust\u00e1vel<br \/>\nAgrafagem em bloco On-Line, at\u00e9 40 folhas<br \/>\nLiga\u00e7\u00e3o 230 V, 50 Hz, 300 W<\/p>\n","protected":false},"excerpt":{"rendered":"<p>Torre de recolha de ar por suc\u00e7\u00e3o Watkiss Vario 8 esta\u00e7\u00f5es Pilha alta at\u00e9 8 cm com barra de rodo Controlo de folhas em falta, folhas duplas, encravamento e esta\u00e7\u00e3o vazia min. Tamanho do papel 130 x 160 mm m\u00e1ximo. Tamanho do papel364 x 520mm Gramagens de papel de 40 a 300 g Capacidade de [&hellip;]<\/p>\n","protected":false},"featured_media":69531,"template":"","meta":[],"product_brand":[],"product_cat":[2951],"product_tag":[],"class_list":{"0":"post-91743","1":"product","2":"type-product","3":"status-publish","4":"has-post-thumbnail","6":"product_cat-sistemas-de-producao-de-folhetos","7":"pa_baujahr-158","8":"pa_hersteller-watkiss-ernst-nagel","9":"pa_typ-vario-foldnak-8","11":"first","12":"instock","13":"sold-individually","14":"taxable","15":"shipping-taxable","16":"purchasable","17":"product-type-simple"},"jetpack_sharing_enabled":true,"_links":{"self":[{"href":"https:\/\/www.3p-gmbh.de\/pt-br\/wp-json\/wp\/v2\/product\/91743","targetHints":{"allow":["GET"]}}],"collection":[{"href":"https:\/\/www.3p-gmbh.de\/pt-br\/wp-json\/wp\/v2\/product"}],"about":[{"href":"https:\/\/www.3p-gmbh.de\/pt-br\/wp-json\/wp\/v2\/types\/product"}],"wp:featuredmedia":[{"embeddable":true,"href":"https:\/\/www.3p-gmbh.de\/pt-br\/wp-json\/wp\/v2\/media\/69531"}],"wp:attachment":[{"href":"https:\/\/www.3p-gmbh.de\/pt-br\/wp-json\/wp\/v2\/media?parent=91743"}],"wp:term":[{"taxonomy":"product_brand","embeddable":true,"href":"https:\/\/www.3p-gmbh.de\/pt-br\/wp-json\/wp\/v2\/product_brand?post=91743"},{"taxonomy":"product_cat","embeddable":true,"href":"https:\/\/www.3p-gmbh.de\/pt-br\/wp-json\/wp\/v2\/product_cat?post=91743"},{"taxonomy":"product_tag","embeddable":true,"href":"https:\/\/www.3p-gmbh.de\/pt-br\/wp-json\/wp\/v2\/product_tag?post=91743"}],"curies":[{"name":"wp","href":"https:\/\/api.w.org\/{rel}","templated":true}]}}