{"id":91740,"date":"2019-07-11T13:58:49","date_gmt":"2019-07-11T13:58:49","guid":{"rendered":"https:\/\/www.3p-gmbh.de\/produkt\/linha-de-brochura-laconda-620\/"},"modified":"2019-07-11T13:58:49","modified_gmt":"2019-07-11T13:58:49","slug":"brochura-estirada-3","status":"publish","type":"product","link":"https:\/\/www.3p-gmbh.de\/pt-br\/produkt\/brochura-estirada-3\/","title":{"rendered":"Linha de brochura Laconda 620"},"content":{"rendered":"<p>Linha de produ\u00e7\u00e3o de cadernos Laconda 620 com unidade de costura, dobragem e corte Hfc 33 tipo 91<br \/>\nAno de fabrico: 1990<br \/>\n10 esta\u00e7\u00f5es de agrupamento com cerca de 30 cm de altura de enchimento com controlo de folhas duplas e em falta<br \/>\nFormato m\u00e1ximo. 30 x 35 cm<br \/>\nFormato min. 10 x 10 cm<br \/>\nGramagem: 14 &#8211; 1000 g\/m\u00b2<br \/>\naprox. 3.500 ciclos \/ h<\/p>\n<p>Unidade de costura, dobragem e corte Hfc 33 tipo 91<br \/>\n-Com 2 cabe\u00e7as de costura standard Bostitch<br \/>\n-com friso frontal<\/p>\n","protected":false},"excerpt":{"rendered":"<p>Linha de produ\u00e7\u00e3o de cadernos Laconda 620 com unidade de costura, dobragem e corte Hfc 33 tipo 91 Ano de fabrico: 1990 10 esta\u00e7\u00f5es de agrupamento com cerca de 30 cm de altura de enchimento com controlo de folhas duplas e em falta Formato m\u00e1ximo. 30 x 35 cm Formato min. 10 x 10 cm [&hellip;]<\/p>\n","protected":false},"featured_media":69459,"template":"","meta":[],"product_brand":[],"product_cat":[2951],"product_tag":[],"class_list":{"0":"post-91740","1":"product","2":"type-product","3":"status-publish","4":"has-post-thumbnail","6":"product_cat-sistemas-de-producao-de-folhetos","7":"pa_baujahr-262","8":"pa_hersteller-laconda","9":"pa_typ-620-mit-hfc-33","11":"first","12":"instock","13":"sold-individually","14":"taxable","15":"shipping-taxable","16":"purchasable","17":"product-type-simple"},"jetpack_sharing_enabled":true,"_links":{"self":[{"href":"https:\/\/www.3p-gmbh.de\/pt-br\/wp-json\/wp\/v2\/product\/91740","targetHints":{"allow":["GET"]}}],"collection":[{"href":"https:\/\/www.3p-gmbh.de\/pt-br\/wp-json\/wp\/v2\/product"}],"about":[{"href":"https:\/\/www.3p-gmbh.de\/pt-br\/wp-json\/wp\/v2\/types\/product"}],"wp:featuredmedia":[{"embeddable":true,"href":"https:\/\/www.3p-gmbh.de\/pt-br\/wp-json\/wp\/v2\/media\/69459"}],"wp:attachment":[{"href":"https:\/\/www.3p-gmbh.de\/pt-br\/wp-json\/wp\/v2\/media?parent=91740"}],"wp:term":[{"taxonomy":"product_brand","embeddable":true,"href":"https:\/\/www.3p-gmbh.de\/pt-br\/wp-json\/wp\/v2\/product_brand?post=91740"},{"taxonomy":"product_cat","embeddable":true,"href":"https:\/\/www.3p-gmbh.de\/pt-br\/wp-json\/wp\/v2\/product_cat?post=91740"},{"taxonomy":"product_tag","embeddable":true,"href":"https:\/\/www.3p-gmbh.de\/pt-br\/wp-json\/wp\/v2\/product_tag?post=91740"}],"curies":[{"name":"wp","href":"https:\/\/api.w.org\/{rel}","templated":true}]}}