{"id":91734,"date":"2019-07-11T13:58:49","date_gmt":"2019-07-11T13:58:49","guid":{"rendered":"https:\/\/www.3p-gmbh.de\/produkt\/schneider-senator-profi-line-pl-2-q-elevador-de-paletes\/"},"modified":"2019-07-11T13:58:49","modified_gmt":"2019-07-11T13:58:49","slug":"elevador-de-paletes","status":"publish","type":"product","link":"https:\/\/www.3p-gmbh.de\/pt-br\/produkt\/elevador-de-paletes\/","title":{"rendered":"Schneider Senator Profi Line PL 2 Q elevador de paletes"},"content":{"rendered":"<p>&#8211; Tamanho da palete 1000mm x 1480mm<br \/>\n&#8211; Capacidade de eleva\u00e7\u00e3o 1000kg<br \/>\n&#8211; com eleva\u00e7\u00e3o e descida autom\u00e1ticas<br \/>\n&#8211; Regula\u00e7\u00e3o autom\u00e1tica da altura de trabalho atrav\u00e9s da c\u00e9lula \u00f3tica<\/p>\n","protected":false},"excerpt":{"rendered":"<p>&#8211; Tamanho da palete 1000mm x 1480mm &#8211; Capacidade de eleva\u00e7\u00e3o 1000kg &#8211; com eleva\u00e7\u00e3o e descida autom\u00e1ticas &#8211; Regula\u00e7\u00e3o autom\u00e1tica da altura de trabalho atrav\u00e9s da c\u00e9lula \u00f3tica<\/p>\n","protected":false},"featured_media":69480,"template":"","meta":[],"product_brand":[],"product_cat":[2978],"product_tag":[],"class_list":{"0":"post-91734","1":"product","2":"type-product","3":"status-publish","4":"has-post-thumbnail","6":"product_cat-elevadores-de-pilha-e-elevadores-de-pilha","7":"pa_baujahr-123","8":"pa_hersteller-schneider-senator","9":"pa_typ-profi-line-pl-2-q","11":"first","12":"instock","13":"sold-individually","14":"taxable","15":"shipping-taxable","16":"purchasable","17":"product-type-simple"},"jetpack_sharing_enabled":true,"_links":{"self":[{"href":"https:\/\/www.3p-gmbh.de\/pt-br\/wp-json\/wp\/v2\/product\/91734","targetHints":{"allow":["GET"]}}],"collection":[{"href":"https:\/\/www.3p-gmbh.de\/pt-br\/wp-json\/wp\/v2\/product"}],"about":[{"href":"https:\/\/www.3p-gmbh.de\/pt-br\/wp-json\/wp\/v2\/types\/product"}],"wp:featuredmedia":[{"embeddable":true,"href":"https:\/\/www.3p-gmbh.de\/pt-br\/wp-json\/wp\/v2\/media\/69480"}],"wp:attachment":[{"href":"https:\/\/www.3p-gmbh.de\/pt-br\/wp-json\/wp\/v2\/media?parent=91734"}],"wp:term":[{"taxonomy":"product_brand","embeddable":true,"href":"https:\/\/www.3p-gmbh.de\/pt-br\/wp-json\/wp\/v2\/product_brand?post=91734"},{"taxonomy":"product_cat","embeddable":true,"href":"https:\/\/www.3p-gmbh.de\/pt-br\/wp-json\/wp\/v2\/product_cat?post=91734"},{"taxonomy":"product_tag","embeddable":true,"href":"https:\/\/www.3p-gmbh.de\/pt-br\/wp-json\/wp\/v2\/product_tag?post=91734"}],"curies":[{"name":"wp","href":"https:\/\/api.w.org\/{rel}","templated":true}]}}