{"id":91718,"date":"2019-07-11T13:58:49","date_gmt":"2019-07-11T13:58:49","guid":{"rendered":"https:\/\/www.3p-gmbh.de\/produkt\/c-p-bourg-bst-10-brochura-de-itinerario\/"},"modified":"2019-07-11T13:58:49","modified_gmt":"2019-07-11T13:58:49","slug":"brochura-estirada-2","status":"publish","type":"product","link":"https:\/\/www.3p-gmbh.de\/pt-br\/produkt\/brochura-estirada-2\/","title":{"rendered":"c. p. Bourg BST 10 brochura de itiner\u00e1rio"},"content":{"rendered":"<p>&#8211; 10 esta\u00e7\u00f5es de ar de aspira\u00e7\u00e3o BST 10<br \/>\n&#8211; Formato m\u00e1ximo. 35x50cm<br \/>\n&#8211; Ponte de transfer\u00eancia<br \/>\n&#8211; M\u00e1quina de agrafar fios AGR-P com 2 cabe\u00e7as de agrafagem Hohner<br \/>\n&#8211; M\u00e1quina de dobrar em camadas PA-t<br \/>\n&#8211; Cortador frontal TR-t<br \/>\n&#8211; Prensa de arco BBP<br \/>\n&#8211; expositor de telheiro comprido<\/p>\n","protected":false},"excerpt":{"rendered":"<p>&#8211; 10 esta\u00e7\u00f5es de ar de aspira\u00e7\u00e3o BST 10 &#8211; Formato m\u00e1ximo. 35x50cm &#8211; Ponte de transfer\u00eancia &#8211; M\u00e1quina de agrafar fios AGR-P com 2 cabe\u00e7as de agrafagem Hohner &#8211; M\u00e1quina de dobrar em camadas PA-t &#8211; Cortador frontal TR-t &#8211; Prensa de arco BBP &#8211; expositor de telheiro comprido<\/p>\n","protected":false},"featured_media":69426,"template":"","meta":[],"product_brand":[],"product_cat":[2951],"product_tag":[],"class_list":{"0":"post-91718","1":"product","2":"type-product","3":"status-publish","4":"has-post-thumbnail","6":"product_cat-sistemas-de-producao-de-folhetos","7":"pa_baujahr-153","8":"pa_hersteller-c-p-bourg","9":"pa_typ-bst-10","11":"first","12":"instock","13":"sold-individually","14":"taxable","15":"shipping-taxable","16":"purchasable","17":"product-type-simple"},"jetpack_sharing_enabled":true,"_links":{"self":[{"href":"https:\/\/www.3p-gmbh.de\/pt-br\/wp-json\/wp\/v2\/product\/91718","targetHints":{"allow":["GET"]}}],"collection":[{"href":"https:\/\/www.3p-gmbh.de\/pt-br\/wp-json\/wp\/v2\/product"}],"about":[{"href":"https:\/\/www.3p-gmbh.de\/pt-br\/wp-json\/wp\/v2\/types\/product"}],"wp:featuredmedia":[{"embeddable":true,"href":"https:\/\/www.3p-gmbh.de\/pt-br\/wp-json\/wp\/v2\/media\/69426"}],"wp:attachment":[{"href":"https:\/\/www.3p-gmbh.de\/pt-br\/wp-json\/wp\/v2\/media?parent=91718"}],"wp:term":[{"taxonomy":"product_brand","embeddable":true,"href":"https:\/\/www.3p-gmbh.de\/pt-br\/wp-json\/wp\/v2\/product_brand?post=91718"},{"taxonomy":"product_cat","embeddable":true,"href":"https:\/\/www.3p-gmbh.de\/pt-br\/wp-json\/wp\/v2\/product_cat?post=91718"},{"taxonomy":"product_tag","embeddable":true,"href":"https:\/\/www.3p-gmbh.de\/pt-br\/wp-json\/wp\/v2\/product_tag?post=91718"}],"curies":[{"name":"wp","href":"https:\/\/api.w.org\/{rel}","templated":true}]}}