{"id":91713,"date":"2019-07-11T13:58:49","date_gmt":"2019-07-11T13:58:49","guid":{"rendered":"https:\/\/www.3p-gmbh.de\/produkt\/ernst-nagel-citonak-vs-66-puncao-de-registo\/"},"modified":"2019-07-11T13:58:49","modified_gmt":"2019-07-11T13:58:49","slug":"puncao-de-registo","status":"publish","type":"product","link":"https:\/\/www.3p-gmbh.de\/pt-br\/produkt\/puncao-de-registo\/","title":{"rendered":"Ernst Nagel Citonak VS 66 Pun\u00e7\u00e3o de registo"},"content":{"rendered":"<p>&#8211; pun\u00e7\u00e3o universal el\u00e9trico<br \/>\n&#8211; com ferramenta de corte de registo incorporada Corte em \u00e2ngulo de 90<br \/>\n&#8211; A profundidade de corte e o registo variam atrav\u00e9s de batentes<br \/>\n&#8211; 380 volts<\/p>\n","protected":false},"excerpt":{"rendered":"<p>&#8211; pun\u00e7\u00e3o universal el\u00e9trico &#8211; com ferramenta de corte de registo incorporada Corte em \u00e2ngulo de 90 &#8211; A profundidade de corte e o registo variam atrav\u00e9s de batentes &#8211; 380 volts<\/p>\n","protected":false},"featured_media":69414,"template":"","meta":[],"product_brand":[],"product_cat":[2892],"product_tag":[],"class_list":{"0":"post-91713","1":"product","2":"type-product","3":"status-publish","4":"has-post-thumbnail","6":"product_cat-encadernacao-de-sortido","7":"pa_hersteller-ernst-nagel","8":"pa_typ-citonak-vs-66","10":"first","11":"instock","12":"sold-individually","13":"taxable","14":"shipping-taxable","15":"purchasable","16":"product-type-simple"},"jetpack_sharing_enabled":true,"_links":{"self":[{"href":"https:\/\/www.3p-gmbh.de\/pt-br\/wp-json\/wp\/v2\/product\/91713","targetHints":{"allow":["GET"]}}],"collection":[{"href":"https:\/\/www.3p-gmbh.de\/pt-br\/wp-json\/wp\/v2\/product"}],"about":[{"href":"https:\/\/www.3p-gmbh.de\/pt-br\/wp-json\/wp\/v2\/types\/product"}],"wp:featuredmedia":[{"embeddable":true,"href":"https:\/\/www.3p-gmbh.de\/pt-br\/wp-json\/wp\/v2\/media\/69414"}],"wp:attachment":[{"href":"https:\/\/www.3p-gmbh.de\/pt-br\/wp-json\/wp\/v2\/media?parent=91713"}],"wp:term":[{"taxonomy":"product_brand","embeddable":true,"href":"https:\/\/www.3p-gmbh.de\/pt-br\/wp-json\/wp\/v2\/product_brand?post=91713"},{"taxonomy":"product_cat","embeddable":true,"href":"https:\/\/www.3p-gmbh.de\/pt-br\/wp-json\/wp\/v2\/product_cat?post=91713"},{"taxonomy":"product_tag","embeddable":true,"href":"https:\/\/www.3p-gmbh.de\/pt-br\/wp-json\/wp\/v2\/product_tag?post=91713"}],"curies":[{"name":"wp","href":"https:\/\/api.w.org\/{rel}","templated":true}]}}