{"id":91710,"date":"2019-07-11T13:58:49","date_gmt":"2019-07-11T13:58:49","guid":{"rendered":"https:\/\/www.3p-gmbh.de\/produkt\/pfaeffle-f-42-uma-maquina-de-perfuracao-automatica-de-calendarios\/"},"modified":"2019-07-11T13:58:49","modified_gmt":"2019-07-11T13:58:49","slug":"maquina-de-perfuracao-automatica-de-calendarios","status":"publish","type":"product","link":"https:\/\/www.3p-gmbh.de\/pt-br\/produkt\/maquina-de-perfuracao-automatica-de-calendarios\/","title":{"rendered":"Pf\u00e4ffle F 42 uma m\u00e1quina de perfura\u00e7\u00e3o autom\u00e1tica de calend\u00e1rios"},"content":{"rendered":"<p>Para perfurar a perfura\u00e7\u00e3o de encaderna\u00e7\u00e3o para espiral, pente de arame e encaderna\u00e7\u00e3o de pl\u00e1stico, bem como para perfurar sistemas de arquivo, cantos, perfura\u00e7\u00f5es de corte, inser\u00e7\u00f5es de registo, etc.<br \/>\nOpera\u00e7\u00e3o sem esfor\u00e7o por uma s\u00f3 pessoa devido \u00e0 disposi\u00e7\u00e3o clara dos ciclos de trabalho num s\u00f3 n\u00edvel.<br \/>\n&#8220;Sistema de placas&#8221; comprovado para trabalhar de pilha em pilha sem virar.<br \/>\nSeparar as camadas individuais da pilha de papel utilizando discos de separa\u00e7\u00e3o.<br \/>\nAlinhamento da camada de papel e perfura\u00e7\u00e3o.<br \/>\nColocar na caixa de armazenagem pela mesma ordem.<br \/>\nF\u00e1cil convers\u00e3o para outros formatos.<br \/>\nTroca r\u00e1pida de ferramentas.<br \/>\nFerramentas de perfura\u00e7\u00e3o intercambi\u00e1veis para encaderna\u00e7\u00e3o em arame e pl\u00e1stico, tamb\u00e9m combinadas com orif\u00edcio para polegar, orif\u00edcio de arquivamento e\/ou perfura\u00e7\u00e3o de corte (todas as op\u00e7\u00f5es)<\/p>\n<p>Dados t\u00e9cnicos<br \/>\nGama de formatos m\u00e1x. 320 x 320 mm<br \/>\nGama de formatos min. 148 x 100 mm<br \/>\nEspessura de perfura\u00e7\u00e3o at\u00e9 2 mm<br \/>\nferramenta de perfura\u00e7\u00e3o incorporada<br \/>\nSa\u00edda 4.200 a 5.000 pun\u00e7\u00f5es \/ hora<br \/>\nAltura da estaca at\u00e9 8 m \/ hora<br \/>\nEspa\u00e7o necess\u00e1rio 1,80 m x 0,90 m<br \/>\nPeso 450 kg<\/p>\n","protected":false},"excerpt":{"rendered":"<p>Para perfurar a perfura\u00e7\u00e3o de encaderna\u00e7\u00e3o para espiral, pente de arame e encaderna\u00e7\u00e3o de pl\u00e1stico, bem como para perfurar sistemas de arquivo, cantos, perfura\u00e7\u00f5es de corte, inser\u00e7\u00f5es de registo, etc. Opera\u00e7\u00e3o sem esfor\u00e7o por uma s\u00f3 pessoa devido \u00e0 disposi\u00e7\u00e3o clara dos ciclos de trabalho num s\u00f3 n\u00edvel. &#8220;Sistema de placas&#8221; comprovado para trabalhar de [&hellip;]<\/p>\n","protected":false},"featured_media":69402,"template":"","meta":[],"product_brand":[],"product_cat":[2906],"product_tag":[],"class_list":{"0":"post-91710","1":"product","2":"type-product","3":"status-publish","4":"has-post-thumbnail","6":"product_cat-perfuracao","7":"pa_baujahr-165","8":"pa_hersteller-pfaeffle-seckinger-2","9":"pa_typ-f42-a-gbc-usp-13","11":"first","12":"instock","13":"sold-individually","14":"taxable","15":"shipping-taxable","16":"purchasable","17":"product-type-simple"},"jetpack_sharing_enabled":true,"_links":{"self":[{"href":"https:\/\/www.3p-gmbh.de\/pt-br\/wp-json\/wp\/v2\/product\/91710","targetHints":{"allow":["GET"]}}],"collection":[{"href":"https:\/\/www.3p-gmbh.de\/pt-br\/wp-json\/wp\/v2\/product"}],"about":[{"href":"https:\/\/www.3p-gmbh.de\/pt-br\/wp-json\/wp\/v2\/types\/product"}],"wp:featuredmedia":[{"embeddable":true,"href":"https:\/\/www.3p-gmbh.de\/pt-br\/wp-json\/wp\/v2\/media\/69402"}],"wp:attachment":[{"href":"https:\/\/www.3p-gmbh.de\/pt-br\/wp-json\/wp\/v2\/media?parent=91710"}],"wp:term":[{"taxonomy":"product_brand","embeddable":true,"href":"https:\/\/www.3p-gmbh.de\/pt-br\/wp-json\/wp\/v2\/product_brand?post=91710"},{"taxonomy":"product_cat","embeddable":true,"href":"https:\/\/www.3p-gmbh.de\/pt-br\/wp-json\/wp\/v2\/product_cat?post=91710"},{"taxonomy":"product_tag","embeddable":true,"href":"https:\/\/www.3p-gmbh.de\/pt-br\/wp-json\/wp\/v2\/product_tag?post=91710"}],"curies":[{"name":"wp","href":"https:\/\/api.w.org\/{rel}","templated":true}]}}