{"id":91700,"date":"2019-07-11T13:58:49","date_gmt":"2019-07-11T13:58:49","guid":{"rendered":"https:\/\/www.3p-gmbh.de\/produkt\/linha-de-producao-de-brochuras-horizon\/"},"modified":"2019-07-11T13:58:49","modified_gmt":"2019-07-11T13:58:49","slug":"linha-de-producao-de-brochuras","status":"publish","type":"product","link":"https:\/\/www.3p-gmbh.de\/pt-br\/produkt\/linha-de-producao-de-brochuras\/","title":{"rendered":"Linha de produ\u00e7\u00e3o de brochuras Horizon"},"content":{"rendered":"<p>Torre de reuni\u00e3o MAC-8a<br \/>\nAlimentador de ar de suc\u00e7\u00e3o\/sopro de 8 esta\u00e7\u00f5es com 10 cm de altura de carga cada<br \/>\nControlo de folhas em falta\/duplas<br \/>\nGramagens de papel 23 &#8211; 230 g\/m\u00b2<\/p>\n<p>Unidade de agrafagem e dobragem SPF-10II (com duas cabe\u00e7as de agrafagem ACME)<br \/>\nAgrafos e cortador frontal FC-10II<br \/>\nsem entrega compensada<\/p>\n","protected":false},"excerpt":{"rendered":"<p>Torre de reuni\u00e3o MAC-8a Alimentador de ar de suc\u00e7\u00e3o\/sopro de 8 esta\u00e7\u00f5es com 10 cm de altura de carga cada Controlo de folhas em falta\/duplas Gramagens de papel 23 &#8211; 230 g\/m\u00b2 Unidade de agrafagem e dobragem SPF-10II (com duas cabe\u00e7as de agrafagem ACME) Agrafos e cortador frontal FC-10II sem entrega compensada<\/p>\n","protected":false},"featured_media":69375,"template":"","meta":[],"product_brand":[],"product_cat":[2951],"product_tag":[],"class_list":{"0":"post-91700","1":"product","2":"type-product","3":"status-publish","4":"has-post-thumbnail","6":"product_cat-sistemas-de-producao-de-folhetos","7":"pa_baujahr-272","8":"pa_hersteller-horizon","9":"pa_typ-mac-8a-mit-spf-ii-und-tc-ii","11":"first","12":"instock","13":"sold-individually","14":"taxable","15":"shipping-taxable","16":"purchasable","17":"product-type-simple"},"jetpack_sharing_enabled":true,"_links":{"self":[{"href":"https:\/\/www.3p-gmbh.de\/pt-br\/wp-json\/wp\/v2\/product\/91700","targetHints":{"allow":["GET"]}}],"collection":[{"href":"https:\/\/www.3p-gmbh.de\/pt-br\/wp-json\/wp\/v2\/product"}],"about":[{"href":"https:\/\/www.3p-gmbh.de\/pt-br\/wp-json\/wp\/v2\/types\/product"}],"wp:featuredmedia":[{"embeddable":true,"href":"https:\/\/www.3p-gmbh.de\/pt-br\/wp-json\/wp\/v2\/media\/69375"}],"wp:attachment":[{"href":"https:\/\/www.3p-gmbh.de\/pt-br\/wp-json\/wp\/v2\/media?parent=91700"}],"wp:term":[{"taxonomy":"product_brand","embeddable":true,"href":"https:\/\/www.3p-gmbh.de\/pt-br\/wp-json\/wp\/v2\/product_brand?post=91700"},{"taxonomy":"product_cat","embeddable":true,"href":"https:\/\/www.3p-gmbh.de\/pt-br\/wp-json\/wp\/v2\/product_cat?post=91700"},{"taxonomy":"product_tag","embeddable":true,"href":"https:\/\/www.3p-gmbh.de\/pt-br\/wp-json\/wp\/v2\/product_tag?post=91700"}],"curies":[{"name":"wp","href":"https:\/\/api.w.org\/{rel}","templated":true}]}}