{"id":91690,"date":"2019-07-11T13:58:58","date_gmt":"2019-07-11T13:58:58","guid":{"rendered":"https:\/\/www.3p-gmbh.de\/produkt\/elevador-de-paletes-knorr-l-350\/"},"modified":"2019-07-11T13:58:58","modified_gmt":"2019-07-11T13:58:58","slug":"elevador-de-paletes-2","status":"publish","type":"product","link":"https:\/\/www.3p-gmbh.de\/pt-br\/produkt\/elevador-de-paletes-2\/","title":{"rendered":"Elevador de paletes Knorr L 350"},"content":{"rendered":"<p>Ao elevar automaticamente o material a ser cortado, o operador pode alimentar o material no sistema de corte autom\u00e1tico ou diretamente no sistema de corte a uma altura de trabalho ergonomicamente favor\u00e1vel.<br \/>\ncarregar a m\u00e1quina de corte. No entanto, o elevador de empilhamento tamb\u00e9m pode ser utilizado para empilhar material cortado. Os empilhadores Knorr n\u00e3o precisam de ser ancorados no solo e podem, por isso, ser facilmente deslocados.<\/p>\n<p>Dimens\u00f5es interiores do garfo cm 75 x 50<br \/>\nCurso at\u00e9 85 cm<br \/>\nCapacidade de carga m\u00e1xima kg 600<\/p>\n","protected":false},"excerpt":{"rendered":"<p>Ao elevar automaticamente o material a ser cortado, o operador pode alimentar o material no sistema de corte autom\u00e1tico ou diretamente no sistema de corte a uma altura de trabalho ergonomicamente favor\u00e1vel. carregar a m\u00e1quina de corte. No entanto, o elevador de empilhamento tamb\u00e9m pode ser utilizado para empilhar material cortado. Os empilhadores Knorr n\u00e3o [&hellip;]<\/p>\n","protected":false},"featured_media":69693,"template":"","meta":[],"product_brand":[],"product_cat":[2978],"product_tag":[],"class_list":{"0":"post-91690","1":"product","2":"type-product","3":"status-publish","4":"has-post-thumbnail","6":"product_cat-elevadores-de-pilha-e-elevadores-de-pilha","7":"pa_baujahr-158","8":"pa_hersteller-knorr","9":"pa_typ-l-350","11":"first","12":"instock","13":"sold-individually","14":"taxable","15":"shipping-taxable","16":"purchasable","17":"product-type-simple"},"jetpack_sharing_enabled":true,"_links":{"self":[{"href":"https:\/\/www.3p-gmbh.de\/pt-br\/wp-json\/wp\/v2\/product\/91690","targetHints":{"allow":["GET"]}}],"collection":[{"href":"https:\/\/www.3p-gmbh.de\/pt-br\/wp-json\/wp\/v2\/product"}],"about":[{"href":"https:\/\/www.3p-gmbh.de\/pt-br\/wp-json\/wp\/v2\/types\/product"}],"wp:featuredmedia":[{"embeddable":true,"href":"https:\/\/www.3p-gmbh.de\/pt-br\/wp-json\/wp\/v2\/media\/69693"}],"wp:attachment":[{"href":"https:\/\/www.3p-gmbh.de\/pt-br\/wp-json\/wp\/v2\/media?parent=91690"}],"wp:term":[{"taxonomy":"product_brand","embeddable":true,"href":"https:\/\/www.3p-gmbh.de\/pt-br\/wp-json\/wp\/v2\/product_brand?post=91690"},{"taxonomy":"product_cat","embeddable":true,"href":"https:\/\/www.3p-gmbh.de\/pt-br\/wp-json\/wp\/v2\/product_cat?post=91690"},{"taxonomy":"product_tag","embeddable":true,"href":"https:\/\/www.3p-gmbh.de\/pt-br\/wp-json\/wp\/v2\/product_tag?post=91690"}],"curies":[{"name":"wp","href":"https:\/\/api.w.org\/{rel}","templated":true}]}}