{"id":91689,"date":"2019-07-11T13:58:58","date_gmt":"2019-07-11T13:58:58","guid":{"rendered":"https:\/\/www.3p-gmbh.de\/produkt\/fusao-de-cola-europack-eo-5-p2\/"},"modified":"2019-07-11T13:58:58","modified_gmt":"2019-07-11T13:58:58","slug":"fundidor-de-cola","status":"publish","type":"product","link":"https:\/\/www.3p-gmbh.de\/pt-br\/produkt\/fundidor-de-cola\/","title":{"rendered":"Fus\u00e3o de cola Europack EO 5 P2"},"content":{"rendered":"<p>com a unidade de controlo de 2 canais KAS Compact C 200<br \/>\npara uma aplica\u00e7\u00e3o precisa de adesivo em m\u00e1quinas de alta velocidade<br \/>\npode controlar 2 v\u00e1lvulas de aplica\u00e7\u00e3o de cola, consoante o percurso.<br \/>\nA unidade pode armazenar permanentemente 100 produtos diferentes de clientes.<br \/>\nAs teclas de fun\u00e7\u00e3o, o ecr\u00e3 de texto simples e a tecnologia de menus tornam a programa\u00e7\u00e3o simples e f\u00e1cil de aprender.<br \/>\nOs textos do ecr\u00e3 podem ser comutados para diferentes l\u00ednguas nacionais<br \/>\ne cada v\u00e1lvula pode ser ligada e desligada atrav\u00e9s do seu pr\u00f3prio bot\u00e3o.<br \/>\ncom 2 cabos de aquecimento de aprox. 1,80 m, dois bicos de aplica\u00e7\u00e3o, 1 codificador rotativo, um sensor \u00f3tico<\/p>\n","protected":false},"excerpt":{"rendered":"<p>com a unidade de controlo de 2 canais KAS Compact C 200 para uma aplica\u00e7\u00e3o precisa de adesivo em m\u00e1quinas de alta velocidade pode controlar 2 v\u00e1lvulas de aplica\u00e7\u00e3o de cola, consoante o percurso. A unidade pode armazenar permanentemente 100 produtos diferentes de clientes. As teclas de fun\u00e7\u00e3o, o ecr\u00e3 de texto simples e a [&hellip;]<\/p>\n","protected":false},"featured_media":69729,"template":"","meta":[],"product_brand":[],"product_cat":[2868],"product_tag":[],"class_list":{"0":"post-91689","1":"product","2":"type-product","3":"status-publish","4":"has-post-thumbnail","6":"product_cat-outras-transformacoes-posteriores","7":"pa_baujahr-168","8":"pa_hersteller-europack-e","9":"pa_typ-eo-5-p2-mit-kas-c-200","11":"first","12":"instock","13":"sold-individually","14":"taxable","15":"shipping-taxable","16":"purchasable","17":"product-type-simple"},"jetpack_sharing_enabled":true,"_links":{"self":[{"href":"https:\/\/www.3p-gmbh.de\/pt-br\/wp-json\/wp\/v2\/product\/91689","targetHints":{"allow":["GET"]}}],"collection":[{"href":"https:\/\/www.3p-gmbh.de\/pt-br\/wp-json\/wp\/v2\/product"}],"about":[{"href":"https:\/\/www.3p-gmbh.de\/pt-br\/wp-json\/wp\/v2\/types\/product"}],"wp:featuredmedia":[{"embeddable":true,"href":"https:\/\/www.3p-gmbh.de\/pt-br\/wp-json\/wp\/v2\/media\/69729"}],"wp:attachment":[{"href":"https:\/\/www.3p-gmbh.de\/pt-br\/wp-json\/wp\/v2\/media?parent=91689"}],"wp:term":[{"taxonomy":"product_brand","embeddable":true,"href":"https:\/\/www.3p-gmbh.de\/pt-br\/wp-json\/wp\/v2\/product_brand?post=91689"},{"taxonomy":"product_cat","embeddable":true,"href":"https:\/\/www.3p-gmbh.de\/pt-br\/wp-json\/wp\/v2\/product_cat?post=91689"},{"taxonomy":"product_tag","embeddable":true,"href":"https:\/\/www.3p-gmbh.de\/pt-br\/wp-json\/wp\/v2\/product_tag?post=91689"}],"curies":[{"name":"wp","href":"https:\/\/api.w.org\/{rel}","templated":true}]}}