{"id":91688,"date":"2019-07-11T13:58:58","date_gmt":"2019-07-11T13:58:58","guid":{"rendered":"https:\/\/www.3p-gmbh.de\/produkt\/berbequim-para-papel-constantin-hang-dt-106-20\/"},"modified":"2019-07-11T13:58:58","modified_gmt":"2019-07-11T13:58:58","slug":"perfurador-de-papel-3","status":"publish","type":"product","link":"https:\/\/www.3p-gmbh.de\/pt-br\/produkt\/perfurador-de-papel-3\/","title":{"rendered":"Berbequim para papel Constantin Hang DT 106-20"},"content":{"rendered":"<p>&#8211; 2 cabe\u00e7as de perfura\u00e7\u00e3o ajust\u00e1veis uma \u00e0 outra<br \/>\n&#8211; Curso de perfura\u00e7\u00e3o atrav\u00e9s de pedal<br \/>\n&#8211; 380 volts<\/p>\n","protected":false},"excerpt":{"rendered":"<p>&#8211; 2 cabe\u00e7as de perfura\u00e7\u00e3o ajust\u00e1veis uma \u00e0 outra &#8211; Curso de perfura\u00e7\u00e3o atrav\u00e9s de pedal &#8211; 380 volts<\/p>\n","protected":false},"featured_media":69678,"template":"","meta":[],"product_brand":[],"product_cat":[2958],"product_tag":[],"class_list":{"0":"post-91688","1":"product","2":"type-product","3":"status-publish","4":"has-post-thumbnail","6":"product_cat-brocas-de-papel","7":"pa_hersteller-constantin-hang","8":"pa_typ-dt-106-20","10":"first","11":"instock","12":"sold-individually","13":"taxable","14":"shipping-taxable","15":"purchasable","16":"product-type-simple"},"jetpack_sharing_enabled":true,"_links":{"self":[{"href":"https:\/\/www.3p-gmbh.de\/pt-br\/wp-json\/wp\/v2\/product\/91688","targetHints":{"allow":["GET"]}}],"collection":[{"href":"https:\/\/www.3p-gmbh.de\/pt-br\/wp-json\/wp\/v2\/product"}],"about":[{"href":"https:\/\/www.3p-gmbh.de\/pt-br\/wp-json\/wp\/v2\/types\/product"}],"wp:featuredmedia":[{"embeddable":true,"href":"https:\/\/www.3p-gmbh.de\/pt-br\/wp-json\/wp\/v2\/media\/69678"}],"wp:attachment":[{"href":"https:\/\/www.3p-gmbh.de\/pt-br\/wp-json\/wp\/v2\/media?parent=91688"}],"wp:term":[{"taxonomy":"product_brand","embeddable":true,"href":"https:\/\/www.3p-gmbh.de\/pt-br\/wp-json\/wp\/v2\/product_brand?post=91688"},{"taxonomy":"product_cat","embeddable":true,"href":"https:\/\/www.3p-gmbh.de\/pt-br\/wp-json\/wp\/v2\/product_cat?post=91688"},{"taxonomy":"product_tag","embeddable":true,"href":"https:\/\/www.3p-gmbh.de\/pt-br\/wp-json\/wp\/v2\/product_tag?post=91688"}],"curies":[{"name":"wp","href":"https:\/\/api.w.org\/{rel}","templated":true}]}}