{"id":91677,"date":"2019-07-11T13:58:58","date_gmt":"2019-07-11T13:58:58","guid":{"rendered":"https:\/\/www.3p-gmbh.de\/produkt\/ernst-nagel-citoborma-280-maquina-de-perfuracao-de-papel-de-2-fusos\/"},"modified":"2019-07-11T13:58:58","modified_gmt":"2019-07-11T13:58:58","slug":"maquina-de-perfuracao-de-papel-de-2-fusos-2","status":"publish","type":"product","link":"https:\/\/www.3p-gmbh.de\/pt-br\/produkt\/maquina-de-perfuracao-de-papel-de-2-fusos-2\/","title":{"rendered":"Ernst Nagel Citoborma 280 M\u00e1quina de perfura\u00e7\u00e3o de papel de 2 fusos"},"content":{"rendered":"<p>Constru\u00e7\u00e3o resistente \u00e0 tor\u00e7\u00e3o para precis\u00e3o e durabilidade<br \/>\nLibertar atrav\u00e9s da alavanca<br \/>\nAltura de empilhamento 60mm<br \/>\nLargura de inser\u00e7\u00e3o 410 mm na mesa deslizante<br \/>\nCompensa\u00e7\u00e3o do comprimento da broca<br \/>\nDi\u00e2metro do furo 2 &#8211; 14 mm<br \/>\n2 cabe\u00e7as de perfura\u00e7\u00e3o n\u00e3o regul\u00e1veis para limar furos<\/p>\n","protected":false},"excerpt":{"rendered":"<p>Constru\u00e7\u00e3o resistente \u00e0 tor\u00e7\u00e3o para precis\u00e3o e durabilidade Libertar atrav\u00e9s da alavanca Altura de empilhamento 60mm Largura de inser\u00e7\u00e3o 410 mm na mesa deslizante Compensa\u00e7\u00e3o do comprimento da broca Di\u00e2metro do furo 2 &#8211; 14 mm 2 cabe\u00e7as de perfura\u00e7\u00e3o n\u00e3o regul\u00e1veis para limar furos<\/p>\n","protected":false},"featured_media":69645,"template":"","meta":[],"product_brand":[],"product_cat":[2958],"product_tag":[],"class_list":{"0":"post-91677","1":"product","2":"type-product","3":"status-publish","4":"has-post-thumbnail","6":"product_cat-brocas-de-papel","7":"pa_baujahr-272","8":"pa_hersteller-ernst-nagel","9":"pa_typ-citoborma-280","11":"first","12":"instock","13":"sold-individually","14":"taxable","15":"shipping-taxable","16":"purchasable","17":"product-type-simple"},"jetpack_sharing_enabled":true,"_links":{"self":[{"href":"https:\/\/www.3p-gmbh.de\/pt-br\/wp-json\/wp\/v2\/product\/91677","targetHints":{"allow":["GET"]}}],"collection":[{"href":"https:\/\/www.3p-gmbh.de\/pt-br\/wp-json\/wp\/v2\/product"}],"about":[{"href":"https:\/\/www.3p-gmbh.de\/pt-br\/wp-json\/wp\/v2\/types\/product"}],"wp:featuredmedia":[{"embeddable":true,"href":"https:\/\/www.3p-gmbh.de\/pt-br\/wp-json\/wp\/v2\/media\/69645"}],"wp:attachment":[{"href":"https:\/\/www.3p-gmbh.de\/pt-br\/wp-json\/wp\/v2\/media?parent=91677"}],"wp:term":[{"taxonomy":"product_brand","embeddable":true,"href":"https:\/\/www.3p-gmbh.de\/pt-br\/wp-json\/wp\/v2\/product_brand?post=91677"},{"taxonomy":"product_cat","embeddable":true,"href":"https:\/\/www.3p-gmbh.de\/pt-br\/wp-json\/wp\/v2\/product_cat?post=91677"},{"taxonomy":"product_tag","embeddable":true,"href":"https:\/\/www.3p-gmbh.de\/pt-br\/wp-json\/wp\/v2\/product_tag?post=91677"}],"curies":[{"name":"wp","href":"https:\/\/api.w.org\/{rel}","templated":true}]}}