{"id":91672,"date":"2019-07-11T13:58:58","date_gmt":"2019-07-11T13:58:58","guid":{"rendered":"https:\/\/www.3p-gmbh.de\/produkt\/elevador-de-pilha-polar-lw-1000-4\/"},"modified":"2019-07-11T13:58:58","modified_gmt":"2019-07-11T13:58:58","slug":"elevador-de-pilha-3","status":"publish","type":"product","link":"https:\/\/www.3p-gmbh.de\/pt-br\/produkt\/elevador-de-pilha-3\/","title":{"rendered":"Elevador de pilha Polar LW 1000-4"},"content":{"rendered":"<p>Plataforma 80 x 126 mm<br \/>\nAo elevar automaticamente o material a ser cortado, o operador pode alimentar o material no sistema de corte autom\u00e1tico ou diretamente no sistema de corte a uma altura de trabalho ergonomicamente favor\u00e1vel.<br \/>\ncarregar a m\u00e1quina de corte. No entanto, o elevador de empilhamento tamb\u00e9m pode ser utilizado para empilhar material cortado. Os elevadores empilh\u00e1veis n\u00e3o t\u00eam de ser ancorados no solo, pelo que podem ser facilmente deslocados. Est\u00e3o equipados com barreiras luminosas de reflexo continuamente ajust\u00e1veis para eleva\u00e7\u00e3o ou descida autom\u00e1tica. O elemento de controlo pode ser montado \u00e0 direita ou \u00e0 esquerda sem qualquer problema.<\/p>\n","protected":false},"excerpt":{"rendered":"<p>Plataforma 80 x 126 mm Ao elevar automaticamente o material a ser cortado, o operador pode alimentar o material no sistema de corte autom\u00e1tico ou diretamente no sistema de corte a uma altura de trabalho ergonomicamente favor\u00e1vel. carregar a m\u00e1quina de corte. No entanto, o elevador de empilhamento tamb\u00e9m pode ser utilizado para empilhar material [&hellip;]<\/p>\n","protected":false},"featured_media":69627,"template":"","meta":[],"product_brand":[],"product_cat":[2978],"product_tag":[],"class_list":{"0":"post-91672","1":"product","2":"type-product","3":"status-publish","4":"has-post-thumbnail","6":"product_cat-elevadores-de-pilha-e-elevadores-de-pilha","7":"pa_baujahr-130","8":"pa_hersteller-polar-mohr","9":"pa_typ-lw-1000-4","11":"first","12":"instock","13":"sold-individually","14":"taxable","15":"shipping-taxable","16":"purchasable","17":"product-type-simple"},"jetpack_sharing_enabled":true,"_links":{"self":[{"href":"https:\/\/www.3p-gmbh.de\/pt-br\/wp-json\/wp\/v2\/product\/91672","targetHints":{"allow":["GET"]}}],"collection":[{"href":"https:\/\/www.3p-gmbh.de\/pt-br\/wp-json\/wp\/v2\/product"}],"about":[{"href":"https:\/\/www.3p-gmbh.de\/pt-br\/wp-json\/wp\/v2\/types\/product"}],"wp:featuredmedia":[{"embeddable":true,"href":"https:\/\/www.3p-gmbh.de\/pt-br\/wp-json\/wp\/v2\/media\/69627"}],"wp:attachment":[{"href":"https:\/\/www.3p-gmbh.de\/pt-br\/wp-json\/wp\/v2\/media?parent=91672"}],"wp:term":[{"taxonomy":"product_brand","embeddable":true,"href":"https:\/\/www.3p-gmbh.de\/pt-br\/wp-json\/wp\/v2\/product_brand?post=91672"},{"taxonomy":"product_cat","embeddable":true,"href":"https:\/\/www.3p-gmbh.de\/pt-br\/wp-json\/wp\/v2\/product_cat?post=91672"},{"taxonomy":"product_tag","embeddable":true,"href":"https:\/\/www.3p-gmbh.de\/pt-br\/wp-json\/wp\/v2\/product_tag?post=91672"}],"curies":[{"name":"wp","href":"https:\/\/api.w.org\/{rel}","templated":true}]}}