{"id":91665,"date":"2019-07-11T13:58:58","date_gmt":"2019-07-11T13:58:58","guid":{"rendered":"https:\/\/www.3p-gmbh.de\/produkt\/maquina-de-lubrificacao-hang-piccolo\/"},"modified":"2019-07-11T13:58:58","modified_gmt":"2019-07-11T13:58:58","slug":"maquina-oes","status":"publish","type":"product","link":"https:\/\/www.3p-gmbh.de\/pt-br\/produkt\/maquina-oes\/","title":{"rendered":"M\u00e1quina de lubrifica\u00e7\u00e3o Hang Piccolo"},"content":{"rendered":"<p>Documentos importantes como bilhetes de identidade e contratos de 2 a 15 folhas s\u00e3o combinados de forma indissol\u00favel!<br \/>\n&#8211; para papel, cart\u00e3o ou similares Materiais at\u00e9 2 mm de espessura<br \/>\n&#8211; Funcionamento suave e inigual\u00e1vel<br \/>\n&#8211; Com alimenta\u00e7\u00e3o autom\u00e1tica de \u00f3leo atrav\u00e9s do dep\u00f3sito<br \/>\n&#8211; Perfura o furo e o ilh\u00f3 numa s\u00f3 opera\u00e7\u00e3o, sendo o pr\u00f3prio ilh\u00f3 a perfurar o furo<br \/>\n&#8211; Dispon\u00edvel com diferentes di\u00e2metros interiores de ilh\u00f3s<\/p>\n","protected":false},"excerpt":{"rendered":"<p>Documentos importantes como bilhetes de identidade e contratos de 2 a 15 folhas s\u00e3o combinados de forma indissol\u00favel! &#8211; para papel, cart\u00e3o ou similares Materiais at\u00e9 2 mm de espessura &#8211; Funcionamento suave e inigual\u00e1vel &#8211; Com alimenta\u00e7\u00e3o autom\u00e1tica de \u00f3leo atrav\u00e9s do dep\u00f3sito &#8211; Perfura o furo e o ilh\u00f3 numa s\u00f3 opera\u00e7\u00e3o, sendo [&hellip;]<\/p>\n","protected":false},"featured_media":69630,"template":"","meta":[],"product_brand":[],"product_cat":[3055],"product_tag":[],"class_list":{"0":"post-91665","1":"product","2":"type-product","3":"status-publish","4":"has-post-thumbnail","6":"product_cat-maquinas-de-lubrificacao","7":"pa_baujahr-165","8":"pa_hersteller-constantin-hang","9":"pa_typ-picolo-iii","11":"first","12":"instock","13":"sold-individually","14":"taxable","15":"shipping-taxable","16":"purchasable","17":"product-type-simple"},"jetpack_sharing_enabled":true,"_links":{"self":[{"href":"https:\/\/www.3p-gmbh.de\/pt-br\/wp-json\/wp\/v2\/product\/91665","targetHints":{"allow":["GET"]}}],"collection":[{"href":"https:\/\/www.3p-gmbh.de\/pt-br\/wp-json\/wp\/v2\/product"}],"about":[{"href":"https:\/\/www.3p-gmbh.de\/pt-br\/wp-json\/wp\/v2\/types\/product"}],"wp:featuredmedia":[{"embeddable":true,"href":"https:\/\/www.3p-gmbh.de\/pt-br\/wp-json\/wp\/v2\/media\/69630"}],"wp:attachment":[{"href":"https:\/\/www.3p-gmbh.de\/pt-br\/wp-json\/wp\/v2\/media?parent=91665"}],"wp:term":[{"taxonomy":"product_brand","embeddable":true,"href":"https:\/\/www.3p-gmbh.de\/pt-br\/wp-json\/wp\/v2\/product_brand?post=91665"},{"taxonomy":"product_cat","embeddable":true,"href":"https:\/\/www.3p-gmbh.de\/pt-br\/wp-json\/wp\/v2\/product_cat?post=91665"},{"taxonomy":"product_tag","embeddable":true,"href":"https:\/\/www.3p-gmbh.de\/pt-br\/wp-json\/wp\/v2\/product_tag?post=91665"}],"curies":[{"name":"wp","href":"https:\/\/api.w.org\/{rel}","templated":true}]}}