{"id":91659,"date":"2019-07-11T13:58:58","date_gmt":"2019-07-11T13:58:58","guid":{"rendered":"https:\/\/www.3p-gmbh.de\/produkt\/agitador-de-proa-muero-st\/"},"modified":"2019-07-11T13:58:58","modified_gmt":"2019-07-11T13:58:58","slug":"espanador-de-arco","status":"publish","type":"product","link":"https:\/\/www.3p-gmbh.de\/pt-br\/produkt\/espanador-de-arco\/","title":{"rendered":"Agitador de proa M\u00fcro ST"},"content":{"rendered":"<p>O jogger de folhas m\u00f3vel para depositar e alisar conjuntos de formul\u00e1rios agrupados e camadas de brochuras, bem como folhas impressas.<br \/>\nFor\u00e7a de vibra\u00e7\u00e3o ajust\u00e1vel atrav\u00e9s de uma porca de desequil\u00edbrio ajust\u00e1vel no eixo do motor.<br \/>\nVelocidade regul\u00e1vel do motor, rota\u00e7\u00e3o para a esquerda ou para a direita para um ajuste fino da for\u00e7a de agita\u00e7\u00e3o.<br \/>\nCassete de agita\u00e7\u00e3o inclin\u00e1vel at\u00e9 45\u00b0<br \/>\nFormato utiliz\u00e1vel: 61 x 76 cm<br \/>\nAltura da cassete: 10 cm<br \/>\nDimens\u00f5es exteriores: 45 x 45 cm<br \/>\nAltura: 75 &#8211; 95 cm, vari\u00e1vel<br \/>\nLiga\u00e7\u00e3o: 230 V<\/p>\n","protected":false},"excerpt":{"rendered":"<p>O jogger de folhas m\u00f3vel para depositar e alisar conjuntos de formul\u00e1rios agrupados e camadas de brochuras, bem como folhas impressas. For\u00e7a de vibra\u00e7\u00e3o ajust\u00e1vel atrav\u00e9s de uma porca de desequil\u00edbrio ajust\u00e1vel no eixo do motor. Velocidade regul\u00e1vel do motor, rota\u00e7\u00e3o para a esquerda ou para a direita para um ajuste fino da for\u00e7a de [&hellip;]<\/p>\n","protected":false},"featured_media":69585,"template":"","meta":[],"product_brand":[],"product_cat":[3069],"product_tag":[],"class_list":{"0":"post-91659","1":"product","2":"type-product","3":"status-publish","4":"has-post-thumbnail","6":"product_cat-mesas-vibratorias","7":"pa_baujahr-130","8":"pa_hersteller-muero","9":"pa_typ-st-61x76","11":"first","12":"instock","13":"sold-individually","14":"taxable","15":"shipping-taxable","16":"purchasable","17":"product-type-simple"},"jetpack_sharing_enabled":true,"_links":{"self":[{"href":"https:\/\/www.3p-gmbh.de\/pt-br\/wp-json\/wp\/v2\/product\/91659","targetHints":{"allow":["GET"]}}],"collection":[{"href":"https:\/\/www.3p-gmbh.de\/pt-br\/wp-json\/wp\/v2\/product"}],"about":[{"href":"https:\/\/www.3p-gmbh.de\/pt-br\/wp-json\/wp\/v2\/types\/product"}],"wp:featuredmedia":[{"embeddable":true,"href":"https:\/\/www.3p-gmbh.de\/pt-br\/wp-json\/wp\/v2\/media\/69585"}],"wp:attachment":[{"href":"https:\/\/www.3p-gmbh.de\/pt-br\/wp-json\/wp\/v2\/media?parent=91659"}],"wp:term":[{"taxonomy":"product_brand","embeddable":true,"href":"https:\/\/www.3p-gmbh.de\/pt-br\/wp-json\/wp\/v2\/product_brand?post=91659"},{"taxonomy":"product_cat","embeddable":true,"href":"https:\/\/www.3p-gmbh.de\/pt-br\/wp-json\/wp\/v2\/product_cat?post=91659"},{"taxonomy":"product_tag","embeddable":true,"href":"https:\/\/www.3p-gmbh.de\/pt-br\/wp-json\/wp\/v2\/product_tag?post=91659"}],"curies":[{"name":"wp","href":"https:\/\/api.w.org\/{rel}","templated":true}]}}