{"id":91657,"date":"2019-07-11T13:58:58","date_gmt":"2019-07-11T13:58:58","guid":{"rendered":"https:\/\/www.3p-gmbh.de\/produkt\/knorr-rla-6-pl-com-rolo-de-descarga-de-ar\/"},"modified":"2019-07-11T13:58:58","modified_gmt":"2019-07-11T13:58:58","slug":"maquina-automatica-de-lubrificacao-com-rolo-espalhador-de-ar","status":"publish","type":"product","link":"https:\/\/www.3p-gmbh.de\/pt-br\/produkt\/maquina-automatica-de-lubrificacao-com-rolo-espalhador-de-ar\/","title":{"rendered":"Knorr RLA 6 PL com rolo de descarga de ar"},"content":{"rendered":"<p>&#8211; com interface para um sistema de pin\u00e7as no lado esquerdo da mesa<br \/>\n&#8211; Batentes laterais pneum\u00e1ticos<br \/>\n&#8211; Mesa de ar em a\u00e7o inoxid\u00e1vel<br \/>\n&#8211; m\u00e1ximo. Tamanho da folha 105&#215;145 cm<br \/>\n&#8211; Altura da camada 165 mm<\/p>\n","protected":false},"excerpt":{"rendered":"<p>&#8211; com interface para um sistema de pin\u00e7as no lado esquerdo da mesa &#8211; Batentes laterais pneum\u00e1ticos &#8211; Mesa de ar em a\u00e7o inoxid\u00e1vel &#8211; m\u00e1ximo. Tamanho da folha 105&#215;145 cm &#8211; Altura da camada 165 mm<\/p>\n","protected":false},"featured_media":70689,"template":"","meta":[],"product_brand":[],"product_cat":[3069],"product_tag":[],"class_list":{"0":"post-91657","1":"product","2":"type-product","3":"status-publish","4":"has-post-thumbnail","6":"product_cat-mesas-vibratorias","7":"pa_baujahr-158","8":"pa_hersteller-knorr","9":"pa_typ-rla-6-pl","11":"first","12":"instock","13":"sold-individually","14":"taxable","15":"shipping-taxable","16":"purchasable","17":"product-type-simple"},"jetpack_sharing_enabled":true,"_links":{"self":[{"href":"https:\/\/www.3p-gmbh.de\/pt-br\/wp-json\/wp\/v2\/product\/91657","targetHints":{"allow":["GET"]}}],"collection":[{"href":"https:\/\/www.3p-gmbh.de\/pt-br\/wp-json\/wp\/v2\/product"}],"about":[{"href":"https:\/\/www.3p-gmbh.de\/pt-br\/wp-json\/wp\/v2\/types\/product"}],"wp:featuredmedia":[{"embeddable":true,"href":"https:\/\/www.3p-gmbh.de\/pt-br\/wp-json\/wp\/v2\/media\/70689"}],"wp:attachment":[{"href":"https:\/\/www.3p-gmbh.de\/pt-br\/wp-json\/wp\/v2\/media?parent=91657"}],"wp:term":[{"taxonomy":"product_brand","embeddable":true,"href":"https:\/\/www.3p-gmbh.de\/pt-br\/wp-json\/wp\/v2\/product_brand?post=91657"},{"taxonomy":"product_cat","embeddable":true,"href":"https:\/\/www.3p-gmbh.de\/pt-br\/wp-json\/wp\/v2\/product_cat?post=91657"},{"taxonomy":"product_tag","embeddable":true,"href":"https:\/\/www.3p-gmbh.de\/pt-br\/wp-json\/wp\/v2\/product_tag?post=91657"}],"curies":[{"name":"wp","href":"https:\/\/api.w.org\/{rel}","templated":true}]}}