{"id":91656,"date":"2019-07-11T13:58:58","date_gmt":"2019-07-11T13:58:58","guid":{"rendered":"https:\/\/www.3p-gmbh.de\/produkt\/producao-de-brochuras-mkw-rapid-ut-12\/"},"modified":"2019-07-11T13:58:58","modified_gmt":"2019-07-11T13:58:58","slug":"brochura-producao-4","status":"publish","type":"product","link":"https:\/\/www.3p-gmbh.de\/pt-br\/produkt\/brochura-producao-4\/","title":{"rendered":"Produ\u00e7\u00e3o de brochuras MKW Rapid UT 12"},"content":{"rendered":"<p>M\u00e1quina de recolha \/ produ\u00e7\u00e3o de brochuras MKW Rapid UT 12\/B3\/GS + SFT 350<br \/>\nAno de fabrico: 2008, Formato: min. 10 x 14 cm , m\u00e1x. 35 x 50 cm<\/p>\n<p>Equipamento: m\u00e1quina de recolha de 12 esta\u00e7\u00f5es<br \/>\nFuncionamento t\u00e1til TFT<br \/>\nMesa de circula\u00e7\u00e3o de correias dentadas com fun\u00e7\u00e3o tandem 1:1 e 2:1<br \/>\nPossibilidade de disparo em qualquer esta\u00e7\u00e3o<br \/>\nFun\u00e7\u00e3o de mudan\u00e7a de caixa de cart\u00e3o em qualquer esta\u00e7\u00e3o<br \/>\nAspirador basculante regul\u00e1vel<br \/>\nSoprador de ar lateral e frontal<br \/>\nm\u00e1ximo. Altura de empilhamento 700 mm<br \/>\nGramagem do papel de 14 &#8211; 1000 g\/m\u00b2<br \/>\nControlo eletr\u00f3nico de folhas duplas e em falta com medi\u00e7\u00e3o autom\u00e1tica<\/p>\n<p>Unidade de corte e dobragem de pontos SFT 350<br \/>\nAjuste r\u00e1pido do formato<br \/>\nCorte frontal com corte m\u00ednimo de 6 cm sobre a faca superior e inferior<br \/>\nAr de sopro na faca<br \/>\nDispositivo de prensagem regul\u00e1vel<br \/>\n2 cabe\u00e7as de costura Hohner 48\/S<\/p>\n<p>Agrupamento controlado por PC com a s\u00e9rie MKW RAPID\u00ae UT<br \/>\nO princ\u00edpio da mesa rotativa permite a produ\u00e7\u00e3o em tandem e garante<br \/>\num transporte seguro e silencioso do papel.<\/p>\n<p>Fun\u00e7\u00e3o tandem<br \/>\nO sistema tandem \u00e9 ativado por uma simples mudan\u00e7a no terminal de opera\u00e7\u00e3o.<br \/>\nA utiliza\u00e7\u00e3o paralela de duas esta\u00e7\u00f5es, cada uma com a mesma press\u00e3o, permite atingir at\u00e9 75<br \/>\nmaior rendimento da produ\u00e7\u00e3o.<\/p>\n<p>Fun\u00e7\u00e3o \u00fanica<br \/>\nAgrupamento standard em opera\u00e7\u00e3o 1:1<br \/>\npara um elevado n\u00famero de p\u00e1ginas.<\/p>\n<p>MKW RAPID UT &#8211; Controlo<br \/>\nA utiliza\u00e7\u00e3o da mais moderna tecnologia de PC industrial resulta em<br \/>\nControlo dos sistemas, controla a cola\u00e7\u00e3o digitalmente<br \/>\ne permite-lhe ligar-se \u00e0 sua produ\u00e7\u00e3o operacional<br \/>\ncontrolo.<br \/>\nO sistema operativo com ecr\u00e3 TFT de alta qualidade permite uma<br \/>\nfuncionamento descomplicado das m\u00e1quinas. Todas as defini\u00e7\u00f5es s\u00e3o efectuadas<br \/>\natrav\u00e9s de menus logicamente estruturados que podem ser facilmente acedidos no ecr\u00e3.<br \/>\ntornar-se. Orienta\u00e7\u00e3o do utilizador e ecr\u00e3s de estado com c\u00f3digos de cores<br \/>\ngarantir um processo de produ\u00e7\u00e3o optimizado.<\/p>\n<p>Guardar e recuperar configura\u00e7\u00f5es de trabalhos em segundos<br \/>\nContadores de produ\u00e7\u00e3o combin\u00e1veis para tiragens e separa\u00e7\u00f5es exactas<br \/>\nFun\u00e7\u00f5es especiais standard program\u00e1veis em qualquer esta\u00e7\u00e3o<br \/>\nControlo de qualidade em s\u00e9rie atrav\u00e9s da monitoriza\u00e7\u00e3o de folhas em falta e de folhas duplas por esta\u00e7\u00e3o<\/p>\n<p>Rejei\u00e7\u00e3o autom\u00e1tica de conjuntos defeituosos para um funcionamento sem paragens<br \/>\nSele\u00e7\u00e3o din\u00e2mica de esta\u00e7\u00f5es para tempos de prepara\u00e7\u00e3o mais curtos durante as mudan\u00e7as de trabalho<\/p>\n","protected":false},"excerpt":{"rendered":"<p>M\u00e1quina de recolha \/ produ\u00e7\u00e3o de brochuras MKW Rapid UT 12\/B3\/GS + SFT 350 Ano de fabrico: 2008, Formato: min. 10 x 14 cm , m\u00e1x. 35 x 50 cm Equipamento: m\u00e1quina de recolha de 12 esta\u00e7\u00f5es Funcionamento t\u00e1til TFT Mesa de circula\u00e7\u00e3o de correias dentadas com fun\u00e7\u00e3o tandem 1:1 e 2:1 Possibilidade de disparo [&hellip;]<\/p>\n","protected":false},"featured_media":70677,"template":"","meta":[],"product_brand":[],"product_cat":[2951],"product_tag":[],"class_list":{"0":"post-91656","1":"product","2":"type-product","3":"status-publish","4":"has-post-thumbnail","6":"product_cat-sistemas-de-producao-de-folhetos","7":"pa_baujahr-326","8":"pa_hersteller-mkw","9":"pa_typ-rapid-ut-12-b3-gs","11":"first","12":"instock","13":"sold-individually","14":"taxable","15":"shipping-taxable","16":"purchasable","17":"product-type-simple"},"jetpack_sharing_enabled":true,"_links":{"self":[{"href":"https:\/\/www.3p-gmbh.de\/pt-br\/wp-json\/wp\/v2\/product\/91656","targetHints":{"allow":["GET"]}}],"collection":[{"href":"https:\/\/www.3p-gmbh.de\/pt-br\/wp-json\/wp\/v2\/product"}],"about":[{"href":"https:\/\/www.3p-gmbh.de\/pt-br\/wp-json\/wp\/v2\/types\/product"}],"wp:featuredmedia":[{"embeddable":true,"href":"https:\/\/www.3p-gmbh.de\/pt-br\/wp-json\/wp\/v2\/media\/70677"}],"wp:attachment":[{"href":"https:\/\/www.3p-gmbh.de\/pt-br\/wp-json\/wp\/v2\/media?parent=91656"}],"wp:term":[{"taxonomy":"product_brand","embeddable":true,"href":"https:\/\/www.3p-gmbh.de\/pt-br\/wp-json\/wp\/v2\/product_brand?post=91656"},{"taxonomy":"product_cat","embeddable":true,"href":"https:\/\/www.3p-gmbh.de\/pt-br\/wp-json\/wp\/v2\/product_cat?post=91656"},{"taxonomy":"product_tag","embeddable":true,"href":"https:\/\/www.3p-gmbh.de\/pt-br\/wp-json\/wp\/v2\/product_tag?post=91656"}],"curies":[{"name":"wp","href":"https:\/\/api.w.org\/{rel}","templated":true}]}}