{"id":91652,"date":"2019-07-11T13:58:58","date_gmt":"2019-07-11T13:58:58","guid":{"rendered":"https:\/\/www.3p-gmbh.de\/produkt\/maquina-de-numeracao-graphic-whizard-gw-8000-e-sa\/"},"modified":"2019-07-11T13:58:58","modified_gmt":"2019-07-11T13:58:58","slug":"maquina-de-numerar","status":"publish","type":"product","link":"https:\/\/www.3p-gmbh.de\/pt-br\/produkt\/maquina-de-numerar\/","title":{"rendered":"M\u00e1quina de Numera\u00e7\u00e3o Graphic Whizard GW 8000 E-SA"},"content":{"rendered":"<p>Controlo do programa<br \/>\nPot\u00eancia 8000 ciclos<br \/>\nAlimentador de ar de aspira\u00e7\u00e3o (Schneider)<br \/>\nm\u00e1ximo. Tamanho da folha 45x45xm<br \/>\nm\u00e1ximo. Peso de base 45-300g\/m2<br \/>\n0,010 Precis\u00e3o<br \/>\nat\u00e9 4 cabe\u00e7as de numera\u00e7\u00e3o poss\u00edveis (uma cabe\u00e7a incorporada)<br \/>\nPossibilidade de perfura\u00e7\u00e3o longitudinal, corte e vinco<\/p>\n","protected":false},"excerpt":{"rendered":"<p>Controlo do programa Pot\u00eancia 8000 ciclos Alimentador de ar de aspira\u00e7\u00e3o (Schneider) m\u00e1ximo. Tamanho da folha 45x45xm m\u00e1ximo. Peso de base 45-300g\/m2 0,010 Precis\u00e3o at\u00e9 4 cabe\u00e7as de numera\u00e7\u00e3o poss\u00edveis (uma cabe\u00e7a incorporada) Possibilidade de perfura\u00e7\u00e3o longitudinal, corte e vinco<\/p>\n","protected":false},"featured_media":69609,"template":"","meta":[],"product_brand":[],"product_cat":[3119],"product_tag":[],"class_list":{"0":"post-91652","1":"product","2":"type-product","3":"status-publish","4":"has-post-thumbnail","6":"product_cat-maquinas-de-numeracao","7":"pa_baujahr-140","8":"pa_hersteller-graphic-whizard","9":"pa_typ-gw-8000-e-sa","11":"first","12":"instock","13":"sold-individually","14":"taxable","15":"shipping-taxable","16":"purchasable","17":"product-type-simple"},"jetpack_sharing_enabled":true,"_links":{"self":[{"href":"https:\/\/www.3p-gmbh.de\/pt-br\/wp-json\/wp\/v2\/product\/91652","targetHints":{"allow":["GET"]}}],"collection":[{"href":"https:\/\/www.3p-gmbh.de\/pt-br\/wp-json\/wp\/v2\/product"}],"about":[{"href":"https:\/\/www.3p-gmbh.de\/pt-br\/wp-json\/wp\/v2\/types\/product"}],"wp:featuredmedia":[{"embeddable":true,"href":"https:\/\/www.3p-gmbh.de\/pt-br\/wp-json\/wp\/v2\/media\/69609"}],"wp:attachment":[{"href":"https:\/\/www.3p-gmbh.de\/pt-br\/wp-json\/wp\/v2\/media?parent=91652"}],"wp:term":[{"taxonomy":"product_brand","embeddable":true,"href":"https:\/\/www.3p-gmbh.de\/pt-br\/wp-json\/wp\/v2\/product_brand?post=91652"},{"taxonomy":"product_cat","embeddable":true,"href":"https:\/\/www.3p-gmbh.de\/pt-br\/wp-json\/wp\/v2\/product_cat?post=91652"},{"taxonomy":"product_tag","embeddable":true,"href":"https:\/\/www.3p-gmbh.de\/pt-br\/wp-json\/wp\/v2\/product_tag?post=91652"}],"curies":[{"name":"wp","href":"https:\/\/api.w.org\/{rel}","templated":true}]}}