{"id":91648,"date":"2019-07-11T13:59:08","date_gmt":"2019-07-11T13:59:08","guid":{"rendered":"https:\/\/www.3p-gmbh.de\/produkt\/maquina-de-perfuracao-de-papel-de-quatro-eixos-hang-136-4\/"},"modified":"2019-07-11T13:59:08","modified_gmt":"2019-07-11T13:59:08","slug":"maquina-de-perfuracao-de-papel-de-quatro-mandris-3","status":"publish","type":"product","link":"https:\/\/www.3p-gmbh.de\/pt-br\/produkt\/maquina-de-perfuracao-de-papel-de-quatro-mandris-3\/","title":{"rendered":"M\u00e1quina de perfura\u00e7\u00e3o de papel de quatro eixos Hang 136-4"},"content":{"rendered":"<p>&#8211; 4 fusos com curso autom\u00e1tico<br \/>\n&#8211; Espa\u00e7amento entre furos ajust\u00e1vel de 36 mm &#8211; 260 mm<br \/>\n&#8211; Di\u00e2metro da broca 3 &#8211; 8 mm<br \/>\n&#8211; Altura de empilhamento at\u00e9 ao m\u00e1ximo. 60 mm<br \/>\n&#8211; Velocidade da broca 1800 rpm.<br \/>\n&#8211; Velocidade do curso do fuso 21 \u00b9\/min.<br \/>\n&#8211; Profundidade de trabalho 120 mm<br \/>\n&#8211; batente traseiro de regula\u00e7\u00e3o cont\u00ednua de 6 a 120 mm com escala<br \/>\n&#8211; Borda frontal da mesa at\u00e9 ao centro de perfura\u00e7\u00e3o 300 mm<br \/>\n&#8211; Tens\u00e3o\/frequ\u00eancia: 400 volts, trif\u00e1sico. 50 Hz.<\/p>\n","protected":false},"excerpt":{"rendered":"<p>&#8211; 4 fusos com curso autom\u00e1tico &#8211; Espa\u00e7amento entre furos ajust\u00e1vel de 36 mm &#8211; 260 mm &#8211; Di\u00e2metro da broca 3 &#8211; 8 mm &#8211; Altura de empilhamento at\u00e9 ao m\u00e1ximo. 60 mm &#8211; Velocidade da broca 1800 rpm. &#8211; Velocidade do curso do fuso 21 \u00b9\/min. &#8211; Profundidade de trabalho 120 mm &#8211; [&hellip;]<\/p>\n","protected":false},"featured_media":69837,"template":"","meta":[],"product_brand":[],"product_cat":[2958],"product_tag":[],"class_list":{"0":"post-91648","1":"product","2":"type-product","3":"status-publish","4":"has-post-thumbnail","6":"product_cat-brocas-de-papel","7":"pa_baujahr-194","8":"pa_hersteller-constantin-hang","9":"pa_typ-136-4","11":"first","12":"instock","13":"sold-individually","14":"taxable","15":"shipping-taxable","16":"purchasable","17":"product-type-simple"},"jetpack_sharing_enabled":true,"_links":{"self":[{"href":"https:\/\/www.3p-gmbh.de\/pt-br\/wp-json\/wp\/v2\/product\/91648","targetHints":{"allow":["GET"]}}],"collection":[{"href":"https:\/\/www.3p-gmbh.de\/pt-br\/wp-json\/wp\/v2\/product"}],"about":[{"href":"https:\/\/www.3p-gmbh.de\/pt-br\/wp-json\/wp\/v2\/types\/product"}],"wp:featuredmedia":[{"embeddable":true,"href":"https:\/\/www.3p-gmbh.de\/pt-br\/wp-json\/wp\/v2\/media\/69837"}],"wp:attachment":[{"href":"https:\/\/www.3p-gmbh.de\/pt-br\/wp-json\/wp\/v2\/media?parent=91648"}],"wp:term":[{"taxonomy":"product_brand","embeddable":true,"href":"https:\/\/www.3p-gmbh.de\/pt-br\/wp-json\/wp\/v2\/product_brand?post=91648"},{"taxonomy":"product_cat","embeddable":true,"href":"https:\/\/www.3p-gmbh.de\/pt-br\/wp-json\/wp\/v2\/product_cat?post=91648"},{"taxonomy":"product_tag","embeddable":true,"href":"https:\/\/www.3p-gmbh.de\/pt-br\/wp-json\/wp\/v2\/product_tag?post=91648"}],"curies":[{"name":"wp","href":"https:\/\/api.w.org\/{rel}","templated":true}]}}