{"id":91644,"date":"2019-07-11T13:59:08","date_gmt":"2019-07-11T13:59:08","guid":{"rendered":"https:\/\/www.3p-gmbh.de\/produkt\/maquina-de-colagem-universal-tuenkers\/"},"modified":"2019-07-11T13:59:08","modified_gmt":"2019-07-11T13:59:08","slug":"maquina-de-colagem-universal","status":"publish","type":"product","link":"https:\/\/www.3p-gmbh.de\/pt-br\/produkt\/maquina-de-colagem-universal\/","title":{"rendered":"M\u00e1quina de colagem universal T\u00fcnkers"},"content":{"rendered":"<p>M\u00e1quina de colagem T\u00fcnkers Fasson com unidade manual e correia de distribui\u00e7\u00e3o com press\u00e3o de contacto<br \/>\nAs m\u00e1quinas de colagem universais UAM da T\u00fcnkers s\u00e3o m\u00e1quinas vers\u00e1teis e polivalentes para uma colagem eficiente, adequadas para o processamento de folhas de papel e cart\u00e3o, couro e materiais semelhantes.<\/p>\n<p>Ano de fabrico 1994<br \/>\nProdu\u00e7\u00e3o at\u00e9 2000 Bg.\/hora<br \/>\nFormato min. 210x296mm<br \/>\nFormato m\u00e1ximo. 1100x1400mm<br \/>\nLargura de trabalho 1100 mm<br \/>\nPossibilidade de colagem de faces, de bordos e de tiras<br \/>\nConce\u00e7\u00e3o modular, pelo que pode ser actualizada em qualquer altura<br \/>\nTempos de mudan\u00e7a curtos, manuseamento simples<br \/>\nTapete transportador de descarga livremente acess\u00edvel<br \/>\nsistema autom\u00e1tico de regula\u00e7\u00e3o de adesivos<br \/>\nPossibilidade de processamento de cola fria e quente, bem como de pasta ou l\u00e1tex<\/p>\n","protected":false},"excerpt":{"rendered":"<p>M\u00e1quina de colagem T\u00fcnkers Fasson com unidade manual e correia de distribui\u00e7\u00e3o com press\u00e3o de contacto As m\u00e1quinas de colagem universais UAM da T\u00fcnkers s\u00e3o m\u00e1quinas vers\u00e1teis e polivalentes para uma colagem eficiente, adequadas para o processamento de folhas de papel e cart\u00e3o, couro e materiais semelhantes. Ano de fabrico 1994 Produ\u00e7\u00e3o at\u00e9 2000 Bg.\/hora [&hellip;]<\/p>\n","protected":false},"featured_media":69891,"template":"","meta":[],"product_brand":[],"product_cat":[2868],"product_tag":[],"class_list":{"0":"post-91644","1":"product","2":"type-product","3":"status-publish","4":"has-post-thumbnail","6":"product_cat-outras-transformacoes-posteriores","7":"pa_baujahr-155","8":"pa_hersteller-tuenkers-2","9":"pa_typ-universalanleimmaschine","11":"first","12":"instock","13":"sold-individually","14":"taxable","15":"shipping-taxable","16":"purchasable","17":"product-type-simple"},"jetpack_sharing_enabled":true,"_links":{"self":[{"href":"https:\/\/www.3p-gmbh.de\/pt-br\/wp-json\/wp\/v2\/product\/91644","targetHints":{"allow":["GET"]}}],"collection":[{"href":"https:\/\/www.3p-gmbh.de\/pt-br\/wp-json\/wp\/v2\/product"}],"about":[{"href":"https:\/\/www.3p-gmbh.de\/pt-br\/wp-json\/wp\/v2\/types\/product"}],"wp:featuredmedia":[{"embeddable":true,"href":"https:\/\/www.3p-gmbh.de\/pt-br\/wp-json\/wp\/v2\/media\/69891"}],"wp:attachment":[{"href":"https:\/\/www.3p-gmbh.de\/pt-br\/wp-json\/wp\/v2\/media?parent=91644"}],"wp:term":[{"taxonomy":"product_brand","embeddable":true,"href":"https:\/\/www.3p-gmbh.de\/pt-br\/wp-json\/wp\/v2\/product_brand?post=91644"},{"taxonomy":"product_cat","embeddable":true,"href":"https:\/\/www.3p-gmbh.de\/pt-br\/wp-json\/wp\/v2\/product_cat?post=91644"},{"taxonomy":"product_tag","embeddable":true,"href":"https:\/\/www.3p-gmbh.de\/pt-br\/wp-json\/wp\/v2\/product_tag?post=91644"}],"curies":[{"name":"wp","href":"https:\/\/api.w.org\/{rel}","templated":true}]}}