{"id":91637,"date":"2019-07-11T13:59:08","date_gmt":"2019-07-11T13:59:08","guid":{"rendered":"https:\/\/www.3p-gmbh.de\/produkt\/jogger-polar-rb-2-de-tamanho-medio\/"},"modified":"2019-07-11T13:59:08","modified_gmt":"2019-07-11T13:59:08","slug":"maquina-de-roleta-de-tamanho-medio","status":"publish","type":"product","link":"https:\/\/www.3p-gmbh.de\/pt-br\/produkt\/maquina-de-roleta-de-tamanho-medio\/","title":{"rendered":"Jogger Polar RB-2 de tamanho m\u00e9dio"},"content":{"rendered":"<p>Polar Jogger RB 2<br \/>\nAno de fabrico 2003<br \/>\nGama de dimens\u00f5es da mesa de ar (superf\u00edcie utiliz\u00e1vel da mesa) 72 x 87 cm<br \/>\nAltura da mesa continuamente ajust\u00e1vel de 86 a 95 cm<\/p>\n","protected":false},"excerpt":{"rendered":"<p>Polar Jogger RB 2 Ano de fabrico 2003 Gama de dimens\u00f5es da mesa de ar (superf\u00edcie utiliz\u00e1vel da mesa) 72 x 87 cm Altura da mesa continuamente ajust\u00e1vel de 86 a 95 cm<\/p>\n","protected":false},"featured_media":70671,"template":"","meta":[],"product_brand":[],"product_cat":[3069],"product_tag":[],"class_list":{"0":"post-91637","1":"product","2":"type-product","3":"status-publish","4":"has-post-thumbnail","6":"product_cat-mesas-vibratorias","7":"pa_baujahr-182","8":"pa_hersteller-polar-mohr-hofheim","9":"pa_typ-polar-rb-2","11":"first","12":"instock","13":"sold-individually","14":"taxable","15":"shipping-taxable","16":"purchasable","17":"product-type-simple"},"jetpack_sharing_enabled":true,"_links":{"self":[{"href":"https:\/\/www.3p-gmbh.de\/pt-br\/wp-json\/wp\/v2\/product\/91637","targetHints":{"allow":["GET"]}}],"collection":[{"href":"https:\/\/www.3p-gmbh.de\/pt-br\/wp-json\/wp\/v2\/product"}],"about":[{"href":"https:\/\/www.3p-gmbh.de\/pt-br\/wp-json\/wp\/v2\/types\/product"}],"wp:featuredmedia":[{"embeddable":true,"href":"https:\/\/www.3p-gmbh.de\/pt-br\/wp-json\/wp\/v2\/media\/70671"}],"wp:attachment":[{"href":"https:\/\/www.3p-gmbh.de\/pt-br\/wp-json\/wp\/v2\/media?parent=91637"}],"wp:term":[{"taxonomy":"product_brand","embeddable":true,"href":"https:\/\/www.3p-gmbh.de\/pt-br\/wp-json\/wp\/v2\/product_brand?post=91637"},{"taxonomy":"product_cat","embeddable":true,"href":"https:\/\/www.3p-gmbh.de\/pt-br\/wp-json\/wp\/v2\/product_cat?post=91637"},{"taxonomy":"product_tag","embeddable":true,"href":"https:\/\/www.3p-gmbh.de\/pt-br\/wp-json\/wp\/v2\/product_tag?post=91637"}],"curies":[{"name":"wp","href":"https:\/\/api.w.org\/{rel}","templated":true}]}}