{"id":91627,"date":"2019-07-11T13:59:08","date_gmt":"2019-07-11T13:59:08","guid":{"rendered":"https:\/\/www.3p-gmbh.de\/produkt\/maquina-de-dobrar-e-vincar-ernst-nagel-morgana-digifold-pro\/"},"modified":"2019-07-11T13:59:08","modified_gmt":"2019-07-11T13:59:08","slug":"maquina-de-vincar-e-dobrar","status":"publish","type":"product","link":"https:\/\/www.3p-gmbh.de\/pt-br\/produkt\/maquina-de-vincar-e-dobrar\/","title":{"rendered":"M\u00e1quina de dobrar e vincar Ernst Nagel\/Morgana Digifold Pro"},"content":{"rendered":"<p>O DigiFold Pro combina a tecnologia de vinco comprovada de um AutoRillnak com um sistema de dobragem convincente.<br \/>\nO risco de marcar ou riscar materiais sens\u00edveis durante o processamento posterior \u00e9 significativamente reduzido.<br \/>\ne obt\u00e9m-se uma dobra perfeitamente n\u00edtida e sem danos, ideal para a impress\u00e3o digital, mas n\u00e3o s\u00f3.<br \/>\nA combina\u00e7\u00e3o do vinco e da dobragem numa unidade compacta cria uma m\u00e1quina altamente produtiva e f\u00e1cil de utilizar,<br \/>\ncentro de acabamento m\u00f3vel que trabalha eficazmente com impress\u00f5es digitais, bem como com materiais espessos e pesados.<\/p>\n<p>Vantagens<br \/>\nQualidade &#8211; o papel vincado permite uma dobra de alta qualidade at\u00e9 0,4 mm (aprox. 400 gramas\/m\u00b2)<br \/>\nVelocidade &#8211; at\u00e9 6.000 cadernos \/ hora<br \/>\nFuncionamento &#8211; ecr\u00e3 t\u00e1til grande e n\u00edtido<br \/>\ne tipos de dobragem pr\u00e9-definidos para um ajuste f\u00e1cil e r\u00e1pido, mesmo nos percursos mais curtos<br \/>\nTempo de prepara\u00e7\u00e3o &#8211; esfor\u00e7o m\u00ednimo de prepara\u00e7\u00e3o mesmo para as tiragens mais pequenas<br \/>\nPequenas tiragens, altera\u00e7\u00f5es de \u00faltima hora devido a datas vari\u00e1veis, personaliza\u00e7\u00f5es<br \/>\ne as impress\u00f5es personalizadas exigem uma elevada flexibilidade e tempos de produ\u00e7\u00e3o curtos, especialmente para as impressoras digitais.<br \/>\nAs m\u00e1quinas de acabamento tamb\u00e9m t\u00eam de ser capazes de acompanhar o ritmo.<br \/>\nTempos de prepara\u00e7\u00e3o curtos, desperd\u00edcio m\u00ednimo e facilidade de utiliza\u00e7\u00e3o est\u00e3o entre os crit\u00e9rios elementares.<\/p>\n","protected":false},"excerpt":{"rendered":"<p>O DigiFold Pro combina a tecnologia de vinco comprovada de um AutoRillnak com um sistema de dobragem convincente. O risco de marcar ou riscar materiais sens\u00edveis durante o processamento posterior \u00e9 significativamente reduzido. e obt\u00e9m-se uma dobra perfeitamente n\u00edtida e sem danos, ideal para a impress\u00e3o digital, mas n\u00e3o s\u00f3. A combina\u00e7\u00e3o do vinco e [&hellip;]<\/p>\n","protected":false},"featured_media":69885,"template":"","meta":[],"product_brand":[],"product_cat":[2979],"product_tag":[],"class_list":{"0":"post-91627","1":"product","2":"type-product","3":"status-publish","4":"has-post-thumbnail","6":"product_cat-maquinas-de-dobrar","7":"pa_baujahr-137","8":"pa_hersteller-ernst-nagel-morgana","9":"pa_typ-digifold-pro","11":"first","12":"instock","13":"sold-individually","14":"taxable","15":"shipping-taxable","16":"purchasable","17":"product-type-simple"},"jetpack_sharing_enabled":true,"_links":{"self":[{"href":"https:\/\/www.3p-gmbh.de\/pt-br\/wp-json\/wp\/v2\/product\/91627","targetHints":{"allow":["GET"]}}],"collection":[{"href":"https:\/\/www.3p-gmbh.de\/pt-br\/wp-json\/wp\/v2\/product"}],"about":[{"href":"https:\/\/www.3p-gmbh.de\/pt-br\/wp-json\/wp\/v2\/types\/product"}],"wp:featuredmedia":[{"embeddable":true,"href":"https:\/\/www.3p-gmbh.de\/pt-br\/wp-json\/wp\/v2\/media\/69885"}],"wp:attachment":[{"href":"https:\/\/www.3p-gmbh.de\/pt-br\/wp-json\/wp\/v2\/media?parent=91627"}],"wp:term":[{"taxonomy":"product_brand","embeddable":true,"href":"https:\/\/www.3p-gmbh.de\/pt-br\/wp-json\/wp\/v2\/product_brand?post=91627"},{"taxonomy":"product_cat","embeddable":true,"href":"https:\/\/www.3p-gmbh.de\/pt-br\/wp-json\/wp\/v2\/product_cat?post=91627"},{"taxonomy":"product_tag","embeddable":true,"href":"https:\/\/www.3p-gmbh.de\/pt-br\/wp-json\/wp\/v2\/product_tag?post=91627"}],"curies":[{"name":"wp","href":"https:\/\/api.w.org\/{rel}","templated":true}]}}