{"id":91619,"date":"2019-07-11T13:59:08","date_gmt":"2019-07-11T13:59:08","guid":{"rendered":"https:\/\/www.3p-gmbh.de\/produkt\/theisen-bonitz-flex-b-310-vp-producao-de-brochuras\/"},"modified":"2019-07-11T13:59:08","modified_gmt":"2019-07-11T13:59:08","slug":"brochura-producao-5","status":"publish","type":"product","link":"https:\/\/www.3p-gmbh.de\/pt-br\/produkt\/brochura-producao-5\/","title":{"rendered":"Theisen &amp; Bonitz Flex B 310 VP produ\u00e7\u00e3o de brochuras"},"content":{"rendered":"<p>&#8211; Ano de fabrico 1998<br \/>\n&#8211; com ecr\u00e3 t\u00e1til PLC<br \/>\n&#8211; Sa\u00edda 3300 ciclos\/hora com rel\u00f3gio 2:1 4200\/hora<br \/>\n&#8211; 10 alimentadores A3 + toler\u00e2ncia manual direita ou 20 alimentadores A4 Plus + toler\u00e2ncia manual direita<br \/>\n&#8211; Formato M\u00e1x. 35x50cm<br \/>\n&#8211; Formato Min. 6,5 x 10cm<br \/>\n&#8211; Altura m\u00e1xima de empilhamento 300 mm<br \/>\n&#8211; Ponte Sch\u00fcttler<br \/>\n&#8211; Controlo de folhas duplas e em falta<br \/>\n&#8211; Agitador de entrega B 3 com desvio<\/p>\n<p>Unidade de agrafar\/dobrar\/cortar para o acabamento frontal tp sprint QSM 303<br \/>\n&#8211; Ano de fabrico 1999<br \/>\n&#8211; Sa\u00edda 4200 ciclos\/hora (consoante o formato)<br \/>\n&#8211; Dispositivo de dobragem da prensa com regula\u00e7\u00e3o motorizada<br \/>\n&#8211; 2 cabe\u00e7as de costura standard Hohner<br \/>\n&#8211; Kit de convers\u00e3o de 2 ilh\u00f3s de anel para cabe\u00e7as de haste Hohner<br \/>\n&#8211; Exibir contagem e com pontap\u00e9 de sa\u00edda<\/p>\n","protected":false},"excerpt":{"rendered":"<p>&#8211; Ano de fabrico 1998 &#8211; com ecr\u00e3 t\u00e1til PLC &#8211; Sa\u00edda 3300 ciclos\/hora com rel\u00f3gio 2:1 4200\/hora &#8211; 10 alimentadores A3 + toler\u00e2ncia manual direita ou 20 alimentadores A4 Plus + toler\u00e2ncia manual direita &#8211; Formato M\u00e1x. 35x50cm &#8211; Formato Min. 6,5 x 10cm &#8211; Altura m\u00e1xima de empilhamento 300 mm &#8211; Ponte Sch\u00fcttler [&hellip;]<\/p>\n","protected":false},"featured_media":69867,"template":"","meta":[],"product_brand":[],"product_cat":[2951],"product_tag":[],"class_list":{"0":"post-91619","1":"product","2":"type-product","3":"status-publish","4":"has-post-thumbnail","6":"product_cat-sistemas-de-producao-de-folhetos","7":"pa_baujahr-158","8":"pa_hersteller-theisen-bonitz","9":"pa_typ-flex-b-310-vp-qsm-303","11":"first","12":"instock","13":"sold-individually","14":"taxable","15":"shipping-taxable","16":"purchasable","17":"product-type-simple"},"jetpack_sharing_enabled":true,"_links":{"self":[{"href":"https:\/\/www.3p-gmbh.de\/pt-br\/wp-json\/wp\/v2\/product\/91619","targetHints":{"allow":["GET"]}}],"collection":[{"href":"https:\/\/www.3p-gmbh.de\/pt-br\/wp-json\/wp\/v2\/product"}],"about":[{"href":"https:\/\/www.3p-gmbh.de\/pt-br\/wp-json\/wp\/v2\/types\/product"}],"wp:featuredmedia":[{"embeddable":true,"href":"https:\/\/www.3p-gmbh.de\/pt-br\/wp-json\/wp\/v2\/media\/69867"}],"wp:attachment":[{"href":"https:\/\/www.3p-gmbh.de\/pt-br\/wp-json\/wp\/v2\/media?parent=91619"}],"wp:term":[{"taxonomy":"product_brand","embeddable":true,"href":"https:\/\/www.3p-gmbh.de\/pt-br\/wp-json\/wp\/v2\/product_brand?post=91619"},{"taxonomy":"product_cat","embeddable":true,"href":"https:\/\/www.3p-gmbh.de\/pt-br\/wp-json\/wp\/v2\/product_cat?post=91619"},{"taxonomy":"product_tag","embeddable":true,"href":"https:\/\/www.3p-gmbh.de\/pt-br\/wp-json\/wp\/v2\/product_tag?post=91619"}],"curies":[{"name":"wp","href":"https:\/\/api.w.org\/{rel}","templated":true}]}}