{"id":91613,"date":"2019-12-03T15:34:42","date_gmt":"2019-12-03T15:34:42","guid":{"rendered":"https:\/\/www.3p-gmbh.de\/produkt\/stahlfolder-topline-td-66-4-com-controlo-dct-3-tes-dobrador-de-chapa-com-fivela-heidelberg\/"},"modified":"2019-12-03T15:34:42","modified_gmt":"2019-12-03T15:34:42","slug":"steelfolder-topline-td-66-4-with-dct-control-3-tes-pocket-folding-mill-heidelberg","status":"publish","type":"product","link":"https:\/\/www.3p-gmbh.de\/pt-br\/produkt\/steelfolder-topline-td-66-4-with-dct-control-3-tes-pocket-folding-mill-heidelberg\/","title":{"rendered":"Stahlfolder Topline TD 66-4 com controlo DCT 3.tes dobrador de chapa com fivela Heidelberg"},"content":{"rendered":"<p>Formato 66 x 84cm<\/p>\n<p>Controlo DCT<br \/>\nMesa de rolos inclinada Posi\u00e7\u00e3o da r\u00e9gua como 3. Trabalho com 4 bolsos 66cm<br \/>\ne bloco de corte a jusante<\/p>\n","protected":false},"excerpt":{"rendered":"<p>Formato 66 x 84cm Controlo DCT Mesa de rolos inclinada Posi\u00e7\u00e3o da r\u00e9gua como 3. Trabalho com 4 bolsos 66cm e bloco de corte a jusante<\/p>\n","protected":false},"featured_media":75921,"template":"","meta":[],"product_brand":[],"product_cat":[2912],"product_tag":[],"class_list":{"0":"post-91613","1":"product","2":"type-product","3":"status-publish","4":"has-post-thumbnail","6":"product_cat-unidades-de-dobragem","7":"pa_hersteller-heidelberg-stahlfolder","8":"pa_typ-topline-td-66-4-mit-dct-steuerung","10":"first","11":"instock","12":"taxable","13":"shipping-taxable","14":"purchasable","15":"product-type-simple"},"jetpack_sharing_enabled":true,"_links":{"self":[{"href":"https:\/\/www.3p-gmbh.de\/pt-br\/wp-json\/wp\/v2\/product\/91613","targetHints":{"allow":["GET"]}}],"collection":[{"href":"https:\/\/www.3p-gmbh.de\/pt-br\/wp-json\/wp\/v2\/product"}],"about":[{"href":"https:\/\/www.3p-gmbh.de\/pt-br\/wp-json\/wp\/v2\/types\/product"}],"wp:featuredmedia":[{"embeddable":true,"href":"https:\/\/www.3p-gmbh.de\/pt-br\/wp-json\/wp\/v2\/media\/75921"}],"wp:attachment":[{"href":"https:\/\/www.3p-gmbh.de\/pt-br\/wp-json\/wp\/v2\/media?parent=91613"}],"wp:term":[{"taxonomy":"product_brand","embeddable":true,"href":"https:\/\/www.3p-gmbh.de\/pt-br\/wp-json\/wp\/v2\/product_brand?post=91613"},{"taxonomy":"product_cat","embeddable":true,"href":"https:\/\/www.3p-gmbh.de\/pt-br\/wp-json\/wp\/v2\/product_cat?post=91613"},{"taxonomy":"product_tag","embeddable":true,"href":"https:\/\/www.3p-gmbh.de\/pt-br\/wp-json\/wp\/v2\/product_tag?post=91613"}],"curies":[{"name":"wp","href":"https:\/\/api.w.org\/{rel}","templated":true}]}}