{"id":91609,"date":"2019-12-03T15:59:15","date_gmt":"2019-12-03T15:59:15","guid":{"rendered":"https:\/\/www.3p-gmbh.de\/produkt\/maquina-de-aplicacao-de-cintas-movel-band-all-modelo-ba-32-50\/"},"modified":"2019-12-03T15:59:15","modified_gmt":"2019-12-03T15:59:15","slug":"maquina-de-banda-larga-modelo-ba-32-50-movel","status":"publish","type":"product","link":"https:\/\/www.3p-gmbh.de\/pt-br\/produkt\/maquina-de-banda-larga-modelo-ba-32-50-movel\/","title":{"rendered":"M\u00e1quina de aplica\u00e7\u00e3o de cintas m\u00f3vel Band All Modelo BA 32-50"},"content":{"rendered":"<p>para pel\u00edcula de pl\u00e1stico (tamb\u00e9m extremamente fina) e fita de papel<br \/>\nLargura de banda: 50 mm<br \/>\nEmbalagens: 275 x 205 mm<br \/>\nPodem ser guardados v\u00e1rios programas<br \/>\nAjuste da tens\u00e3o da correia<br \/>\nDefini\u00e7\u00e3o do tempo de soldadura<br \/>\nAjustamento da dura\u00e7\u00e3o da execu\u00e7\u00e3o<br \/>\nV\u00e1rias outras defini\u00e7\u00f5es<br \/>\nLiga\u00e7\u00e3o pneum\u00e1tica (ar comprimido a fornecer pelo cliente)<br \/>\nLiga\u00e7\u00e3o: 230 V<br \/>\nPeso aprox. kg<br \/>\nDimens\u00f5es: 700 x 530 x 1.290 mm (L x P x A)<\/p>\n","protected":false},"excerpt":{"rendered":"<p>para pel\u00edcula de pl\u00e1stico (tamb\u00e9m extremamente fina) e fita de papel Largura de banda: 50 mm Embalagens: 275 x 205 mm Podem ser guardados v\u00e1rios programas Ajuste da tens\u00e3o da correia Defini\u00e7\u00e3o do tempo de soldadura Ajustamento da dura\u00e7\u00e3o da execu\u00e7\u00e3o V\u00e1rias outras defini\u00e7\u00f5es Liga\u00e7\u00e3o pneum\u00e1tica (ar comprimido a fornecer pelo cliente) Liga\u00e7\u00e3o: 230 V [&hellip;]<\/p>\n","protected":false},"featured_media":75933,"template":"","meta":[],"product_brand":[],"product_cat":[2859],"product_tag":[],"class_list":{"0":"post-91609","1":"product","2":"type-product","3":"status-publish","4":"has-post-thumbnail","6":"product_cat-maquinas-de-banderoling","7":"pa_hersteller-band-all","8":"pa_typ-ba-32-50","10":"first","11":"instock","12":"taxable","13":"shipping-taxable","14":"purchasable","15":"product-type-simple"},"jetpack_sharing_enabled":true,"_links":{"self":[{"href":"https:\/\/www.3p-gmbh.de\/pt-br\/wp-json\/wp\/v2\/product\/91609","targetHints":{"allow":["GET"]}}],"collection":[{"href":"https:\/\/www.3p-gmbh.de\/pt-br\/wp-json\/wp\/v2\/product"}],"about":[{"href":"https:\/\/www.3p-gmbh.de\/pt-br\/wp-json\/wp\/v2\/types\/product"}],"wp:featuredmedia":[{"embeddable":true,"href":"https:\/\/www.3p-gmbh.de\/pt-br\/wp-json\/wp\/v2\/media\/75933"}],"wp:attachment":[{"href":"https:\/\/www.3p-gmbh.de\/pt-br\/wp-json\/wp\/v2\/media?parent=91609"}],"wp:term":[{"taxonomy":"product_brand","embeddable":true,"href":"https:\/\/www.3p-gmbh.de\/pt-br\/wp-json\/wp\/v2\/product_brand?post=91609"},{"taxonomy":"product_cat","embeddable":true,"href":"https:\/\/www.3p-gmbh.de\/pt-br\/wp-json\/wp\/v2\/product_cat?post=91609"},{"taxonomy":"product_tag","embeddable":true,"href":"https:\/\/www.3p-gmbh.de\/pt-br\/wp-json\/wp\/v2\/product_tag?post=91609"}],"curies":[{"name":"wp","href":"https:\/\/api.w.org\/{rel}","templated":true}]}}