{"id":91595,"date":"2019-12-09T10:37:10","date_gmt":"2019-12-09T10:37:10","guid":{"rendered":"https:\/\/www.3p-gmbh.de\/produkt\/cortador-curto-de-folha-de-aluminio-cinzento-106-cm\/"},"modified":"2019-12-09T10:37:10","modified_gmt":"2019-12-09T10:37:10","slug":"cortador-de-folha-curta-cinzento-106-cm","status":"publish","type":"product","link":"https:\/\/www.3p-gmbh.de\/pt-br\/produkt\/cortador-de-folha-curta-cinzento-106-cm\/","title":{"rendered":"Cortador curto de folha de alum\u00ednio cinzento 106 cm"},"content":{"rendered":"<ul>\n<li>Cortador de folhas de alum\u00ednio para cortar folhas de alum\u00ednio em relevo \u00e0 medida<\/li>\n<li>com faca de corte<\/li>\n<li>m\u00e1ximo. Largura de inser\u00e7\u00e3o aprox. 106 cm<\/li>\n<li>Liga\u00e7\u00e3o el\u00e9ctrica: 220 V<\/li>\n<li>para di\u00e2metro interior do n\u00facleo 25 mm<\/li>\n<\/ul>\n<p>&nbsp;<\/p>\n","protected":false},"excerpt":{"rendered":"<p>Cortador de folhas de alum\u00ednio para cortar folhas de alum\u00ednio em relevo \u00e0 medida com faca de corte m\u00e1ximo. Largura de inser\u00e7\u00e3o aprox. 106 cm Liga\u00e7\u00e3o el\u00e9ctrica: 220 V para di\u00e2metro interior do n\u00facleo 25 mm &nbsp;<\/p>\n","protected":false},"featured_media":76215,"template":"","meta":[],"product_brand":[],"product_cat":[2883,2868],"product_tag":[],"class_list":{"0":"post-91595","1":"product","2":"type-product","3":"status-publish","4":"has-post-thumbnail","6":"product_cat-impressao-tipografica","7":"product_cat-outras-transformacoes-posteriores","9":"first","10":"instock","11":"taxable","12":"shipping-taxable","13":"purchasable","14":"product-type-simple"},"jetpack_sharing_enabled":true,"_links":{"self":[{"href":"https:\/\/www.3p-gmbh.de\/pt-br\/wp-json\/wp\/v2\/product\/91595","targetHints":{"allow":["GET"]}}],"collection":[{"href":"https:\/\/www.3p-gmbh.de\/pt-br\/wp-json\/wp\/v2\/product"}],"about":[{"href":"https:\/\/www.3p-gmbh.de\/pt-br\/wp-json\/wp\/v2\/types\/product"}],"wp:featuredmedia":[{"embeddable":true,"href":"https:\/\/www.3p-gmbh.de\/pt-br\/wp-json\/wp\/v2\/media\/76215"}],"wp:attachment":[{"href":"https:\/\/www.3p-gmbh.de\/pt-br\/wp-json\/wp\/v2\/media?parent=91595"}],"wp:term":[{"taxonomy":"product_brand","embeddable":true,"href":"https:\/\/www.3p-gmbh.de\/pt-br\/wp-json\/wp\/v2\/product_brand?post=91595"},{"taxonomy":"product_cat","embeddable":true,"href":"https:\/\/www.3p-gmbh.de\/pt-br\/wp-json\/wp\/v2\/product_cat?post=91595"},{"taxonomy":"product_tag","embeddable":true,"href":"https:\/\/www.3p-gmbh.de\/pt-br\/wp-json\/wp\/v2\/product_tag?post=91595"}],"curies":[{"name":"wp","href":"https:\/\/api.w.org\/{rel}","templated":true}]}}