{"id":91591,"date":"2019-12-05T10:23:37","date_gmt":"2019-12-05T10:23:37","guid":{"rendered":"https:\/\/www.3p-gmbh.de\/produkt\/mesa-de-afinacao-ligeira-standard-em-aco-mega-0b-com-armario-de-gavetas-em-aco-mega\/"},"modified":"2019-12-05T10:23:37","modified_gmt":"2019-12-05T10:23:37","slug":"mega-steel-norm-light-tuning-desk-0b-with-mega-steel-drawer-cabinet","status":"publish","type":"product","link":"https:\/\/www.3p-gmbh.de\/pt-br\/produkt\/mega-steel-norm-light-tuning-desk-0b-with-mega-steel-drawer-cabinet\/","title":{"rendered":"Mesa de afina\u00e7\u00e3o ligeira standard em a\u00e7o Mega 0B com arm\u00e1rio de gavetas em a\u00e7o Mega"},"content":{"rendered":"<p>com uma l\u00e2mpada de teste de cor assim\u00e9trica para evitar reflexos e sombras.<br \/>\nL\u00e2mpada de teste de cor com tubos fluorescentes especiais,<br \/>\nsecret\u00e1ria inclinada e parede traseira magn\u00e9tica iluminada para formato de impress\u00e3o 0B<br \/>\n1 painel traseiro magn\u00e9tico Tamanho utiliz\u00e1vel 100 x 72 cm<\/p>\n","protected":false},"excerpt":{"rendered":"<p>com uma l\u00e2mpada de teste de cor assim\u00e9trica para evitar reflexos e sombras. L\u00e2mpada de teste de cor com tubos fluorescentes especiais, secret\u00e1ria inclinada e parede traseira magn\u00e9tica iluminada para formato de impress\u00e3o 0B 1 painel traseiro magn\u00e9tico Tamanho utiliz\u00e1vel 100 x 72 cm<\/p>\n","protected":false},"featured_media":76026,"template":"","meta":[],"product_brand":[],"product_cat":[2931],"product_tag":[],"class_list":{"0":"post-91591","1":"product","2":"type-product","3":"status-publish","4":"has-post-thumbnail","6":"product_cat-instrumentos-de-medicao-e-garantia-de-qualidade","7":"pa_hersteller-mega-stahl","9":"first","10":"instock","11":"taxable","12":"shipping-taxable","13":"purchasable","14":"product-type-simple"},"jetpack_sharing_enabled":true,"_links":{"self":[{"href":"https:\/\/www.3p-gmbh.de\/pt-br\/wp-json\/wp\/v2\/product\/91591","targetHints":{"allow":["GET"]}}],"collection":[{"href":"https:\/\/www.3p-gmbh.de\/pt-br\/wp-json\/wp\/v2\/product"}],"about":[{"href":"https:\/\/www.3p-gmbh.de\/pt-br\/wp-json\/wp\/v2\/types\/product"}],"wp:featuredmedia":[{"embeddable":true,"href":"https:\/\/www.3p-gmbh.de\/pt-br\/wp-json\/wp\/v2\/media\/76026"}],"wp:attachment":[{"href":"https:\/\/www.3p-gmbh.de\/pt-br\/wp-json\/wp\/v2\/media?parent=91591"}],"wp:term":[{"taxonomy":"product_brand","embeddable":true,"href":"https:\/\/www.3p-gmbh.de\/pt-br\/wp-json\/wp\/v2\/product_brand?post=91591"},{"taxonomy":"product_cat","embeddable":true,"href":"https:\/\/www.3p-gmbh.de\/pt-br\/wp-json\/wp\/v2\/product_cat?post=91591"},{"taxonomy":"product_tag","embeddable":true,"href":"https:\/\/www.3p-gmbh.de\/pt-br\/wp-json\/wp\/v2\/product_tag?post=91591"}],"curies":[{"name":"wp","href":"https:\/\/api.w.org\/{rel}","templated":true}]}}