{"id":91583,"date":"2019-12-05T10:50:34","date_gmt":"2019-12-05T10:50:34","guid":{"rendered":"https:\/\/www.3p-gmbh.de\/produkt\/maquina-de-revelacao-de-chapas-glunz-jensen-interplater-88\/"},"modified":"2019-12-05T10:50:34","modified_gmt":"2019-12-05T10:50:34","slug":"glunz-jensen-interplater-88-maquina-de-revelacao-de-chapa-sob-pressao","status":"publish","type":"product","link":"https:\/\/www.3p-gmbh.de\/pt-br\/produkt\/glunz-jensen-interplater-88-maquina-de-revelacao-de-chapa-sob-pressao\/","title":{"rendered":"M\u00e1quina de revela\u00e7\u00e3o de chapas Glunz &amp; Jensen Interplater 88"},"content":{"rendered":"<p>Largura da entrada 88cm<\/p>\n","protected":false},"excerpt":{"rendered":"<p>Largura da entrada 88cm<\/p>\n","protected":false},"featured_media":76047,"template":"","meta":[],"product_brand":[],"product_cat":[2997],"product_tag":[],"class_list":{"0":"post-91583","1":"product","2":"type-product","3":"status-publish","4":"has-post-thumbnail","6":"product_cat-processamento-de-chapas-de-impressao-pt-br","7":"pa_hersteller-glunz-jensen","8":"pa_typ-interplater-88","10":"first","11":"instock","12":"taxable","13":"shipping-taxable","14":"purchasable","15":"product-type-simple"},"jetpack_sharing_enabled":true,"_links":{"self":[{"href":"https:\/\/www.3p-gmbh.de\/pt-br\/wp-json\/wp\/v2\/product\/91583","targetHints":{"allow":["GET"]}}],"collection":[{"href":"https:\/\/www.3p-gmbh.de\/pt-br\/wp-json\/wp\/v2\/product"}],"about":[{"href":"https:\/\/www.3p-gmbh.de\/pt-br\/wp-json\/wp\/v2\/types\/product"}],"wp:featuredmedia":[{"embeddable":true,"href":"https:\/\/www.3p-gmbh.de\/pt-br\/wp-json\/wp\/v2\/media\/76047"}],"wp:attachment":[{"href":"https:\/\/www.3p-gmbh.de\/pt-br\/wp-json\/wp\/v2\/media?parent=91583"}],"wp:term":[{"taxonomy":"product_brand","embeddable":true,"href":"https:\/\/www.3p-gmbh.de\/pt-br\/wp-json\/wp\/v2\/product_brand?post=91583"},{"taxonomy":"product_cat","embeddable":true,"href":"https:\/\/www.3p-gmbh.de\/pt-br\/wp-json\/wp\/v2\/product_cat?post=91583"},{"taxonomy":"product_tag","embeddable":true,"href":"https:\/\/www.3p-gmbh.de\/pt-br\/wp-json\/wp\/v2\/product_tag?post=91583"}],"curies":[{"name":"wp","href":"https:\/\/api.w.org\/{rel}","templated":true}]}}