{"id":91582,"date":"2019-12-05T13:15:55","date_gmt":"2019-12-05T13:15:55","guid":{"rendered":"https:\/\/www.3p-gmbh.de\/produkt\/ats-tanner-ultrasonic-us-2000-ab-maquina-de-aplicacao-continua-de-cintas-em-transito-com-fixacao-pneumatica-do-produto-e-mesa-de-rolos-de-alimentacao\/"},"modified":"2019-12-05T13:15:55","modified_gmt":"2019-12-05T13:15:55","slug":"ats-tanner-ultrasonic-us-2000-down-transit-banding-machine-with-pneumatic-product-holder-and-infeed-roller-table","status":"publish","type":"product","link":"https:\/\/www.3p-gmbh.de\/pt-br\/produkt\/ats-tanner-ultrasonic-us-2000-down-transit-banding-machine-with-pneumatic-product-holder-and-infeed-roller-table\/","title":{"rendered":"ATS Tanner UltraSonic US 2000-AB M\u00e1quina de aplica\u00e7\u00e3o cont\u00ednua de cintas em tr\u00e2nsito com fixa\u00e7\u00e3o pneum\u00e1tica do produto e mesa de rolos de alimenta\u00e7\u00e3o"},"content":{"rendered":"<div><span style=\"font-family: Arial;\"><span style=\"color: #0000ff;\"><strong>M\u00e1quina de aplica\u00e7\u00e3o de cintas de alimenta\u00e7\u00e3o ATS Tanner UltraSonic US 2000-AB Transit com mesa de rolos de alimenta\u00e7\u00e3o Shuttleworth<br \/>\nAno de fabrico 2001<br \/>\nContador apenas 772,280 cintas<\/strong><\/span><\/p>\n<p>Produ\u00e7\u00e3o de at\u00e9 35 faixas por minuto<br \/>\nTamanho da folha 360 x 180 mm<br \/>\nLargura de banda 30mm<\/p>\n<p>Com o transportador integrado, este modelo enfaixa uma grande variedade de produtos numa s\u00f3 passagem,<br \/>\n\u00e9 adequado para linhas de embalagem totalmente autom\u00e1ticas e bandas de uma grande variedade de produtos num \u00fanico processo.<br \/>\nProdutos como material impresso, formul\u00e1rios inform\u00e1ticos, alimentos, pilhas de roupa suja ou produtos t\u00e9cnicos.<\/p>\n<p>Sem mudan\u00e7a de papel para fita de filme<br \/>\nSem tempo de aquecimento, imediatamente pronto a utilizar<br \/>\nsem odor<br \/>\nControlo inform\u00e1tico e LED indicador de avarias<\/p>\n<p>Menos manuten\u00e7\u00e3o:<br \/>\nOs dep\u00f3sitos de pel\u00edcula queimada e a substitui\u00e7\u00e3o dos elementos de aquecimento s\u00e3o eliminados<\/p>\n<p>Equipamento especial<br \/>\n&#8211; Mesa de rolos de alimenta\u00e7\u00e3o com acionamento Shuttleworth<span style=\"color: #ff0000;\"> (todas as correias de transmiss\u00e3o foram substitu\u00eddas)<\/span><\/span><\/div>\n<div><span style=\"font-family: Arial;\">&#8211; Medidor pneum\u00e1tico de retorno<\/span><\/div>\n<div><span style=\"font-family: Arial;\">&#8211; Centragem pneum\u00e1tica<\/span><\/div>\n<div><span style=\"font-family: Arial;\">&#8211; dois suportes pneum\u00e1ticos<\/span><\/div>\n<div><span style=\"font-family: Arial;\">Um dispositivo pneum\u00e1tico de reten\u00e7\u00e3o est\u00e1 inclu\u00eddo na largura de trabalho se a unidade de centragem n\u00e3o for utilizada.<br \/>\n<span style=\"color: #ff0000;\">&#8211; com unidade de impress\u00e3o por transfer\u00eancia t\u00e9rmica Markem<\/span><\/span><\/div>\n<div><\/div>\n<div><span style=\"font-family: Arial;\">(O ar comprimido deve ser fornecido pelo cliente)<\/span><\/div>\n","protected":false},"excerpt":{"rendered":"<p>M\u00e1quina de aplica\u00e7\u00e3o de cintas de alimenta\u00e7\u00e3o ATS Tanner UltraSonic US 2000-AB Transit com mesa de rolos de alimenta\u00e7\u00e3o Shuttleworth Ano de fabrico 2001 Contador apenas 772,280 cintas Produ\u00e7\u00e3o de at\u00e9 35 faixas por minuto Tamanho da folha 360 x 180 mm Largura de banda 30mm Com o transportador integrado, este modelo enfaixa uma grande [&hellip;]<\/p>\n","protected":false},"featured_media":80046,"template":"","meta":[],"product_brand":[],"product_cat":[2859],"product_tag":[],"class_list":{"0":"post-91582","1":"product","2":"type-product","3":"status-publish","4":"has-post-thumbnail","6":"product_cat-maquinas-de-banderoling","7":"pa_hersteller-ats-tanner","8":"pa_typ-ultrasonic-us-2000-ab-transit","10":"first","11":"instock","12":"taxable","13":"shipping-taxable","14":"purchasable","15":"product-type-simple"},"jetpack_sharing_enabled":true,"_links":{"self":[{"href":"https:\/\/www.3p-gmbh.de\/pt-br\/wp-json\/wp\/v2\/product\/91582","targetHints":{"allow":["GET"]}}],"collection":[{"href":"https:\/\/www.3p-gmbh.de\/pt-br\/wp-json\/wp\/v2\/product"}],"about":[{"href":"https:\/\/www.3p-gmbh.de\/pt-br\/wp-json\/wp\/v2\/types\/product"}],"wp:featuredmedia":[{"embeddable":true,"href":"https:\/\/www.3p-gmbh.de\/pt-br\/wp-json\/wp\/v2\/media\/80046"}],"wp:attachment":[{"href":"https:\/\/www.3p-gmbh.de\/pt-br\/wp-json\/wp\/v2\/media?parent=91582"}],"wp:term":[{"taxonomy":"product_brand","embeddable":true,"href":"https:\/\/www.3p-gmbh.de\/pt-br\/wp-json\/wp\/v2\/product_brand?post=91582"},{"taxonomy":"product_cat","embeddable":true,"href":"https:\/\/www.3p-gmbh.de\/pt-br\/wp-json\/wp\/v2\/product_cat?post=91582"},{"taxonomy":"product_tag","embeddable":true,"href":"https:\/\/www.3p-gmbh.de\/pt-br\/wp-json\/wp\/v2\/product_tag?post=91582"}],"curies":[{"name":"wp","href":"https:\/\/api.w.org\/{rel}","templated":true}]}}