{"id":91573,"date":"2019-12-09T10:19:45","date_gmt":"2019-12-09T10:19:45","guid":{"rendered":"https:\/\/www.3p-gmbh.de\/produkt\/porta-paletes-butler-1200\/"},"modified":"2019-12-09T10:19:45","modified_gmt":"2019-12-09T10:19:45","slug":"levantador-de-paletes-mordomo-1200","status":"publish","type":"product","link":"https:\/\/www.3p-gmbh.de\/pt-br\/produkt\/levantador-de-paletes-mordomo-1200\/","title":{"rendered":"Porta-paletes Butler 1200"},"content":{"rendered":"<ul>\n<li>Mant\u00e9m as paletes \u00e0 altura ideal de trabalho<\/li>\n<li>A eleva\u00e7\u00e3o e a descida s\u00e3o efectuadas atrav\u00e9s de bot\u00f5es de press\u00e3o<\/li>\n<li>As rodas permitem um transporte f\u00e1cil para o local de trabalho<\/li>\n<li>Comprimento do garfo 1100mm adequado para paletes Euro standard<\/li>\n<li>Peso pr\u00f3prio: 330 kg<\/li>\n<li>Capacidade de carga: 1200 kg<\/li>\n<li>Altura de eleva\u00e7\u00e3o: 1000 mm<\/li>\n<li>Alimenta\u00e7\u00e3o el\u00e9ctrica: 380 V, portanto muito melhor do que um empilhador de tesoura com bateria<\/li>\n<\/ul>\n","protected":false},"excerpt":{"rendered":"<p>Mant\u00e9m as paletes \u00e0 altura ideal de trabalho A eleva\u00e7\u00e3o e a descida s\u00e3o efectuadas atrav\u00e9s de bot\u00f5es de press\u00e3o As rodas permitem um transporte f\u00e1cil para o local de trabalho Comprimento do garfo 1100mm adequado para paletes Euro standard Peso pr\u00f3prio: 330 kg Capacidade de carga: 1200 kg Altura de eleva\u00e7\u00e3o: 1000 mm Alimenta\u00e7\u00e3o [&hellip;]<\/p>\n","protected":false},"featured_media":76176,"template":"","meta":[],"product_brand":[],"product_cat":[2978],"product_tag":[],"class_list":{"0":"post-91573","1":"product","2":"type-product","3":"status-publish","4":"has-post-thumbnail","6":"product_cat-elevadores-de-pilha-e-elevadores-de-pilha","7":"pa_typ-butler-1200","9":"first","10":"instock","11":"taxable","12":"shipping-taxable","13":"purchasable","14":"product-type-simple"},"jetpack_sharing_enabled":true,"_links":{"self":[{"href":"https:\/\/www.3p-gmbh.de\/pt-br\/wp-json\/wp\/v2\/product\/91573","targetHints":{"allow":["GET"]}}],"collection":[{"href":"https:\/\/www.3p-gmbh.de\/pt-br\/wp-json\/wp\/v2\/product"}],"about":[{"href":"https:\/\/www.3p-gmbh.de\/pt-br\/wp-json\/wp\/v2\/types\/product"}],"wp:featuredmedia":[{"embeddable":true,"href":"https:\/\/www.3p-gmbh.de\/pt-br\/wp-json\/wp\/v2\/media\/76176"}],"wp:attachment":[{"href":"https:\/\/www.3p-gmbh.de\/pt-br\/wp-json\/wp\/v2\/media?parent=91573"}],"wp:term":[{"taxonomy":"product_brand","embeddable":true,"href":"https:\/\/www.3p-gmbh.de\/pt-br\/wp-json\/wp\/v2\/product_brand?post=91573"},{"taxonomy":"product_cat","embeddable":true,"href":"https:\/\/www.3p-gmbh.de\/pt-br\/wp-json\/wp\/v2\/product_cat?post=91573"},{"taxonomy":"product_tag","embeddable":true,"href":"https:\/\/www.3p-gmbh.de\/pt-br\/wp-json\/wp\/v2\/product_tag?post=91573"}],"curies":[{"name":"wp","href":"https:\/\/api.w.org\/{rel}","templated":true}]}}