{"id":91571,"date":"2019-12-09T10:16:15","date_gmt":"2019-12-09T10:16:15","guid":{"rendered":"https:\/\/www.3p-gmbh.de\/produkt\/elevadores-de-paletes-fac\/"},"modified":"2019-12-09T10:16:15","modified_gmt":"2019-12-09T10:16:15","slug":"elevadores-de-paletes-fac","status":"publish","type":"product","link":"https:\/\/www.3p-gmbh.de\/pt-br\/produkt\/elevadores-de-paletes-fac\/","title":{"rendered":"Elevadores de paletes FAC"},"content":{"rendered":"<p>Mant\u00e9m as paletes a uma altura de trabalho \u00f3ptima, a eleva\u00e7\u00e3o e a descida s\u00e3o feitas atrav\u00e9s de teclas jog,<\/p>\n<p>As rodas permitem um transporte f\u00e1cil para o local de trabalho<br \/>\nComprimento do garfo 1100mm adequado para paletes Euro standard<br \/>\nPeso pr\u00f3prio: 330 kg<br \/>\nCapacidade de carga: 1200 kg<br \/>\nAltura de eleva\u00e7\u00e3o: 1000 mm<br \/>\nFonte de alimenta\u00e7\u00e3o: 380 V, portanto muito melhor do que um empilhador de tesoura com bateria<\/p>\n","protected":false},"excerpt":{"rendered":"<p>Mant\u00e9m as paletes a uma altura de trabalho \u00f3ptima, a eleva\u00e7\u00e3o e a descida s\u00e3o feitas atrav\u00e9s de teclas jog, As rodas permitem um transporte f\u00e1cil para o local de trabalho Comprimento do garfo 1100mm adequado para paletes Euro standard Peso pr\u00f3prio: 330 kg Capacidade de carga: 1200 kg Altura de eleva\u00e7\u00e3o: 1000 mm Fonte [&hellip;]<\/p>\n","protected":false},"featured_media":76179,"template":"","meta":[],"product_brand":[],"product_cat":[2978],"product_tag":[],"class_list":{"0":"post-91571","1":"product","2":"type-product","3":"status-publish","4":"has-post-thumbnail","6":"product_cat-elevadores-de-pilha-e-elevadores-de-pilha","7":"pa_typ-fac","9":"first","10":"instock","11":"taxable","12":"shipping-taxable","13":"purchasable","14":"product-type-simple"},"jetpack_sharing_enabled":true,"_links":{"self":[{"href":"https:\/\/www.3p-gmbh.de\/pt-br\/wp-json\/wp\/v2\/product\/91571","targetHints":{"allow":["GET"]}}],"collection":[{"href":"https:\/\/www.3p-gmbh.de\/pt-br\/wp-json\/wp\/v2\/product"}],"about":[{"href":"https:\/\/www.3p-gmbh.de\/pt-br\/wp-json\/wp\/v2\/types\/product"}],"wp:featuredmedia":[{"embeddable":true,"href":"https:\/\/www.3p-gmbh.de\/pt-br\/wp-json\/wp\/v2\/media\/76179"}],"wp:attachment":[{"href":"https:\/\/www.3p-gmbh.de\/pt-br\/wp-json\/wp\/v2\/media?parent=91571"}],"wp:term":[{"taxonomy":"product_brand","embeddable":true,"href":"https:\/\/www.3p-gmbh.de\/pt-br\/wp-json\/wp\/v2\/product_brand?post=91571"},{"taxonomy":"product_cat","embeddable":true,"href":"https:\/\/www.3p-gmbh.de\/pt-br\/wp-json\/wp\/v2\/product_cat?post=91571"},{"taxonomy":"product_tag","embeddable":true,"href":"https:\/\/www.3p-gmbh.de\/pt-br\/wp-json\/wp\/v2\/product_tag?post=91571"}],"curies":[{"name":"wp","href":"https:\/\/api.w.org\/{rel}","templated":true}]}}