{"id":91560,"date":"2019-12-10T13:38:56","date_gmt":"2019-12-10T13:38:56","guid":{"rendered":"https:\/\/www.3p-gmbh.de\/produkt\/alimentador-de-laminas-de-succao-bvm-a-3535\/"},"modified":"2019-12-10T13:38:56","modified_gmt":"2019-12-10T13:38:56","slug":"bvm-saug-schiebe-anleger-a-3535","status":"publish","type":"product","link":"https:\/\/www.3p-gmbh.de\/pt-br\/produkt\/bvm-saug-schiebe-anleger-a-3535\/","title":{"rendered":"Alimentador de l\u00e2minas de suc\u00e7\u00e3o BVM A 3535"},"content":{"rendered":"<p>para a alimenta\u00e7\u00e3o autom\u00e1tica de revistas, cat\u00e1logos, blocos na m\u00e1quina de embalagem<\/p>\n<p>Dados t\u00e9cnicos<br \/>\nFormato m\u00e1ximo: 350 x 350 x 30 mm<br \/>\n350 x 280 x 50 mm<\/p>\n","protected":false},"excerpt":{"rendered":"<p>para a alimenta\u00e7\u00e3o autom\u00e1tica de revistas, cat\u00e1logos, blocos na m\u00e1quina de embalagem Dados t\u00e9cnicos Formato m\u00e1ximo: 350 x 350 x 30 mm 350 x 280 x 50 mm<\/p>\n","protected":false},"featured_media":116008,"template":"","meta":[],"product_brand":[],"product_cat":[3019],"product_tag":[],"class_list":{"0":"post-91560","1":"product","2":"type-product","3":"status-publish","4":"has-post-thumbnail","6":"product_cat-investidores","7":"pa_hersteller-bvm","8":"pa_typ-a-3535","10":"first","11":"instock","12":"taxable","13":"shipping-taxable","14":"purchasable","15":"product-type-simple"},"jetpack_sharing_enabled":true,"_links":{"self":[{"href":"https:\/\/www.3p-gmbh.de\/pt-br\/wp-json\/wp\/v2\/product\/91560","targetHints":{"allow":["GET"]}}],"collection":[{"href":"https:\/\/www.3p-gmbh.de\/pt-br\/wp-json\/wp\/v2\/product"}],"about":[{"href":"https:\/\/www.3p-gmbh.de\/pt-br\/wp-json\/wp\/v2\/types\/product"}],"wp:featuredmedia":[{"embeddable":true,"href":"https:\/\/www.3p-gmbh.de\/pt-br\/wp-json\/wp\/v2\/media\/116008"}],"wp:attachment":[{"href":"https:\/\/www.3p-gmbh.de\/pt-br\/wp-json\/wp\/v2\/media?parent=91560"}],"wp:term":[{"taxonomy":"product_brand","embeddable":true,"href":"https:\/\/www.3p-gmbh.de\/pt-br\/wp-json\/wp\/v2\/product_brand?post=91560"},{"taxonomy":"product_cat","embeddable":true,"href":"https:\/\/www.3p-gmbh.de\/pt-br\/wp-json\/wp\/v2\/product_cat?post=91560"},{"taxonomy":"product_tag","embeddable":true,"href":"https:\/\/www.3p-gmbh.de\/pt-br\/wp-json\/wp\/v2\/product_tag?post=91560"}],"curies":[{"name":"wp","href":"https:\/\/api.w.org\/{rel}","templated":true}]}}