{"id":91552,"date":"2019-12-09T15:50:16","date_gmt":"2019-12-09T15:50:16","guid":{"rendered":"https:\/\/www.3p-gmbh.de\/produkt\/horizon-afc-492sc-2-dobradoras-de-chapa-com-unidade-de-dobragem-de-espada-perfuracao-e-vinco\/"},"modified":"2019-12-09T15:50:16","modified_gmt":"2019-12-09T15:50:16","slug":"horizon-afc-492sc-2-maquinas-dobradoras-de-bolsos-com-perfuracao-e-vinculacao-para-servicos-pesados","status":"publish","type":"product","link":"https:\/\/www.3p-gmbh.de\/pt-br\/produkt\/horizon-afc-492sc-2-maquinas-dobradoras-de-bolsos-com-perfuracao-e-vinculacao-para-servicos-pesados\/","title":{"rendered":"Horizon AFC-492sc 2 dobradoras de chapa com unidade de dobragem de espada, perfura\u00e7\u00e3o e vinco"},"content":{"rendered":"<p>Formato: 490 mm x 648 mm (19,2&#8243; x 25,5&#8243;)<br \/>\n2 bolsos, 1 espada<br \/>\nContadores totais e de pr\u00e9-sele\u00e7\u00e3o<br \/>\ndobragem de uma a 16 p\u00e1ginas<br \/>\nat\u00e9 12.000 folhas por hora<\/p>\n<p>Ideal para impressoras com pouco espa\u00e7o.<br \/>\nAcess\u00f3rios e manual inclu\u00eddos<\/p>\n","protected":false},"excerpt":{"rendered":"<p>Formato: 490 mm x 648 mm (19,2&#8243; x 25,5&#8243;) 2 bolsos, 1 espada Contadores totais e de pr\u00e9-sele\u00e7\u00e3o dobragem de uma a 16 p\u00e1ginas at\u00e9 12.000 folhas por hora Ideal para impressoras com pouco espa\u00e7o. Acess\u00f3rios e manual inclu\u00eddos<\/p>\n","protected":false},"featured_media":76266,"template":"","meta":[],"product_brand":[],"product_cat":[2979],"product_tag":[],"class_list":{"0":"post-91552","1":"product","2":"type-product","3":"status-publish","4":"has-post-thumbnail","6":"product_cat-maquinas-de-dobrar","7":"pa_hersteller-horizon","8":"pa_typ-afc-492sc","10":"first","11":"instock","12":"taxable","13":"shipping-taxable","14":"purchasable","15":"product-type-simple"},"jetpack_sharing_enabled":true,"_links":{"self":[{"href":"https:\/\/www.3p-gmbh.de\/pt-br\/wp-json\/wp\/v2\/product\/91552","targetHints":{"allow":["GET"]}}],"collection":[{"href":"https:\/\/www.3p-gmbh.de\/pt-br\/wp-json\/wp\/v2\/product"}],"about":[{"href":"https:\/\/www.3p-gmbh.de\/pt-br\/wp-json\/wp\/v2\/types\/product"}],"wp:featuredmedia":[{"embeddable":true,"href":"https:\/\/www.3p-gmbh.de\/pt-br\/wp-json\/wp\/v2\/media\/76266"}],"wp:attachment":[{"href":"https:\/\/www.3p-gmbh.de\/pt-br\/wp-json\/wp\/v2\/media?parent=91552"}],"wp:term":[{"taxonomy":"product_brand","embeddable":true,"href":"https:\/\/www.3p-gmbh.de\/pt-br\/wp-json\/wp\/v2\/product_brand?post=91552"},{"taxonomy":"product_cat","embeddable":true,"href":"https:\/\/www.3p-gmbh.de\/pt-br\/wp-json\/wp\/v2\/product_cat?post=91552"},{"taxonomy":"product_tag","embeddable":true,"href":"https:\/\/www.3p-gmbh.de\/pt-br\/wp-json\/wp\/v2\/product_tag?post=91552"}],"curies":[{"name":"wp","href":"https:\/\/api.w.org\/{rel}","templated":true}]}}