{"id":91507,"date":"2019-12-19T09:46:34","date_gmt":"2019-12-19T09:46:34","guid":{"rendered":"https:\/\/www.3p-gmbh.de\/produkt\/blitz-vxke-304-90-compressor-de-pistao-com-isolamento-acustico\/"},"modified":"2019-12-19T09:46:34","modified_gmt":"2019-12-19T09:46:34","slug":"flash-vxke-304-90-laermge-capsulated-piston-compressor","status":"publish","type":"product","link":"https:\/\/www.3p-gmbh.de\/pt-br\/produkt\/flash-vxke-304-90-laermge-capsulated-piston-compressor\/","title":{"rendered":"Blitz VXKE 304 &#8211; 90 Compressor de pist\u00e3o com isolamento ac\u00fastico"},"content":{"rendered":"<p>para ar comprimido isento de \u00f3leo e \u00e1gua<br \/>\n10 barras<br \/>\nCapacidade da caldeira 90 litros<\/p>\n","protected":false},"excerpt":{"rendered":"<p>para ar comprimido isento de \u00f3leo e \u00e1gua 10 barras Capacidade da caldeira 90 litros<\/p>\n","protected":false},"featured_media":76572,"template":"","meta":[],"product_brand":[],"product_cat":[2927],"product_tag":[],"class_list":{"0":"post-91507","1":"product","2":"type-product","3":"status-publish","4":"has-post-thumbnail","6":"product_cat-compressores-e-bombas-de-vacuo","7":"pa_hersteller-blitz","8":"pa_typ-vxke-304-90","10":"first","11":"instock","12":"taxable","13":"shipping-taxable","14":"purchasable","15":"product-type-simple"},"jetpack_sharing_enabled":true,"_links":{"self":[{"href":"https:\/\/www.3p-gmbh.de\/pt-br\/wp-json\/wp\/v2\/product\/91507","targetHints":{"allow":["GET"]}}],"collection":[{"href":"https:\/\/www.3p-gmbh.de\/pt-br\/wp-json\/wp\/v2\/product"}],"about":[{"href":"https:\/\/www.3p-gmbh.de\/pt-br\/wp-json\/wp\/v2\/types\/product"}],"wp:featuredmedia":[{"embeddable":true,"href":"https:\/\/www.3p-gmbh.de\/pt-br\/wp-json\/wp\/v2\/media\/76572"}],"wp:attachment":[{"href":"https:\/\/www.3p-gmbh.de\/pt-br\/wp-json\/wp\/v2\/media?parent=91507"}],"wp:term":[{"taxonomy":"product_brand","embeddable":true,"href":"https:\/\/www.3p-gmbh.de\/pt-br\/wp-json\/wp\/v2\/product_brand?post=91507"},{"taxonomy":"product_cat","embeddable":true,"href":"https:\/\/www.3p-gmbh.de\/pt-br\/wp-json\/wp\/v2\/product_cat?post=91507"},{"taxonomy":"product_tag","embeddable":true,"href":"https:\/\/www.3p-gmbh.de\/pt-br\/wp-json\/wp\/v2\/product_tag?post=91507"}],"curies":[{"name":"wp","href":"https:\/\/api.w.org\/{rel}","templated":true}]}}