{"id":91504,"date":"2019-12-13T14:56:29","date_gmt":"2019-12-13T14:56:29","guid":{"rendered":"https:\/\/www.3p-gmbh.de\/produkt\/variamixer-misturador-de-cores-rn-20\/"},"modified":"2019-12-13T14:56:29","modified_gmt":"2019-12-13T14:56:29","slug":"misturador-rn-20-colour-mixer","status":"publish","type":"product","link":"https:\/\/www.3p-gmbh.de\/pt-br\/produkt\/misturador-rn-20-colour-mixer\/","title":{"rendered":"Variamixer &#8211; Misturador de cores RN 20"},"content":{"rendered":"<p>para uma mistura r\u00e1pida e intensiva de tintas de impress\u00e3o.<br \/>\nEfeito de mistura completa com o recipiente de tinta em rota\u00e7\u00e3o simult\u00e2nea<br \/>\n&#8211; sem bolhas e sem grumos.<\/p>\n<p>Com capota de seguran\u00e7a<br \/>\n2 recipientes de mistura com capacidade de 2-20 kg<br \/>\nNecessidade de pot\u00eancia 0,75 kW<br \/>\nCorrente trif\u00e1sica 380V\/50 Hz<\/p>\n","protected":false},"excerpt":{"rendered":"<p>para uma mistura r\u00e1pida e intensiva de tintas de impress\u00e3o. Efeito de mistura completa com o recipiente de tinta em rota\u00e7\u00e3o simult\u00e2nea &#8211; sem bolhas e sem grumos. Com capota de seguran\u00e7a 2 recipientes de mistura com capacidade de 2-20 kg Necessidade de pot\u00eancia 0,75 kW Corrente trif\u00e1sica 380V\/50 Hz<\/p>\n","protected":false},"featured_media":76503,"template":"","meta":[],"product_brand":[],"product_cat":[2898],"product_tag":[],"class_list":{"0":"post-91504","1":"product","2":"type-product","3":"status-publish","4":"has-post-thumbnail","6":"product_cat-acessorios-e-pecas-sobressalentes-para-prensas","7":"pa_hersteller-variamixer","8":"pa_typ-rn-20","10":"first","11":"instock","12":"taxable","13":"shipping-taxable","14":"purchasable","15":"product-type-simple"},"jetpack_sharing_enabled":true,"_links":{"self":[{"href":"https:\/\/www.3p-gmbh.de\/pt-br\/wp-json\/wp\/v2\/product\/91504","targetHints":{"allow":["GET"]}}],"collection":[{"href":"https:\/\/www.3p-gmbh.de\/pt-br\/wp-json\/wp\/v2\/product"}],"about":[{"href":"https:\/\/www.3p-gmbh.de\/pt-br\/wp-json\/wp\/v2\/types\/product"}],"wp:featuredmedia":[{"embeddable":true,"href":"https:\/\/www.3p-gmbh.de\/pt-br\/wp-json\/wp\/v2\/media\/76503"}],"wp:attachment":[{"href":"https:\/\/www.3p-gmbh.de\/pt-br\/wp-json\/wp\/v2\/media?parent=91504"}],"wp:term":[{"taxonomy":"product_brand","embeddable":true,"href":"https:\/\/www.3p-gmbh.de\/pt-br\/wp-json\/wp\/v2\/product_brand?post=91504"},{"taxonomy":"product_cat","embeddable":true,"href":"https:\/\/www.3p-gmbh.de\/pt-br\/wp-json\/wp\/v2\/product_cat?post=91504"},{"taxonomy":"product_tag","embeddable":true,"href":"https:\/\/www.3p-gmbh.de\/pt-br\/wp-json\/wp\/v2\/product_tag?post=91504"}],"curies":[{"name":"wp","href":"https:\/\/api.w.org\/{rel}","templated":true}]}}