{"id":91498,"date":"2019-12-19T11:00:23","date_gmt":"2019-12-19T11:00:23","guid":{"rendered":"https:\/\/www.3p-gmbh.de\/produkt\/manual-oht-da-heidelberg-dicas-para-o-operador-da-maquina\/"},"modified":"2019-12-19T11:00:23","modified_gmt":"2019-12-19T11:00:23","slug":"heidelberg-oht-handbook-winke-fuer-den-maschinenmeister","status":"publish","type":"product","link":"https:\/\/www.3p-gmbh.de\/pt-br\/produkt\/heidelberg-oht-handbook-winke-fuer-den-maschinenmeister\/","title":{"rendered":"Manual OHT da Heidelberg &#8220;Dicas para o operador da m\u00e1quina"},"content":{"rendered":"<ul>\n<li>Edi\u00e7\u00e3o de maio de 1969<\/li>\n<li>&#8220;Winke f\u00fcr den Maschinenmeister&#8221; em prensas autom\u00e1ticas originais da Heidelberg<\/li>\n<li>Encaderna\u00e7\u00e3o perfeita<\/li>\n<li>152 p\u00e1ginas<\/li>\n<\/ul>\n","protected":false},"excerpt":{"rendered":"<p>Edi\u00e7\u00e3o de maio de 1969 &#8220;Winke f\u00fcr den Maschinenmeister&#8221; em prensas autom\u00e1ticas originais da Heidelberg Encaderna\u00e7\u00e3o perfeita 152 p\u00e1ginas<\/p>\n","protected":false},"featured_media":76638,"template":"","meta":[],"product_brand":[],"product_cat":[2883],"product_tag":[],"class_list":{"0":"post-91498","1":"product","2":"type-product","3":"status-publish","4":"has-post-thumbnail","6":"product_cat-impressao-tipografica","7":"pa_hersteller-heidelberg","9":"first","10":"instock","11":"taxable","12":"shipping-taxable","13":"purchasable","14":"product-type-simple"},"jetpack_sharing_enabled":true,"_links":{"self":[{"href":"https:\/\/www.3p-gmbh.de\/pt-br\/wp-json\/wp\/v2\/product\/91498","targetHints":{"allow":["GET"]}}],"collection":[{"href":"https:\/\/www.3p-gmbh.de\/pt-br\/wp-json\/wp\/v2\/product"}],"about":[{"href":"https:\/\/www.3p-gmbh.de\/pt-br\/wp-json\/wp\/v2\/types\/product"}],"wp:featuredmedia":[{"embeddable":true,"href":"https:\/\/www.3p-gmbh.de\/pt-br\/wp-json\/wp\/v2\/media\/76638"}],"wp:attachment":[{"href":"https:\/\/www.3p-gmbh.de\/pt-br\/wp-json\/wp\/v2\/media?parent=91498"}],"wp:term":[{"taxonomy":"product_brand","embeddable":true,"href":"https:\/\/www.3p-gmbh.de\/pt-br\/wp-json\/wp\/v2\/product_brand?post=91498"},{"taxonomy":"product_cat","embeddable":true,"href":"https:\/\/www.3p-gmbh.de\/pt-br\/wp-json\/wp\/v2\/product_cat?post=91498"},{"taxonomy":"product_tag","embeddable":true,"href":"https:\/\/www.3p-gmbh.de\/pt-br\/wp-json\/wp\/v2\/product_tag?post=91498"}],"curies":[{"name":"wp","href":"https:\/\/api.w.org\/{rel}","templated":true}]}}