{"id":91463,"date":"2020-01-13T11:26:34","date_gmt":"2020-01-13T11:26:34","guid":{"rendered":"https:\/\/www.3p-gmbh.de\/produkt\/korrex-max-simmel-prensa-de-alta-pressao-para-puxar-macarrao-modelo-nuremberga\/"},"modified":"2020-01-13T11:26:34","modified_gmt":"2020-01-13T11:26:34","slug":"korrex-max-simmel-high-pressure-pull-off-press-noodle-model-nuernberg","status":"publish","type":"product","link":"https:\/\/www.3p-gmbh.de\/pt-br\/produkt\/korrex-max-simmel-high-pressure-pull-off-press-noodle-model-nuernberg\/","title":{"rendered":"Korrex Max Simmel Prensa de alta press\u00e3o para puxar macarr\u00e3o Modelo Nuremberga"},"content":{"rendered":"<p>Originalmente fabricadas como prensas de corre\u00e7\u00e3o para tip\u00f3grafos, f\u00e1ceis de operar, proporcionam impress\u00f5es limpas e n\u00edtidas atrav\u00e9s do cilindro de impress\u00e3o com pin\u00e7a de folha.<br \/>\nAs linoleogravuras ou xilogravuras bidimensionais de maiores dimens\u00f5es s\u00e3o impressas na \u00edntegra, tal como as letras dos cartazes!<\/p>\n<p>&#8211; Tamanho da base aprox. 40&#215;50 cm<br \/>\n&#8211; com alimentador de folhas formato de mesa 38x50cm<br \/>\n&#8211; Cilindro de impress\u00e3o com elevador e pin\u00e7as<br \/>\n&#8211; Unidade de tintagem el\u00e9ctrica com 1 rolo distribuidor, 2 rolos de tintagem de borracha (novos aquando da entrega) e 2 distribuidores de a\u00e7o, um dos quais oscilante.<\/p>\n","protected":false},"excerpt":{"rendered":"<p>Originalmente fabricadas como prensas de corre\u00e7\u00e3o para tip\u00f3grafos, f\u00e1ceis de operar, proporcionam impress\u00f5es limpas e n\u00edtidas atrav\u00e9s do cilindro de impress\u00e3o com pin\u00e7a de folha. As linoleogravuras ou xilogravuras bidimensionais de maiores dimens\u00f5es s\u00e3o impressas na \u00edntegra, tal como as letras dos cartazes! &#8211; Tamanho da base aprox. 40&#215;50 cm &#8211; com alimentador de folhas [&hellip;]<\/p>\n","protected":false},"featured_media":76827,"template":"","meta":[],"product_brand":[],"product_cat":[2883],"product_tag":[],"class_list":{"0":"post-91463","1":"product","2":"type-product","3":"status-publish","4":"has-post-thumbnail","6":"product_cat-impressao-tipografica","7":"pa_hersteller-korrex","8":"pa_typ-nuernberg","10":"first","11":"instock","12":"taxable","13":"shipping-taxable","14":"purchasable","15":"product-type-simple"},"jetpack_sharing_enabled":true,"_links":{"self":[{"href":"https:\/\/www.3p-gmbh.de\/pt-br\/wp-json\/wp\/v2\/product\/91463","targetHints":{"allow":["GET"]}}],"collection":[{"href":"https:\/\/www.3p-gmbh.de\/pt-br\/wp-json\/wp\/v2\/product"}],"about":[{"href":"https:\/\/www.3p-gmbh.de\/pt-br\/wp-json\/wp\/v2\/types\/product"}],"wp:featuredmedia":[{"embeddable":true,"href":"https:\/\/www.3p-gmbh.de\/pt-br\/wp-json\/wp\/v2\/media\/76827"}],"wp:attachment":[{"href":"https:\/\/www.3p-gmbh.de\/pt-br\/wp-json\/wp\/v2\/media?parent=91463"}],"wp:term":[{"taxonomy":"product_brand","embeddable":true,"href":"https:\/\/www.3p-gmbh.de\/pt-br\/wp-json\/wp\/v2\/product_brand?post=91463"},{"taxonomy":"product_cat","embeddable":true,"href":"https:\/\/www.3p-gmbh.de\/pt-br\/wp-json\/wp\/v2\/product_cat?post=91463"},{"taxonomy":"product_tag","embeddable":true,"href":"https:\/\/www.3p-gmbh.de\/pt-br\/wp-json\/wp\/v2\/product_tag?post=91463"}],"curies":[{"name":"wp","href":"https:\/\/api.w.org\/{rel}","templated":true}]}}