{"id":91456,"date":"2020-01-24T15:36:14","date_gmt":"2020-01-24T15:36:14","guid":{"rendered":"https:\/\/www.3p-gmbh.de\/produkt\/mesa-de-luz-mega-steel\/"},"modified":"2020-01-24T15:36:14","modified_gmt":"2020-01-24T15:36:14","slug":"mega-mesa-de-iluminacao-em-aco","status":"publish","type":"product","link":"https:\/\/www.3p-gmbh.de\/pt-br\/produkt\/mega-mesa-de-iluminacao-em-aco\/","title":{"rendered":"Mesa de luz Mega Steel"},"content":{"rendered":"<p>superf\u00edcie utiliz\u00e1vel inclin\u00e1vel 90x120cm<\/p>\n","protected":false},"excerpt":{"rendered":"<p>superf\u00edcie utiliz\u00e1vel inclin\u00e1vel 90x120cm<\/p>\n","protected":false},"featured_media":76917,"template":"","meta":[],"product_brand":[],"product_cat":[2931],"product_tag":[],"class_list":{"0":"post-91456","1":"product","2":"type-product","3":"status-publish","4":"has-post-thumbnail","6":"product_cat-instrumentos-de-medicao-e-garantia-de-qualidade","7":"pa_hersteller-mega-stahl","9":"first","10":"instock","11":"taxable","12":"shipping-taxable","13":"purchasable","14":"product-type-simple"},"jetpack_sharing_enabled":true,"_links":{"self":[{"href":"https:\/\/www.3p-gmbh.de\/pt-br\/wp-json\/wp\/v2\/product\/91456","targetHints":{"allow":["GET"]}}],"collection":[{"href":"https:\/\/www.3p-gmbh.de\/pt-br\/wp-json\/wp\/v2\/product"}],"about":[{"href":"https:\/\/www.3p-gmbh.de\/pt-br\/wp-json\/wp\/v2\/types\/product"}],"wp:featuredmedia":[{"embeddable":true,"href":"https:\/\/www.3p-gmbh.de\/pt-br\/wp-json\/wp\/v2\/media\/76917"}],"wp:attachment":[{"href":"https:\/\/www.3p-gmbh.de\/pt-br\/wp-json\/wp\/v2\/media?parent=91456"}],"wp:term":[{"taxonomy":"product_brand","embeddable":true,"href":"https:\/\/www.3p-gmbh.de\/pt-br\/wp-json\/wp\/v2\/product_brand?post=91456"},{"taxonomy":"product_cat","embeddable":true,"href":"https:\/\/www.3p-gmbh.de\/pt-br\/wp-json\/wp\/v2\/product_cat?post=91456"},{"taxonomy":"product_tag","embeddable":true,"href":"https:\/\/www.3p-gmbh.de\/pt-br\/wp-json\/wp\/v2\/product_tag?post=91456"}],"curies":[{"name":"wp","href":"https:\/\/api.w.org\/{rel}","templated":true}]}}