{"id":91449,"date":"2020-02-03T15:37:40","date_gmt":"2020-02-03T15:37:40","guid":{"rendered":"https:\/\/www.3p-gmbh.de\/produkt\/maquina-de-dobragem-farmaceutica-de-4-fivelas-guk-fa-35-4-sva-35-var-inserivel-de-pequeno-formato-de-entrega-vertical-guk-ks-310\/"},"modified":"2020-02-03T15:37:40","modified_gmt":"2020-02-03T15:37:40","slug":"4-bolsas-pequeno-formato-maquina-dobravel-farmaceutica-guia-fa-35-4-sva-35-var-inserivel-pequeno-formato-guia-de-entrega-de-pe-ks-310","status":"publish","type":"product","link":"https:\/\/www.3p-gmbh.de\/pt-br\/produkt\/4-bolsas-pequeno-formato-maquina-dobravel-farmaceutica-guia-fa-35-4-sva-35-var-inserivel-pequeno-formato-guia-de-entrega-de-pe-ks-310\/","title":{"rendered":"M\u00e1quina de dobragem farmac\u00eautica de 4 fivelas GUK FA 35-4-SVA 35 VAR inser\u00edvel de pequeno formato de entrega vertical GUK KS 310"},"content":{"rendered":"<p>4 bolsas M\u00e1quina de dobrar produtos farmac\u00eauticos de pequeno formato GUK FA 35-4-SVA 35 VAR<br \/>\nRolos dobr\u00e1veis novos em 2015<br \/>\nM\u00e1quina revista em bom estado<\/p>\n<p>&#8211; Alimentador autom\u00e1tico de tambor SVA para pap\u00e9is de 30 &#8211; 180 g\/m\u00b2<br \/>\n&#8211; Contador IZVA 366 T<br \/>\n&#8211; Unidade de dobragem 1 com 4 bolsas Largura de alimenta\u00e7\u00e3o de 35 cm e 4 bolsas cegas<br \/>\n&#8211; entrega vertical suspensa de pequeno formato GUK KS 310<\/p>\n<p>-MA\u00e1schinenhandbuch<\/p>\n<p>formato m\u00e1ximo da esta\u00e7\u00e3o I: 32 x 65 cm<br \/>\nmin Formato Esta\u00e7\u00e3o I: 6 x 9 cm<br \/>\nDobra mais pequena: 15 mm<\/p>\n","protected":false},"excerpt":{"rendered":"<p>4 bolsas M\u00e1quina de dobrar produtos farmac\u00eauticos de pequeno formato GUK FA 35-4-SVA 35 VAR Rolos dobr\u00e1veis novos em 2015 M\u00e1quina revista em bom estado &#8211; Alimentador autom\u00e1tico de tambor SVA para pap\u00e9is de 30 &#8211; 180 g\/m\u00b2 &#8211; Contador IZVA 366 T &#8211; Unidade de dobragem 1 com 4 bolsas Largura de alimenta\u00e7\u00e3o de [&hellip;]<\/p>\n","protected":false},"featured_media":76965,"template":"","meta":[],"product_brand":[],"product_cat":[2979],"product_tag":[],"class_list":{"0":"post-91449","1":"product","2":"type-product","3":"status-publish","4":"has-post-thumbnail","6":"product_cat-maquinas-de-dobrar","7":"pa_hersteller-grieser-kunzmann-guk","8":"pa_typ-guk-fa-35-4-sva-35-var","10":"first","11":"outofstock","12":"sold-individually","13":"taxable","14":"shipping-taxable","15":"purchasable","16":"product-type-simple"},"jetpack_sharing_enabled":true,"_links":{"self":[{"href":"https:\/\/www.3p-gmbh.de\/pt-br\/wp-json\/wp\/v2\/product\/91449","targetHints":{"allow":["GET"]}}],"collection":[{"href":"https:\/\/www.3p-gmbh.de\/pt-br\/wp-json\/wp\/v2\/product"}],"about":[{"href":"https:\/\/www.3p-gmbh.de\/pt-br\/wp-json\/wp\/v2\/types\/product"}],"wp:featuredmedia":[{"embeddable":true,"href":"https:\/\/www.3p-gmbh.de\/pt-br\/wp-json\/wp\/v2\/media\/76965"}],"wp:attachment":[{"href":"https:\/\/www.3p-gmbh.de\/pt-br\/wp-json\/wp\/v2\/media?parent=91449"}],"wp:term":[{"taxonomy":"product_brand","embeddable":true,"href":"https:\/\/www.3p-gmbh.de\/pt-br\/wp-json\/wp\/v2\/product_brand?post=91449"},{"taxonomy":"product_cat","embeddable":true,"href":"https:\/\/www.3p-gmbh.de\/pt-br\/wp-json\/wp\/v2\/product_cat?post=91449"},{"taxonomy":"product_tag","embeddable":true,"href":"https:\/\/www.3p-gmbh.de\/pt-br\/wp-json\/wp\/v2\/product_tag?post=91449"}],"curies":[{"name":"wp","href":"https:\/\/api.w.org\/{rel}","templated":true}]}}